{"id":769459,"date":"2025-08-28T13:55:51","date_gmt":"2025-08-28T10:55:51","guid":{"rendered":"https:\/\/roveyayinevi.com.tr\/index.php\/urun\/iran-ve-iranlilarin-tarihi\/"},"modified":"2026-04-15T03:35:42","modified_gmt":"2026-04-15T00:35:42","slug":"iran-ve-iranlilarin-tarihi","status":"publish","type":"product","link":"https:\/\/roveyayinevi.com.tr\/index.php\/urun\/iran-ve-iranlilarin-tarihi\/","title":{"rendered":"\u0130ran ve \u0130ranl\u0131lar\u0131n Tarihi"},"content":{"rendered":"<p>\u0130ranl\u0131lar d\u00fcnyan\u0131n en eski halklar\u0131ndan biridir. Yakla\u015f\u0131k \u00fc\u00e7 bin y\u0131ll\u0131k bir ge\u00e7mi\u015fe sahiptirler. \u0130ki bin be\u015f y\u00fcz y\u0131ld\u0131r da tarih sahnesindedirler. Yunanlar, Araplar, T\u00fcrkler ve Mo\u011follar\u0131n sald\u0131r\u0131 ve istilalar\u0131 kar\u015f\u0131s\u0131nda ayakta kalmay\u0131 ba\u015farabilmi\u015f; tarihi, k\u00fclt\u00fcr\u00fc ve edebiyat\u0131yla bir\u00e7ok halk \u00fczerinde derin izler b\u0131rakm\u0131\u015flard\u0131r.   \u0130ran tarihi evrensel tarih a\u00e7\u0131s\u0131ndan b\u00fcy\u00fck bir \u00f6neme sahiptir. Bu konuda bilgi sahibi olmak isteyen her ara\u015ft\u0131rmac\u0131 i\u00e7in bu tarih bir ba\u015flang\u0131\u00e7 noktas\u0131 say\u0131l\u0131r. \u0130ranl\u0131 m\u00fcneccim-krallar, yani Maglar \u0130sa peygamberin be\u015fi\u011finin ba\u015f\u0131nda beklemi\u015flerdir. \u0130ncil\u2019in Babil\u2019e s\u00fcrg\u00fcn b\u00f6l\u00fcm\u00fcnde Ahameni\u015flerin kurucusu B\u00fcy\u00fck Kiros\u2019un ferman\u0131yla kar\u015f\u0131la\u015f\u0131r\u0131z. Herodotos ilkin bir \u0130ran tebaas\u0131 olarak d\u00fcnyaya bakm\u0131\u015ft\u0131r. Darius\u2019un B\u00fcy\u00fck \u0130skender ile sava\u015f\u0131n\u0131 g\u00f6z \u00f6n\u00fcnde bulundurmadan Yunan tarihini incelemek m\u00fcmk\u00fcn m\u00fcd\u00fcr? Roma \u0130mparatorlu\u011fu lejyonlar\u0131n\u0131n Parthlara ve Sasanilere kar\u015f\u0131 verdi\u011fi uzun m\u00fccadeleyi kim unutabilir? Peki, Sel\u00e7uklular\u0131n tarihini \u0130ran tarihinden kolayl\u0131kla ay\u0131rabilir miyiz?   Edebiyat\u0131, sanat\u0131, inan\u00e7lar\u0131, Bat\u0131\u2019y\u0131 derinden etkileyen felsefesi ve d\u00fcalizmi ile \u0130ran d\u00fcnyan\u0131n \u00f6nemli bir k\u0131sm\u0131d\u0131r. Zerd\u00fc\u015ft\u2019\u00fcn g\u00f6ksel bir \u00f6n varolu\u015fa sahip oldu\u011fu, d\u00fcnyan\u0131n merkezinde, tarihin ortas\u0131nda, Mazdeizmin tam kalbinde yer alan \u0131\u015f\u0131\u011f\u0131n i\u00e7inde do\u011fdu\u011fu s\u00f6ylenir. Bu sebeple bu inan\u00e7 yery\u00fcz\u00fcnde \u201cihti\u015fam\u0131n \u0131\u015f\u0131\u011f\u0131\u201d(Frava\u015fi) olarak par\u0131ldar. Herat\u2019\u0131n \u00fcnl\u00fc minyat\u00fcr ustalar\u0131, \u0130sfahan\u2019\u0131n saray ve bah\u00e7eleri \u015eiraz\u2019\u0131n \u015fairleri hemen herkesin dilindedir.   \u00d6zellikle T\u00fcrkler ve Mo\u011follar \u00fczerine yapt\u0131\u011f\u0131 \u00e7al\u0131\u015fmalarla tan\u0131nan Jean-Paul Roux, bu kitab\u0131nda bir\u00e7ok imparatorluk ve halk ile kayna\u015fan zengin \u0130ran tarihini yaln\u0131zca kronolojik olarak de\u011fil tarihsel bir bak\u0131\u015f a\u00e7\u0131s\u0131 ve sentez yoluyla anlamay\u0131 dener. <\/p>\n","protected":false},"excerpt":{"rendered":"<p>\u0130ranl\u0131lar d\u00fcnyan\u0131n en eski halklar\u0131ndan biridir. Yakla\u015f\u0131k \u00fc\u00e7 bin y\u0131ll\u0131k bir ge\u00e7mi\u015fe sahiptirler. \u0130ki bin be\u015f y\u00fcz y\u0131ld\u0131r da tarih sahnesindedirler. Yunanlar, Araplar, T\u00fcrkler ve Mo\u011follar\u0131n<span class=\"excerpt-hellip\"> [\u2026]<\/span><\/p>\n","protected":false},"featured_media":0,"template":"","meta":{"_monsterinsights_skip_tracking":false,"_monsterinsights_sitenote_active":false,"_monsterinsights_sitenote_note":"","_monsterinsights_sitenote_category":0},"product_brand":[],"product_cat":[12304],"product_tag":[],"class_list":{"0":"post-769459","1":"product","2":"type-product","3":"status-publish","5":"product_cat-tarih","6":"pa_cilt-ciltsiz","7":"pa_tur-kitap","8":"pa_yayinevi-dogu-bati-yayinlari","9":"pa_yazar-jean-paul-roux","11":"first","12":"instock","13":"sale","14":"shipping-taxable","15":"purchasable","16":"product-type-simple"},"_links":{"self":[{"href":"https:\/\/roveyayinevi.com.tr\/index.php\/wp-json\/wp\/v2\/product\/769459","targetHints":{"allow":["GET"]}}],"collection":[{"href":"https:\/\/roveyayinevi.com.tr\/index.php\/wp-json\/wp\/v2\/product"}],"about":[{"href":"https:\/\/roveyayinevi.com.tr\/index.php\/wp-json\/wp\/v2\/types\/product"}],"wp:attachment":[{"href":"https:\/\/roveyayinevi.com.tr\/index.php\/wp-json\/wp\/v2\/media?parent=769459"}],"wp:term":[{"taxonomy":"product_brand","embeddable":true,"href":"https:\/\/roveyayinevi.com.tr\/index.php\/wp-json\/wp\/v2\/product_brand?post=769459"},{"taxonomy":"product_cat","embeddable":true,"href":"https:\/\/roveyayinevi.com.tr\/index.php\/wp-json\/wp\/v2\/product_cat?post=769459"},{"taxonomy":"product_tag","embeddable":true,"href":"https:\/\/roveyayinevi.com.tr\/index.php\/wp-json\/wp\/v2\/product_tag?post=769459"}],"curies":[{"name":"wp","href":"https:\/\/api.w.org\/{rel}","templated":true}]}}