{"id":769455,"date":"2025-08-28T13:55:43","date_gmt":"2025-08-28T10:55:43","guid":{"rendered":"https:\/\/roveyayinevi.com.tr\/index.php\/urun\/sanat-hirsizligi-ciltli\/"},"modified":"2026-03-12T03:32:37","modified_gmt":"2026-03-12T00:32:37","slug":"sanat-hirsizligi-ciltli","status":"publish","type":"product","link":"https:\/\/roveyayinevi.com.tr\/index.php\/urun\/sanat-hirsizligi-ciltli\/","title":{"rendered":"Sanat H\u0131rs\u0131zl\u0131\u011f\u0131 (Ciltli)"},"content":{"rendered":"<p>Susie Hodge\u2019un rehberli\u011finde sanat h\u0131rs\u0131zl\u0131\u011f\u0131n\u0131n karanl\u0131k d\u00fcnyas\u0131nda nefes kesici bir yolculu\u011fa haz\u0131rlan\u0131n. Hodge bu b\u00fcy\u00fcleyici \u00e7al\u0131\u015fmas\u0131nda yeri doldurulamayacak elliden fazla ba\u015fyap\u0131t\u0131n kaybolu\u015funun ard\u0131ndaki gizemleri derinlemesine ara\u015ft\u0131r\u0131yor. Sanat H\u0131rs\u0131zl\u0131\u011f\u0131 titiz bir inceleme ve merak uyand\u0131ran bir anlat\u0131mla her bir h\u0131rs\u0131zl\u0131k olay\u0131n\u0131n gizem perdesini aral\u0131yor, bu su\u00e7lara neden olan ko\u015fullar\u0131 ve motivasyonlar\u0131 irdeliyor. Ger\u00e7e\u011fi ortaya \u00e7\u0131karma aray\u0131\u015f\u0131nda c\u00fcretk\u00e2r soygunlardan karma\u015f\u0131k planlara incelenmedik tek bir ayr\u0131nt\u0131 bile b\u0131rakm\u0131yor. <\/p>\n","protected":false},"excerpt":{"rendered":"<p>Susie Hodge\u2019un rehberli\u011finde sanat h\u0131rs\u0131zl\u0131\u011f\u0131n\u0131n karanl\u0131k d\u00fcnyas\u0131nda nefes kesici bir yolculu\u011fa haz\u0131rlan\u0131n. Hodge bu b\u00fcy\u00fcleyici \u00e7al\u0131\u015fmas\u0131nda yeri doldurulamayacak elliden fazla ba\u015fyap\u0131t\u0131n kaybolu\u015funun ard\u0131ndaki gizemleri derinlemesine ara\u015ft\u0131r\u0131yor.<span class=\"excerpt-hellip\"> [\u2026]<\/span><\/p>\n","protected":false},"featured_media":0,"template":"","meta":{"_monsterinsights_skip_tracking":false,"_monsterinsights_sitenote_active":false,"_monsterinsights_sitenote_note":"","_monsterinsights_sitenote_category":0},"product_brand":[],"product_cat":[12408,14197],"product_tag":[],"class_list":{"0":"post-769455","1":"product","2":"type-product","3":"status-publish","5":"product_cat-sanat","6":"product_cat-sanat-tarihi","7":"pa_cilt-ciltli","8":"pa_tur-kitap","9":"pa_yayinevi-hayalperest-yayinlari","10":"pa_yazar-susie-hodge","12":"first","13":"instock","14":"sale","15":"shipping-taxable","16":"purchasable","17":"product-type-simple"},"_links":{"self":[{"href":"https:\/\/roveyayinevi.com.tr\/index.php\/wp-json\/wp\/v2\/product\/769455","targetHints":{"allow":["GET"]}}],"collection":[{"href":"https:\/\/roveyayinevi.com.tr\/index.php\/wp-json\/wp\/v2\/product"}],"about":[{"href":"https:\/\/roveyayinevi.com.tr\/index.php\/wp-json\/wp\/v2\/types\/product"}],"wp:attachment":[{"href":"https:\/\/roveyayinevi.com.tr\/index.php\/wp-json\/wp\/v2\/media?parent=769455"}],"wp:term":[{"taxonomy":"product_brand","embeddable":true,"href":"https:\/\/roveyayinevi.com.tr\/index.php\/wp-json\/wp\/v2\/product_brand?post=769455"},{"taxonomy":"product_cat","embeddable":true,"href":"https:\/\/roveyayinevi.com.tr\/index.php\/wp-json\/wp\/v2\/product_cat?post=769455"},{"taxonomy":"product_tag","embeddable":true,"href":"https:\/\/roveyayinevi.com.tr\/index.php\/wp-json\/wp\/v2\/product_tag?post=769455"}],"curies":[{"name":"wp","href":"https:\/\/api.w.org\/{rel}","templated":true}]}}