{"id":769452,"date":"2025-08-28T13:55:37","date_gmt":"2025-08-28T10:55:37","guid":{"rendered":"https:\/\/roveyayinevi.com.tr\/index.php\/urun\/husserl-fenomenolojisinde-goru-teorisi\/"},"modified":"2026-04-15T03:35:42","modified_gmt":"2026-04-15T00:35:42","slug":"husserl-fenomenolojisinde-goru-teorisi","status":"publish","type":"product","link":"https:\/\/roveyayinevi.com.tr\/index.php\/urun\/husserl-fenomenolojisinde-goru-teorisi\/","title":{"rendered":"Husserl Fenomenolojisinde G\u00f6r\u00fc Teorisi"},"content":{"rendered":"<p>Levinas\u2019\u0131n 1930 y\u0131l\u0131nda Strasbourg \u00dcniversitesinde savundu\u011fu doktora tezi olan bu kitap, Fransa\u2019da yay\u0131mland\u0131\u011f\u0131 s\u0131rada Husserl fenomenolojisi neredeyse hi\u00e7 tan\u0131nmamaktad\u0131r. Bu bak\u0131mdan fenomenolojinin Fransa\u2019daki temellerini att\u0131\u011f\u0131n\u0131 s\u00f6ylemek yanl\u0131\u015f olmayacakt\u0131r. Ayr\u0131ca, Husserl\u2019i \u00f6\u011frencisi Heidegger \u00fczerinden yorumlayan Levinas, bu yolla yaln\u0131zca Husserl\u2019i de\u011fil, Heidegger\u2019i de tan\u0131tm\u0131\u015ft\u0131r. Bug\u00fcn h\u00e2l\u00e2 fenomenolojiye, \u00f6zellikle Husserl fenomenolojisine giri\u015f i\u00e7in \u00f6nemli bir kaynak olarak g\u00f6sterilen bu kitap, Frans\u0131z fenomenolojisinin tarihsel geli\u015fimini kavramak, Husserl fenomenolojisinin temel kavramlar\u0131yla tan\u0131\u015fmak ve Heidegger\u2019in bu fenomenolojiye getirdi\u011fi yenilikleri anlamak i\u00e7in iyi bir rehber oldu\u011fu kadar Levinas\u2019\u0131n kendi felsefesinin kurucu unsurlar\u0131 hakk\u0131nda ipu\u00e7lar\u0131 vermesi a\u00e7\u0131s\u0131ndan da \u00f6nemlidir. <\/p>\n","protected":false},"excerpt":{"rendered":"<p>Levinas\u2019\u0131n 1930 y\u0131l\u0131nda Strasbourg \u00dcniversitesinde savundu\u011fu doktora tezi olan bu kitap, Fransa\u2019da yay\u0131mland\u0131\u011f\u0131 s\u0131rada Husserl fenomenolojisi neredeyse hi\u00e7 tan\u0131nmamaktad\u0131r. Bu bak\u0131mdan fenomenolojinin Fransa\u2019daki temellerini att\u0131\u011f\u0131n\u0131 s\u00f6ylemek<span class=\"excerpt-hellip\"> [\u2026]<\/span><\/p>\n","protected":false},"featured_media":0,"template":"","meta":{"_monsterinsights_skip_tracking":false,"_monsterinsights_sitenote_active":false,"_monsterinsights_sitenote_note":"","_monsterinsights_sitenote_category":0},"product_brand":[],"product_cat":[20351,12388],"product_tag":[],"class_list":{"0":"post-769452","1":"product","2":"type-product","3":"status-publish","5":"product_cat-dusunce","6":"product_cat-felsefe","7":"pa_cilt-ciltsiz","8":"pa_tur-kitap","9":"pa_yayinevi-alfa-yayinlari","10":"pa_yazar-emmanuel-levinas","12":"first","13":"instock","14":"sale","15":"shipping-taxable","16":"purchasable","17":"product-type-simple"},"_links":{"self":[{"href":"https:\/\/roveyayinevi.com.tr\/index.php\/wp-json\/wp\/v2\/product\/769452","targetHints":{"allow":["GET"]}}],"collection":[{"href":"https:\/\/roveyayinevi.com.tr\/index.php\/wp-json\/wp\/v2\/product"}],"about":[{"href":"https:\/\/roveyayinevi.com.tr\/index.php\/wp-json\/wp\/v2\/types\/product"}],"wp:attachment":[{"href":"https:\/\/roveyayinevi.com.tr\/index.php\/wp-json\/wp\/v2\/media?parent=769452"}],"wp:term":[{"taxonomy":"product_brand","embeddable":true,"href":"https:\/\/roveyayinevi.com.tr\/index.php\/wp-json\/wp\/v2\/product_brand?post=769452"},{"taxonomy":"product_cat","embeddable":true,"href":"https:\/\/roveyayinevi.com.tr\/index.php\/wp-json\/wp\/v2\/product_cat?post=769452"},{"taxonomy":"product_tag","embeddable":true,"href":"https:\/\/roveyayinevi.com.tr\/index.php\/wp-json\/wp\/v2\/product_tag?post=769452"}],"curies":[{"name":"wp","href":"https:\/\/api.w.org\/{rel}","templated":true}]}}