{"id":769448,"date":"2025-08-28T13:55:30","date_gmt":"2025-08-28T10:55:30","guid":{"rendered":"https:\/\/roveyayinevi.com.tr\/index.php\/urun\/hashas\/"},"modified":"2026-04-15T03:35:42","modified_gmt":"2026-04-15T00:35:42","slug":"hashas","status":"publish","type":"product","link":"https:\/\/roveyayinevi.com.tr\/index.php\/urun\/hashas\/","title":{"rendered":"Ha\u015fha\u015f"},"content":{"rendered":"<p>Sosyal hayat, s\u00fcrekli devinim sa\u011flayan, zaman ve mek\u00e2na ba\u011fl\u0131 olarak farkl\u0131l\u0131klar g\u00f6steren bir b\u00fct\u00fcnd\u00fcr. Birey, zaman, yap\u0131 ve \u00e7evre gibi ko\u015fullar\u0131 dikkate almadan yap\u0131lacak her analiz, b\u00fct\u00fcn\u00fc anlama ve a\u00e7\u0131klama noktas\u0131nda yetersiz kal\u0131r. Ge\u00e7mi\u015f de\u011fi\u015ftirilemez olsa da ge\u00e7mi\u015fe dair bilgiler g\u00fcncellenebilir. Bu g\u00fcncelleme, tarihe sosyal boyutu esas alarak bakmakla m\u00fcmk\u00fcnd\u00fcr. Klasik tarih anlay\u0131\u015f\u0131, sosyal hayat\u0131n ger\u00e7eklerini anlamak ve a\u00e7\u0131klamak i\u00e7in yeterli olmayabilir. Bu sebeple, tarih disiplinine yeni bir bak\u0131\u015f a\u00e7\u0131s\u0131 getirmeye \u00e7al\u0131\u015fan sosyal tarih metodundan yararlanmak gerekir. Tarihi; sava\u015flar, devletler ve \u00f6nemli ki\u015filer \u00fczerinden anlaman\u0131n yeterli olmayaca\u011f\u0131n\u0131 iddia eden bu metot, sosyoloji bilimine de derin katk\u0131lar sunmaktad\u0131r. Bir nesne \u00fczerinden sosyal tarih okumas\u0131 yapmak anlam\u0131na gelen bu \u00e7al\u0131\u015fma, afyon bitkisinin sosyal, siyasal ve k\u00fclt\u00fcrel alanda ne gibi etkiler do\u011furdu\u011funu ke\u015ffetmeyi ama\u00e7lar. Toplumsal hayat i\u00e7erisinde derin bir yeri olan afyon, klasik tarih yaz\u0131n\u0131 i\u00e7erisinde yeterince a\u00e7\u0131klanamayan, g\u00f6zden ka\u00e7an pek \u00e7ok hususun anla\u015f\u0131lmas\u0131na imk\u00e2n tan\u0131m\u0131\u015ft\u0131r. Afyon, bir gezgin edas\u0131 ile \u00c7in\u2019den, Hindistan\u2019a M\u0131s\u0131r\u2019dan Fransa\u2019ya kadar k\u0131talar ve \u00fclkeler gezmi\u015f, her birinin sosyal, siyasal ve k\u00fclt\u00fcrel hayat\u0131na tan\u0131kl\u0131k ederek, klasik tarih anlay\u0131\u015f\u0131n\u0131n eksik b\u0131rakt\u0131\u011f\u0131 pek \u00e7ok hususun anla\u015f\u0131lmas\u0131na yarayan bilgiler edinmi\u015ftir. Keyifli bir okuma \u00fcslubu sunmak gayreti ile haz\u0131rlanan bu \u00e7al\u0131\u015fman\u0131n, sosyoloji yaz\u0131n\u0131na katk\u0131 sunmas\u0131 umulmaktad\u0131r. <\/p>\n","protected":false},"excerpt":{"rendered":"<p>Sosyal hayat, s\u00fcrekli devinim sa\u011flayan, zaman ve mek\u00e2na ba\u011fl\u0131 olarak farkl\u0131l\u0131klar g\u00f6steren bir b\u00fct\u00fcnd\u00fcr. Birey, zaman, yap\u0131 ve \u00e7evre gibi ko\u015fullar\u0131 dikkate almadan yap\u0131lacak her analiz,<span class=\"excerpt-hellip\"> [\u2026]<\/span><\/p>\n","protected":false},"featured_media":0,"template":"","meta":{"_monsterinsights_skip_tracking":false,"_monsterinsights_sitenote_active":false,"_monsterinsights_sitenote_note":"","_monsterinsights_sitenote_category":0},"product_brand":[],"product_cat":[12304],"product_tag":[],"class_list":{"0":"post-769448","1":"product","2":"type-product","3":"status-publish","5":"product_cat-tarih","6":"pa_cilt-ciltsiz","7":"pa_tur-kitap","8":"pa_yayinevi-orion-kitabevi","9":"pa_yazar-murat-karakoyunlu","11":"first","12":"instock","13":"sale","14":"shipping-taxable","15":"purchasable","16":"product-type-simple"},"_links":{"self":[{"href":"https:\/\/roveyayinevi.com.tr\/index.php\/wp-json\/wp\/v2\/product\/769448","targetHints":{"allow":["GET"]}}],"collection":[{"href":"https:\/\/roveyayinevi.com.tr\/index.php\/wp-json\/wp\/v2\/product"}],"about":[{"href":"https:\/\/roveyayinevi.com.tr\/index.php\/wp-json\/wp\/v2\/types\/product"}],"wp:attachment":[{"href":"https:\/\/roveyayinevi.com.tr\/index.php\/wp-json\/wp\/v2\/media?parent=769448"}],"wp:term":[{"taxonomy":"product_brand","embeddable":true,"href":"https:\/\/roveyayinevi.com.tr\/index.php\/wp-json\/wp\/v2\/product_brand?post=769448"},{"taxonomy":"product_cat","embeddable":true,"href":"https:\/\/roveyayinevi.com.tr\/index.php\/wp-json\/wp\/v2\/product_cat?post=769448"},{"taxonomy":"product_tag","embeddable":true,"href":"https:\/\/roveyayinevi.com.tr\/index.php\/wp-json\/wp\/v2\/product_tag?post=769448"}],"curies":[{"name":"wp","href":"https:\/\/api.w.org\/{rel}","templated":true}]}}