{"id":769447,"date":"2025-08-28T13:55:28","date_gmt":"2025-08-28T10:55:28","guid":{"rendered":"https:\/\/roveyayinevi.com.tr\/index.php\/urun\/turk-yunan-iliskilerinin-psikopolitigi\/"},"modified":"2026-04-15T03:35:42","modified_gmt":"2026-04-15T00:35:42","slug":"turk-yunan-iliskilerinin-psikopolitigi","status":"publish","type":"product","link":"https:\/\/roveyayinevi.com.tr\/index.php\/urun\/turk-yunan-iliskilerinin-psikopolitigi\/","title":{"rendered":"T\u00fcrk Yunan \u0130li\u015fkilerinin Psikopoliti\u011fi"},"content":{"rendered":"<p>Psikoloji alan\u0131nda oldu\u011fu gibi politikada da \u201cinsan davran\u0131\u015f\u0131\u201d b\u00fcy\u00fck \u00f6nem arz etmektedir. Olaylar ve olgular kar\u015f\u0131s\u0131nda g\u00f6sterilen birtak\u0131m s\u00f6zel ya da davran\u0131\u015fsal tav\u0131rlar do\u011frudan bireylerin ve kitlelerin d\u00fc\u015f\u00fcncelerini y\u00f6nlendirmektedir. Bu nedenle g\u00fcn\u00fcm\u00fczde iki ayr\u0131 bilim olan siyaset bilimi ile psikoloji biliminin \u00e7al\u0131\u015fmalar\u0131 ortak nokta olan Politik Psikoloji\u2019de bulu\u015fmu\u015ftur. Uluslararas\u0131 ili\u015fkilerin Psikoloji disiplininden yararlanarak irdelenmesi de \u00fclkeler aras\u0131 ili\u015fkilerin farkl\u0131 boyutlar\u0131na bir pencere a\u00e7maktad\u0131r. Politik Psikoloji disiplinine \u00f6nemli bir katk\u0131 sa\u011flayan bu akademik \u00e7al\u0131\u015fma; Kendilik ve ulus kimli\u011fi, tarihsel ma\u011fduriyetler, tarihsel d\u00fc\u015fmanl\u0131k, \u201c\u00d6teki\u2019ne\u201d kar\u015f\u0131 tutumlar\u0131n ku\u015faktan ku\u015fa\u011fa aktar\u0131m\u0131, yas tutma\/tutamama, geni\u015f grup kimli\u011fi, se\u00e7ilmi\u015f zafer, se\u00e7ilmi\u015f travma, anksiyete, yaralanm\u0131\u015f \u00f6zsayg\u0131, etnik kimlik gibi geni\u015f kapsaml\u0131 konular\u0131 Politik Psikoloji \u00fczerinden yorumlayarak b\u00fcy\u00fck bir tarihi ge\u00e7mi\u015fe sahip T\u00fcrk ve Yunan milletlerinin ulusal haf\u0131zalar\u0131nda yer edinen tarihsel olaylar\u0131n b\u0131rakm\u0131\u015f oldu\u011fu izlere odaklanm\u0131\u015ft\u0131r.<\/p>\n","protected":false},"excerpt":{"rendered":"<p>Psikoloji alan\u0131nda oldu\u011fu gibi politikada da \u201cinsan davran\u0131\u015f\u0131\u201d b\u00fcy\u00fck \u00f6nem arz etmektedir. Olaylar ve olgular kar\u015f\u0131s\u0131nda g\u00f6sterilen birtak\u0131m s\u00f6zel ya da davran\u0131\u015fsal tav\u0131rlar do\u011frudan bireylerin ve<span class=\"excerpt-hellip\"> [\u2026]<\/span><\/p>\n","protected":false},"featured_media":0,"template":"","meta":{"_monsterinsights_skip_tracking":false,"_monsterinsights_sitenote_active":false,"_monsterinsights_sitenote_note":"","_monsterinsights_sitenote_category":0},"product_brand":[],"product_cat":[12337],"product_tag":[],"class_list":{"0":"post-769447","1":"product","2":"type-product","3":"status-publish","5":"product_cat-politika-siyaset","6":"pa_cilt-ciltsiz","7":"pa_tur-kitap","8":"pa_yayinevi-orion-kitabevi","9":"pa_yazar-yasemin-naz","11":"first","12":"instock","13":"sale","14":"shipping-taxable","15":"purchasable","16":"product-type-simple"},"_links":{"self":[{"href":"https:\/\/roveyayinevi.com.tr\/index.php\/wp-json\/wp\/v2\/product\/769447","targetHints":{"allow":["GET"]}}],"collection":[{"href":"https:\/\/roveyayinevi.com.tr\/index.php\/wp-json\/wp\/v2\/product"}],"about":[{"href":"https:\/\/roveyayinevi.com.tr\/index.php\/wp-json\/wp\/v2\/types\/product"}],"wp:attachment":[{"href":"https:\/\/roveyayinevi.com.tr\/index.php\/wp-json\/wp\/v2\/media?parent=769447"}],"wp:term":[{"taxonomy":"product_brand","embeddable":true,"href":"https:\/\/roveyayinevi.com.tr\/index.php\/wp-json\/wp\/v2\/product_brand?post=769447"},{"taxonomy":"product_cat","embeddable":true,"href":"https:\/\/roveyayinevi.com.tr\/index.php\/wp-json\/wp\/v2\/product_cat?post=769447"},{"taxonomy":"product_tag","embeddable":true,"href":"https:\/\/roveyayinevi.com.tr\/index.php\/wp-json\/wp\/v2\/product_tag?post=769447"}],"curies":[{"name":"wp","href":"https:\/\/api.w.org\/{rel}","templated":true}]}}