{"id":769444,"date":"2025-08-28T13:55:22","date_gmt":"2025-08-28T10:55:22","guid":{"rendered":"https:\/\/roveyayinevi.com.tr\/index.php\/urun\/kelebekler-ucmak-isterse\/"},"modified":"2026-04-15T03:35:42","modified_gmt":"2026-04-15T00:35:42","slug":"kelebekler-ucmak-isterse","status":"publish","type":"product","link":"https:\/\/roveyayinevi.com.tr\/index.php\/urun\/kelebekler-ucmak-isterse\/","title":{"rendered":"Kelebekler U\u00e7mak \u0130sterse"},"content":{"rendered":"<p>Merve, dil \u00f6\u011frenmek ve hayat\u0131na yeni bir y\u00f6n vermek i\u00e7in Fransa&#8217;n\u0131n b\u00fcy\u00fcleyici kasabalar\u0131ndan biri olan Colmar&#8217;a gelir. Dil okulunda Frans\u0131zca \u00f6\u011frenirken arta kalan vakitlerinde ise bir pastanenin tatl\u0131 tela\u015f\u0131nda kaybolur.   Pastaneye gelen gizemli bir m\u00fc\u015fteriyle tan\u0131\u015fmas\u0131, kalbini bir ikileme s\u00fcr\u00fckler: Bu his, yeni bir \u015fehre \u00f6zg\u00fc ge\u00e7ici bir heyecan m\u0131, yoksa ger\u00e7ek bir a\u015fk m\u0131? Ayn\u0131 zamanda, yan\u0131nda kald\u0131\u011f\u0131 aile ve yeni kurdu\u011fu dostluklar, onun hayat\u0131na s\u0131cak ama karma\u015f\u0131k bir renk katar.   Merve&#8217;nin Colmar&#8217;da att\u0131\u011f\u0131 her ad\u0131m, kendisiyle ve hayat\u0131n k\u00fc\u00e7\u00fck s\u00fcrprizleriyle ilgili yeni bir \u015fey ke\u015ffetmesini sa\u011flar. Bu kitap, bir \u015fehirde kaybolman\u0131n asl\u0131nda kendini bulmak oldu\u011funu hat\u0131rlatan s\u0131cac\u0131k bir hik\u00e2ye\u2026<\/p>\n","protected":false},"excerpt":{"rendered":"<p>Merve, dil \u00f6\u011frenmek ve hayat\u0131na yeni bir y\u00f6n vermek i\u00e7in Fransa&#8217;n\u0131n b\u00fcy\u00fcleyici kasabalar\u0131ndan biri olan Colmar&#8217;a gelir. Dil okulunda Frans\u0131zca \u00f6\u011frenirken arta kalan vakitlerinde ise bir<span class=\"excerpt-hellip\"> [\u2026]<\/span><\/p>\n","protected":false},"featured_media":0,"template":"","meta":{"_monsterinsights_skip_tracking":false,"_monsterinsights_sitenote_active":false,"_monsterinsights_sitenote_note":"","_monsterinsights_sitenote_category":0},"product_brand":[],"product_cat":[12291,12711],"product_tag":[],"class_list":{"0":"post-769444","1":"product","2":"type-product","3":"status-publish","5":"product_cat-edebiyat","6":"product_cat-roman-oyku","7":"pa_cilt-ciltsiz","8":"pa_tur-kitap","9":"pa_yayinevi-elpis-yayinlari","10":"pa_yazar-yagiz-yuruker","12":"first","13":"instock","14":"sale","15":"shipping-taxable","16":"purchasable","17":"product-type-simple"},"_links":{"self":[{"href":"https:\/\/roveyayinevi.com.tr\/index.php\/wp-json\/wp\/v2\/product\/769444","targetHints":{"allow":["GET"]}}],"collection":[{"href":"https:\/\/roveyayinevi.com.tr\/index.php\/wp-json\/wp\/v2\/product"}],"about":[{"href":"https:\/\/roveyayinevi.com.tr\/index.php\/wp-json\/wp\/v2\/types\/product"}],"wp:attachment":[{"href":"https:\/\/roveyayinevi.com.tr\/index.php\/wp-json\/wp\/v2\/media?parent=769444"}],"wp:term":[{"taxonomy":"product_brand","embeddable":true,"href":"https:\/\/roveyayinevi.com.tr\/index.php\/wp-json\/wp\/v2\/product_brand?post=769444"},{"taxonomy":"product_cat","embeddable":true,"href":"https:\/\/roveyayinevi.com.tr\/index.php\/wp-json\/wp\/v2\/product_cat?post=769444"},{"taxonomy":"product_tag","embeddable":true,"href":"https:\/\/roveyayinevi.com.tr\/index.php\/wp-json\/wp\/v2\/product_tag?post=769444"}],"curies":[{"name":"wp","href":"https:\/\/api.w.org\/{rel}","templated":true}]}}