{"id":769443,"date":"2025-08-28T13:55:20","date_gmt":"2025-08-28T10:55:20","guid":{"rendered":"https:\/\/roveyayinevi.com.tr\/index.php\/urun\/icinde-ben-olmayan\/"},"modified":"2026-04-15T03:35:42","modified_gmt":"2026-04-15T00:35:42","slug":"icinde-ben-olmayan","status":"publish","type":"product","link":"https:\/\/roveyayinevi.com.tr\/index.php\/urun\/icinde-ben-olmayan\/","title":{"rendered":"\u0130\u00e7inde Ben Olmayan"},"content":{"rendered":"<p>Ya\u015fl\u0131 adam Urijah&#8217;a \u00f6ylece bakt\u0131. \u201cBiliyor musun? \u0130lk olarak d\u00fcnyay\u0131 sadece bir \u015fehirden ibaret g\u00f6rmek hata olur. Bir dakikadan, bir \u00f6m\u00fcrden ibaret g\u00f6rmek de\u2026 Bir a\u015fk, bir hayal, bir ev\u2026 Her \u015feyin bir yede\u011fi, bir B plan\u0131 olmal\u0131 kendinin bile.  Kendinden memnun olmad\u0131\u011f\u0131nda onun yerine ba\u015fka bir sen bulundurmal\u0131s\u0131n elinin alt\u0131nda.\u201d &#8221;O zaman buna kendi ya\u015fam\u0131n diyebilir misin? \u0130stedi\u011fin bir hayalin yede\u011fini bulundurmak onu elde etme inanc\u0131n\u0131n olmad\u0131\u011f\u0131n\u0131 g\u00f6stermez mi? Bu da bizzat kendine hakaret olur. Birini sevdi\u011finde de bu ge\u00e7erli, bir \u015feyi sevdi\u011finde de. Kendime ne kadar k\u0131zsam da \u00f6n\u00fcme bir ba\u015fka ben sunulmu\u015f olsayd\u0131 onu kabul edemezdim san\u0131r\u0131m.&#8221;     BAZILARI \u0130\u00c7\u0130N \u0130K\u0130NC\u0130 B\u0130R D\u00dcNYA \u0130K\u0130NC\u0130 B\u0130R \u015eANSTI. BAZILARI \u0130\u00c7\u0130NSE \u0130K\u0130NC\u0130 B\u0130R LANET. URIJAH \u0130K\u0130 BEDEN VE \u0130K\u0130 EVREN ARASINDA G\u0130D\u0130P GEL\u0130RKEN HER \u015eEY DAHA DA KARMA\u015eIK B\u0130R HALE GEL\u0130R. BELK\u0130 DE URIJAH&#8217;IN OLDU\u011eU HER YER\u0130N SONU KARANLIKTIR. BELK\u0130 DE ONA \u0130\u00c7\u0130NDE ONUN OLMADI\u011eI B\u0130R D\u00dcNYA GEREKL\u0130D\u0130R.<\/p>\n","protected":false},"excerpt":{"rendered":"<p>Ya\u015fl\u0131 adam Urijah&#8217;a \u00f6ylece bakt\u0131. \u201cBiliyor musun? \u0130lk olarak d\u00fcnyay\u0131 sadece bir \u015fehirden ibaret g\u00f6rmek hata olur. Bir dakikadan, bir \u00f6m\u00fcrden ibaret g\u00f6rmek de\u2026 Bir a\u015fk,<span class=\"excerpt-hellip\"> [\u2026]<\/span><\/p>\n","protected":false},"featured_media":0,"template":"","meta":{"_monsterinsights_skip_tracking":false,"_monsterinsights_sitenote_active":false,"_monsterinsights_sitenote_note":"","_monsterinsights_sitenote_category":0},"product_brand":[],"product_cat":[12540,12291],"product_tag":[],"class_list":{"0":"post-769443","1":"product","2":"type-product","3":"status-publish","5":"product_cat-bilim-kurgu","6":"product_cat-edebiyat","7":"pa_cilt-ciltsiz","8":"pa_tur-kitap","9":"pa_yayinevi-perseus","10":"pa_yazar-ugur-apcin","12":"first","13":"instock","14":"sale","15":"shipping-taxable","16":"purchasable","17":"product-type-simple"},"_links":{"self":[{"href":"https:\/\/roveyayinevi.com.tr\/index.php\/wp-json\/wp\/v2\/product\/769443","targetHints":{"allow":["GET"]}}],"collection":[{"href":"https:\/\/roveyayinevi.com.tr\/index.php\/wp-json\/wp\/v2\/product"}],"about":[{"href":"https:\/\/roveyayinevi.com.tr\/index.php\/wp-json\/wp\/v2\/types\/product"}],"wp:attachment":[{"href":"https:\/\/roveyayinevi.com.tr\/index.php\/wp-json\/wp\/v2\/media?parent=769443"}],"wp:term":[{"taxonomy":"product_brand","embeddable":true,"href":"https:\/\/roveyayinevi.com.tr\/index.php\/wp-json\/wp\/v2\/product_brand?post=769443"},{"taxonomy":"product_cat","embeddable":true,"href":"https:\/\/roveyayinevi.com.tr\/index.php\/wp-json\/wp\/v2\/product_cat?post=769443"},{"taxonomy":"product_tag","embeddable":true,"href":"https:\/\/roveyayinevi.com.tr\/index.php\/wp-json\/wp\/v2\/product_tag?post=769443"}],"curies":[{"name":"wp","href":"https:\/\/api.w.org\/{rel}","templated":true}]}}