{"id":769441,"date":"2025-08-28T13:55:15","date_gmt":"2025-08-28T10:55:15","guid":{"rendered":"https:\/\/roveyayinevi.com.tr\/index.php\/urun\/eylul-23\/"},"modified":"2026-04-15T03:35:42","modified_gmt":"2026-04-15T00:35:42","slug":"eylul-23","status":"publish","type":"product","link":"https:\/\/roveyayinevi.com.tr\/index.php\/urun\/eylul-23\/","title":{"rendered":"Eyl\u00fcl"},"content":{"rendered":"<p>\u201cBir eyl\u00fcl okulun a\u00e7\u0131l\u0131\u015f\u0131 ile birlikte, ilk annesi ile tan\u0131\u015ft\u0131m bizim Eyl\u00fcl&#8217;\u00fcn. O i\u00e7 s\u0131k\u0131nt\u0131s\u0131yla yan\u0131ma sokulup kendini tan\u0131tan kad\u0131n, k\u0131z\u0131n\u0131n \u00f6zel durumunu bana anlatm\u0131\u015ft\u0131. A tipik otizmli\u2026 Her zamanki \u00e7okbilmi\u015fli\u011fim ile \u00fcst\u00fcn k\u00f6r\u00fc dinlemi\u015f, gerekli odaklanmay\u0131 ba\u015faramad\u0131\u011f\u0131m i\u00e7in ne dedi\u011fini de anlamam\u0131\u015ft\u0131m. S\u0131n\u0131fa girmemle birlikte ger\u00e7eklerin her g\u00fcn fark\u0131na varacakt\u0131m..   Her T\u00fcrk gibi ben de ya\u015fama biraz alayc\u0131 yakla\u015f\u0131r, sorunlar ba\u015f\u0131ma gelmedi\u011fi s\u00fcrece ald\u0131r\u0131\u015f etmez g\u00f6r\u00fcn\u00fcr, bazen de ger\u00e7ekten etmezdim. Eyl\u00fcl ise Eyl\u00fcl, ne yapal\u0131m yani, de\u011fil mi? Ne olabilirdi ki? Yakla\u015f\u0131k otuz y\u0131ld\u0131r u\u011fra\u015ft\u0131\u011f\u0131m \u00f6\u011frencilerimden nas\u0131l bir ba\u015fkal\u0131\u011f\u0131 olabilirdi? \u0130\u015fimizde epey uzmanla\u015fm\u0131\u015f biri olarak bu g\u00fc\u00e7l\u00fc\u011f\u00fc de kolayca a\u015fabiliriz diye d\u00fc\u015f\u00fcn\u00fcyordum.    Yan\u0131lm\u0131\u015f\u0131m\u2026\u201d   \u201cBir Eyl\u00fcl&#8217;\u00fcm vard\u0131 art\u0131k s\u0131n\u0131f\u0131mda. Eski ya\u015fanm\u0131\u015fl\u0131klar\u0131mdan kalan eyl\u00fcl ay\u0131na kar\u015f\u0131 tutumum da\u2026 Eskiden eyl\u00fcl geldi mi yol g\u00f6r\u00fcn\u00fcrd\u00fc, bakal\u0131m bu Eyl\u00fcl&#8217;de ne g\u00f6r\u00fcnecek yazg\u0131m\u0131zda.. \u201c<\/p>\n","protected":false},"excerpt":{"rendered":"<p>\u201cBir eyl\u00fcl okulun a\u00e7\u0131l\u0131\u015f\u0131 ile birlikte, ilk annesi ile tan\u0131\u015ft\u0131m bizim Eyl\u00fcl&#8217;\u00fcn. O i\u00e7 s\u0131k\u0131nt\u0131s\u0131yla yan\u0131ma sokulup kendini tan\u0131tan kad\u0131n, k\u0131z\u0131n\u0131n \u00f6zel durumunu bana anlatm\u0131\u015ft\u0131. A<span class=\"excerpt-hellip\"> [\u2026]<\/span><\/p>\n","protected":false},"featured_media":0,"template":"","meta":{"_monsterinsights_skip_tracking":false,"_monsterinsights_sitenote_active":false,"_monsterinsights_sitenote_note":"","_monsterinsights_sitenote_category":0},"product_brand":[],"product_cat":[12291,12711],"product_tag":[],"class_list":{"0":"post-769441","1":"product","2":"type-product","3":"status-publish","5":"product_cat-edebiyat","6":"product_cat-roman-oyku","7":"pa_cilt-ciltsiz","8":"pa_tur-kitap","9":"pa_yayinevi-elpis-yayinlari","10":"pa_yazar-zulfer-keloglu","12":"first","13":"instock","14":"sale","15":"shipping-taxable","16":"purchasable","17":"product-type-simple"},"_links":{"self":[{"href":"https:\/\/roveyayinevi.com.tr\/index.php\/wp-json\/wp\/v2\/product\/769441","targetHints":{"allow":["GET"]}}],"collection":[{"href":"https:\/\/roveyayinevi.com.tr\/index.php\/wp-json\/wp\/v2\/product"}],"about":[{"href":"https:\/\/roveyayinevi.com.tr\/index.php\/wp-json\/wp\/v2\/types\/product"}],"wp:attachment":[{"href":"https:\/\/roveyayinevi.com.tr\/index.php\/wp-json\/wp\/v2\/media?parent=769441"}],"wp:term":[{"taxonomy":"product_brand","embeddable":true,"href":"https:\/\/roveyayinevi.com.tr\/index.php\/wp-json\/wp\/v2\/product_brand?post=769441"},{"taxonomy":"product_cat","embeddable":true,"href":"https:\/\/roveyayinevi.com.tr\/index.php\/wp-json\/wp\/v2\/product_cat?post=769441"},{"taxonomy":"product_tag","embeddable":true,"href":"https:\/\/roveyayinevi.com.tr\/index.php\/wp-json\/wp\/v2\/product_tag?post=769441"}],"curies":[{"name":"wp","href":"https:\/\/api.w.org\/{rel}","templated":true}]}}