{"id":769438,"date":"2025-08-28T13:55:10","date_gmt":"2025-08-28T10:55:10","guid":{"rendered":"https:\/\/roveyayinevi.com.tr\/index.php\/urun\/dinin-aciklanmasi\/"},"modified":"2026-04-15T03:35:42","modified_gmt":"2026-04-15T00:35:42","slug":"dinin-aciklanmasi","status":"publish","type":"product","link":"https:\/\/roveyayinevi.com.tr\/index.php\/urun\/dinin-aciklanmasi\/","title":{"rendered":"Dinin A\u00e7\u0131klanmas\u0131"},"content":{"rendered":"<p>Neden Tanr\u0131, Noel Baba\u2019dan ya da Fang ortam\u0131ndaki atalar Beyaz \u00d6c\u00fc\u2019den daha \u00f6nemlidir? Cevab\u0131n gayet basit oldu\u011fu d\u00fc\u015f\u00fcn\u00fclebilir: \u0130nsanlar, Tanr\u0131 ile atalar\u0131n varl\u0131\u011f\u0131na inan\u0131rken Noel Baba ile \u00d6c\u00fc\u2019n\u00fcn varl\u0131\u011f\u0131na inanmaz. Ne var ki bu bir neden de\u011fil, sonu\u00e7tur. Baz\u0131 do\u011fa\u00fcst\u00fc kavramlar \u00f6yle tasavvur edilir ki d\u00fcnyadaki ger\u00e7ek \u015feylere ve faillere at\u0131fta bulundu\u011fu \u00e7ok bariz ya da en az\u0131ndan m\u00fcmk\u00fcn g\u00f6r\u00fcnebilir. Mesele, bunun nas\u0131l ger\u00e7ekle\u015fti\u011fini a\u00e7\u0131klamakt\u0131r.   Din, insanl\u0131k tarihinin en gizemli ve karma\u015f\u0131k olgular\u0131ndan biri. \u0130nsan\u0131n oldu\u011fu her yerde dinler, tanr\u0131lar, ruhlar, rit\u00fceller ve \u015feytanlar da bulunuyor. Peki neden? Dinler neden var ve nas\u0131l olu\u015fur? Neden baz\u0131 insanlar inan\u0131rken baz\u0131lar\u0131 inanmaz? \u0130nan\u00e7lar nas\u0131l bu kadar \u00e7ok \u00e7e\u015fitlilik g\u00f6sterebilir? Ve en \u00f6nemlisi: T\u00fcm bunlar\u0131 m\u00fcmk\u00fcn ve makul k\u0131lan nedir?   Antropolog Pascal Boyer, bir zamanlar b\u00fcy\u00fck bir gizem bar\u0131nd\u0131ran t\u00fcm bu sorular\u0131 antropoloji, bili\u015fsel bilim, dilbilim ve evrimsel biyolojinin \u0131\u015f\u0131\u011f\u0131nda a\u00e7\u0131kl\u0131yor. Dini inan\u00e7lar\u0131n ve davran\u0131\u015flar\u0131n a\u00e7\u0131klamas\u0131n\u0131n asl\u0131nda insan zihninin i\u015fleyi\u015fini anlamam\u0131z\u0131 sa\u011flayacak bir anahtar oldu\u011funu \u00f6ne s\u00fcren Boyer, bu konudaki geleneksel a\u00e7\u0131klamalara alternatif bir teori sunuyor. Boyer dinin k\u00f6kenlerinden rit\u00fcellere, kurumsalla\u015fmas\u0131ndan bireyleri harekete ge\u00e7iren g\u00fc\u00e7l\u00fc etkilerine kadar pek \u00e7ok konuya a\u00e7\u0131kl\u0131k getiriyor. <\/p>\n","protected":false},"excerpt":{"rendered":"<p>Neden Tanr\u0131, Noel Baba\u2019dan ya da Fang ortam\u0131ndaki atalar Beyaz \u00d6c\u00fc\u2019den daha \u00f6nemlidir? Cevab\u0131n gayet basit oldu\u011fu d\u00fc\u015f\u00fcn\u00fclebilir: \u0130nsanlar, Tanr\u0131 ile atalar\u0131n varl\u0131\u011f\u0131na inan\u0131rken Noel Baba<span class=\"excerpt-hellip\"> [\u2026]<\/span><\/p>\n","protected":false},"featured_media":0,"template":"","meta":{"_monsterinsights_skip_tracking":false,"_monsterinsights_sitenote_active":false,"_monsterinsights_sitenote_note":"","_monsterinsights_sitenote_category":0},"product_brand":[],"product_cat":[12718],"product_tag":[],"class_list":{"0":"post-769438","1":"product","2":"type-product","3":"status-publish","5":"product_cat-din","6":"pa_cilt-ciltsiz","7":"pa_tur-kitap","8":"pa_yayinevi-monografi-yayinlari","9":"pa_yazar-pascal-boyer","11":"first","12":"instock","13":"sale","14":"shipping-taxable","15":"purchasable","16":"product-type-simple"},"_links":{"self":[{"href":"https:\/\/roveyayinevi.com.tr\/index.php\/wp-json\/wp\/v2\/product\/769438","targetHints":{"allow":["GET"]}}],"collection":[{"href":"https:\/\/roveyayinevi.com.tr\/index.php\/wp-json\/wp\/v2\/product"}],"about":[{"href":"https:\/\/roveyayinevi.com.tr\/index.php\/wp-json\/wp\/v2\/types\/product"}],"wp:attachment":[{"href":"https:\/\/roveyayinevi.com.tr\/index.php\/wp-json\/wp\/v2\/media?parent=769438"}],"wp:term":[{"taxonomy":"product_brand","embeddable":true,"href":"https:\/\/roveyayinevi.com.tr\/index.php\/wp-json\/wp\/v2\/product_brand?post=769438"},{"taxonomy":"product_cat","embeddable":true,"href":"https:\/\/roveyayinevi.com.tr\/index.php\/wp-json\/wp\/v2\/product_cat?post=769438"},{"taxonomy":"product_tag","embeddable":true,"href":"https:\/\/roveyayinevi.com.tr\/index.php\/wp-json\/wp\/v2\/product_tag?post=769438"}],"curies":[{"name":"wp","href":"https:\/\/api.w.org\/{rel}","templated":true}]}}