{"id":769436,"date":"2025-08-28T13:55:05","date_gmt":"2025-08-28T10:55:05","guid":{"rendered":"https:\/\/roveyayinevi.com.tr\/index.php\/urun\/yaralarim-asktandir-ciltli-2\/"},"modified":"2026-04-15T03:35:42","modified_gmt":"2026-04-15T00:35:42","slug":"yaralarim-asktandir-ciltli-2","status":"publish","type":"product","link":"https:\/\/roveyayinevi.com.tr\/index.php\/urun\/yaralarim-asktandir-ciltli-2\/","title":{"rendered":"Yaralar\u0131m A\u015fktand\u0131r (Ciltli)"},"content":{"rendered":"<p>\u201cHer milletin k\u00fclt\u00fcrel sembolleri vard\u0131r. Mesela \u0130ngilizlerde Shakespeare gibi, \u00e7a\u011fda\u015f \u0130ranl\u0131lar i\u00e7in ise Fur\u00fb\u011f Ferruhz\u00e2d bir sembold\u00fcr. \u0130ran \u015fiirinin modern kimli\u011fini olu\u015fturan ki\u015fidir.\u201d -Abbas Kiyar\u00fcstami   Fur\u00fb\u011f Ferruhz\u00e2d, \u0130ran \u015fiirinin modern kimli\u011fini in\u015fa eden en g\u00fc\u00e7l\u00fc ve \u00f6zg\u00fcn seslerden biridir. \u015eiirlerinde a\u015fk, yaln\u0131zca bireysel bir tutku de\u011fil; insan\u0131n d\u00fcnyay\u0131 alg\u0131lama ve anlamland\u0131rma bi\u00e7imidir. Bu temay\u0131 toplumsal \u00f6zg\u00fcrl\u00fck aray\u0131\u015f\u0131yla harmanlayan \u015fair, hem i\u00e7erik hem de bi\u00e7im a\u00e7\u0131s\u0131ndan klasik Fars edebiyat\u0131na meydan okumu\u015f, modern \u015fiirin yolunu a\u00e7m\u0131\u015ft\u0131r.   Kad\u0131n kimli\u011fini ve bireyselli\u011fi cesur bir \u015fekilde dile getiren Ferruhz\u00e2d, \u015fiirlerini ataerkil toplum yap\u0131s\u0131na kar\u015f\u0131 bir ba\u015fkald\u0131r\u0131 manifestosu olarak \u015fekillendirir. Yery\u00fcz\u00fc Ayetleri\u2019nde bir araya getirdi\u011fimiz be\u015f \u015fiir kitab\u0131nda a\u015fk, yaln\u0131zl\u0131k, do\u011fa ve toplumsal ele\u015ftiri gibi temalar, derin bir lirizmle birle\u015fir. \u0130lk \u015fiirlerinden itibaren fark edilen yenilik\u00e7i bak\u0131\u015f\u0131, son eserlerinde edebi olgunlu\u011fa ula\u015f\u0131r ve onu yaln\u0131zca \u0130ran\u2019\u0131n de\u011fil d\u00fcnya edebiyat\u0131n\u0131n da benzersiz fig\u00fcrlerinden biri k\u0131lar. <\/p>\n","protected":false},"excerpt":{"rendered":"<p>\u201cHer milletin k\u00fclt\u00fcrel sembolleri vard\u0131r. Mesela \u0130ngilizlerde Shakespeare gibi, \u00e7a\u011fda\u015f \u0130ranl\u0131lar i\u00e7in ise Fur\u00fb\u011f Ferruhz\u00e2d bir sembold\u00fcr. \u0130ran \u015fiirinin modern kimli\u011fini olu\u015fturan ki\u015fidir.\u201d -Abbas Kiyar\u00fcstami Fur\u00fb\u011f<span class=\"excerpt-hellip\"> [\u2026]<\/span><\/p>\n","protected":false},"featured_media":0,"template":"","meta":{"_monsterinsights_skip_tracking":false,"_monsterinsights_sitenote_active":false,"_monsterinsights_sitenote_note":"","_monsterinsights_sitenote_category":0},"product_brand":[],"product_cat":[12291,12509],"product_tag":[],"class_list":{"0":"post-769436","1":"product","2":"type-product","3":"status-publish","5":"product_cat-edebiyat","6":"product_cat-siir","7":"pa_cilt-ciltli","8":"pa_tur-kitap","9":"pa_yayinevi-alfa-yayinlari","10":"pa_yazar-furug-ferruhzad","12":"first","13":"instock","14":"sale","15":"shipping-taxable","16":"purchasable","17":"product-type-simple"},"_links":{"self":[{"href":"https:\/\/roveyayinevi.com.tr\/index.php\/wp-json\/wp\/v2\/product\/769436","targetHints":{"allow":["GET"]}}],"collection":[{"href":"https:\/\/roveyayinevi.com.tr\/index.php\/wp-json\/wp\/v2\/product"}],"about":[{"href":"https:\/\/roveyayinevi.com.tr\/index.php\/wp-json\/wp\/v2\/types\/product"}],"wp:attachment":[{"href":"https:\/\/roveyayinevi.com.tr\/index.php\/wp-json\/wp\/v2\/media?parent=769436"}],"wp:term":[{"taxonomy":"product_brand","embeddable":true,"href":"https:\/\/roveyayinevi.com.tr\/index.php\/wp-json\/wp\/v2\/product_brand?post=769436"},{"taxonomy":"product_cat","embeddable":true,"href":"https:\/\/roveyayinevi.com.tr\/index.php\/wp-json\/wp\/v2\/product_cat?post=769436"},{"taxonomy":"product_tag","embeddable":true,"href":"https:\/\/roveyayinevi.com.tr\/index.php\/wp-json\/wp\/v2\/product_tag?post=769436"}],"curies":[{"name":"wp","href":"https:\/\/api.w.org\/{rel}","templated":true}]}}