{"id":769433,"date":"2025-08-28T13:54:59","date_gmt":"2025-08-28T10:54:59","guid":{"rendered":"https:\/\/roveyayinevi.com.tr\/index.php\/urun\/hassas-bir-kalp-nasil-dukun-hizmetcisi-oldum-3\/"},"modified":"2026-04-15T03:35:42","modified_gmt":"2026-04-15T00:35:42","slug":"hassas-bir-kalp-nasil-dukun-hizmetcisi-oldum-3","status":"publish","type":"product","link":"https:\/\/roveyayinevi.com.tr\/index.php\/urun\/hassas-bir-kalp-nasil-dukun-hizmetcisi-oldum-3\/","title":{"rendered":"Hassas Bir Kalp Nas\u0131l D\u00fck\u2019\u00fcn Hizmet\u00e7isi Oldum 3"},"content":{"rendered":"<p>\u201cSANIRIM ARTIK OR\u0130J\u0130NAL H\u0130K\u00c2YEN\u0130N TAMAMEN DE\u011e\u0130\u015eT\u0130\u011e\u0130N\u0130 KABUL ETMEL\u0130Y\u0130M!\u201d   L\u0130ANDRO, D\u00dcKL\u00dcK T\u00d6REN\u0130 \u0130\u00c7\u0130N   \u0130MPARATORLUK SARAYI\u2019NA G\u0130DERKEN   EVEL\u0130NA\u2019NIN BA\u015eI DERDE G\u0130RER.   ARDINDAN EVEL\u0130NA\u2019YA, A\u0130LEN\u0130N VE   L\u0130ANDRO\u2019NUN \u0130Y\u0130L\u0130\u011e\u0130 \u0130\u00c7\u0130N D\u00dcK\u2019\u00dcN EV\u0130N\u0130   TERK ETMES\u0130 EMRED\u0130L\u0130R!   BUNU SONRADAN \u00d6\u011eRENEN L\u0130ANDRO   ONU YAKALAMAYA \u00c7ALI\u015eIR AMA   EVEL\u0130NA ROMANDAK\u0130N\u0130N AKS\u0130NE    MUTLU SON \u0130STED\u0130\u011e\u0130 \u0130\u00c7\u0130N L\u0130ANDRO\u2019YU   KEND\u0130NDEN UZAKLA\u015eTIRIR.       \u00dc\u00c7 YIL SONRA EVEL\u0130NA\u2019NIN \u00c7ALI\u015eTI\u011eI G\u00dcNEY   KALES\u0130\u2019NE BEKLENMED\u0130K M\u0130SAF\u0130RLER   GELMEYE BA\u015eLAR.       BUNLARDAN B\u0130R\u0130 BA\u015e KARAKTER VEL\u0130AHT   PRENS D\u0130EGO CRESCENZO\u2019DUR.   D\u0130\u011eER\u0130 \u0130SE&#8230; <\/p>\n","protected":false},"excerpt":{"rendered":"<p>\u201cSANIRIM ARTIK OR\u0130J\u0130NAL H\u0130K\u00c2YEN\u0130N TAMAMEN DE\u011e\u0130\u015eT\u0130\u011e\u0130N\u0130 KABUL ETMEL\u0130Y\u0130M!\u201d L\u0130ANDRO, D\u00dcKL\u00dcK T\u00d6REN\u0130 \u0130\u00c7\u0130N \u0130MPARATORLUK SARAYI\u2019NA G\u0130DERKEN EVEL\u0130NA\u2019NIN BA\u015eI DERDE G\u0130RER. ARDINDAN EVEL\u0130NA\u2019YA, A\u0130LEN\u0130N VE L\u0130ANDRO\u2019NUN \u0130Y\u0130L\u0130\u011e\u0130 \u0130\u00c7\u0130N<span class=\"excerpt-hellip\"> [\u2026]<\/span><\/p>\n","protected":false},"featured_media":0,"template":"","meta":{"_monsterinsights_skip_tracking":false,"_monsterinsights_sitenote_active":false,"_monsterinsights_sitenote_note":"","_monsterinsights_sitenote_category":0},"product_brand":[],"product_cat":[12416,12291],"product_tag":[],"class_list":{"0":"post-769433","1":"product","2":"type-product","3":"status-publish","5":"product_cat-cizgi-roman","6":"product_cat-edebiyat","7":"pa_cilt-ciltsiz","8":"pa_tur-kitap","9":"pa_yayinevi-athica-yayinlari","10":"pa_yazar-aloha","12":"first","13":"instock","14":"sale","15":"shipping-taxable","16":"purchasable","17":"product-type-simple"},"_links":{"self":[{"href":"https:\/\/roveyayinevi.com.tr\/index.php\/wp-json\/wp\/v2\/product\/769433","targetHints":{"allow":["GET"]}}],"collection":[{"href":"https:\/\/roveyayinevi.com.tr\/index.php\/wp-json\/wp\/v2\/product"}],"about":[{"href":"https:\/\/roveyayinevi.com.tr\/index.php\/wp-json\/wp\/v2\/types\/product"}],"wp:attachment":[{"href":"https:\/\/roveyayinevi.com.tr\/index.php\/wp-json\/wp\/v2\/media?parent=769433"}],"wp:term":[{"taxonomy":"product_brand","embeddable":true,"href":"https:\/\/roveyayinevi.com.tr\/index.php\/wp-json\/wp\/v2\/product_brand?post=769433"},{"taxonomy":"product_cat","embeddable":true,"href":"https:\/\/roveyayinevi.com.tr\/index.php\/wp-json\/wp\/v2\/product_cat?post=769433"},{"taxonomy":"product_tag","embeddable":true,"href":"https:\/\/roveyayinevi.com.tr\/index.php\/wp-json\/wp\/v2\/product_tag?post=769433"}],"curies":[{"name":"wp","href":"https:\/\/api.w.org\/{rel}","templated":true}]}}