{"id":769432,"date":"2025-08-28T13:54:56","date_gmt":"2025-08-28T10:54:56","guid":{"rendered":"https:\/\/roveyayinevi.com.tr\/index.php\/urun\/istisna-2\/"},"modified":"2026-04-15T03:35:42","modified_gmt":"2026-04-15T00:35:42","slug":"istisna-2","status":"publish","type":"product","link":"https:\/\/roveyayinevi.com.tr\/index.php\/urun\/istisna-2\/","title":{"rendered":"\u0130stisna"},"content":{"rendered":"<p>KONU:   ESK\u0130 KOCA ARANIYOR    Bu noktaya nas\u0131l geldi\u011fimi a\u00e7\u0131klayay\u0131m\u2026 \u0130\u015f arkada\u015flar\u0131ma evlenip bo\u015fand\u0131\u011f\u0131m\u0131 s\u00f6yleme gafletine d\u00fc\u015f\u00fcnce, ge\u00e7mi\u015f ili\u015fkimin detaylar\u0131n\u0131 \u00f6\u011frenmeye kafay\u0131 takt\u0131lar. \u00c7\u00fcnk\u00fc eski kocam g\u00f6zal\u0131c\u0131 ve yatakta ola\u011fan\u00fcst\u00fc yetenekli bir adam. \u00dcstelik beni geri kazanmay\u0131 kafas\u0131na koymu\u015f.   Fakat ortada k\u00fc\u00e7\u00fck bir sorun var. \u00d6yle biri yok.   \u0130ki hafta boyunca benimle rol yapabilecek birini ar\u0131yorum. Her an eyalet i\u00e7inde seyahate \u00e7\u0131kabilir, ayn\u0131 yata\u011f\u0131 payla\u015fmak zorunda kalabiliriz. Bir de, yakay\u0131 ele vermemek i\u00e7in \u00f6p\u00fc\u015fmemiz gerekebilir.   Sevgiler, M\u00fcstakbel Eski Kar\u0131n <\/p>\n","protected":false},"excerpt":{"rendered":"<p>KONU: ESK\u0130 KOCA ARANIYOR Bu noktaya nas\u0131l geldi\u011fimi a\u00e7\u0131klayay\u0131m\u2026 \u0130\u015f arkada\u015flar\u0131ma evlenip bo\u015fand\u0131\u011f\u0131m\u0131 s\u00f6yleme gafletine d\u00fc\u015f\u00fcnce, ge\u00e7mi\u015f ili\u015fkimin detaylar\u0131n\u0131 \u00f6\u011frenmeye kafay\u0131 takt\u0131lar. \u00c7\u00fcnk\u00fc eski kocam g\u00f6zal\u0131c\u0131<span class=\"excerpt-hellip\"> [\u2026]<\/span><\/p>\n","protected":false},"featured_media":0,"template":"","meta":{"_monsterinsights_skip_tracking":false,"_monsterinsights_sitenote_active":false,"_monsterinsights_sitenote_note":"","_monsterinsights_sitenote_category":0},"product_brand":[],"product_cat":[12291,12711],"product_tag":[],"class_list":{"0":"post-769432","1":"product","2":"type-product","3":"status-publish","5":"product_cat-edebiyat","6":"product_cat-roman-oyku","7":"pa_cilt-ciltsiz","8":"pa_tur-kitap","9":"pa_yayinevi-nox-yayinlari","10":"pa_yazar-adriana-locke","12":"first","13":"instock","14":"sale","15":"shipping-taxable","16":"purchasable","17":"product-type-simple"},"_links":{"self":[{"href":"https:\/\/roveyayinevi.com.tr\/index.php\/wp-json\/wp\/v2\/product\/769432","targetHints":{"allow":["GET"]}}],"collection":[{"href":"https:\/\/roveyayinevi.com.tr\/index.php\/wp-json\/wp\/v2\/product"}],"about":[{"href":"https:\/\/roveyayinevi.com.tr\/index.php\/wp-json\/wp\/v2\/types\/product"}],"wp:attachment":[{"href":"https:\/\/roveyayinevi.com.tr\/index.php\/wp-json\/wp\/v2\/media?parent=769432"}],"wp:term":[{"taxonomy":"product_brand","embeddable":true,"href":"https:\/\/roveyayinevi.com.tr\/index.php\/wp-json\/wp\/v2\/product_brand?post=769432"},{"taxonomy":"product_cat","embeddable":true,"href":"https:\/\/roveyayinevi.com.tr\/index.php\/wp-json\/wp\/v2\/product_cat?post=769432"},{"taxonomy":"product_tag","embeddable":true,"href":"https:\/\/roveyayinevi.com.tr\/index.php\/wp-json\/wp\/v2\/product_tag?post=769432"}],"curies":[{"name":"wp","href":"https:\/\/api.w.org\/{rel}","templated":true}]}}