{"id":769431,"date":"2025-08-28T13:54:54","date_gmt":"2025-08-28T10:54:54","guid":{"rendered":"https:\/\/roveyayinevi.com.tr\/index.php\/urun\/evreni-tersine-cevir-ve-kazan-2\/"},"modified":"2026-04-15T03:35:42","modified_gmt":"2026-04-15T00:35:42","slug":"evreni-tersine-cevir-ve-kazan-2","status":"publish","type":"product","link":"https:\/\/roveyayinevi.com.tr\/index.php\/urun\/evreni-tersine-cevir-ve-kazan-2\/","title":{"rendered":"Evreni Tersine \u00c7evir ve Kazan 2"},"content":{"rendered":"<p>H\u0130K\u00c2YE KURT ADAM\u2019I ALT EDEN MACERACI FLUM, M\u0130LK\u0130T\u2019LE B\u0130RL\u0130KTE YEN\u0130 B\u0130R HAYATA BA\u015eLAR&#8230; \u00d6NCE HAYDUTLARIN SALDIRISINA U\u011eRAYAN B\u0130R T\u00dcCCARA YARDIM EDERLER. DAHA SONRA \u0130SE B\u0130RL\u0130KTE HAREKET EDECEKLER\u0130 RAH\u0130BE SARA \u0130LE KAR\u015eILA\u015eIRLAR. FLUM VE SARA KURTARDIKLARI T\u00dcCCARIN \u201c\u015e\u0130FALI B\u0130TK\u0130 TOPLAMA G\u00d6REV\u0130\u201dN\u0130 KABUL EDEREK YOLCULUKTA KAR\u015eILA\u015eTIKLARI CANAVARI RAHAT\u00c7A YERE SERERLER. B\u00d6YLECE \u015e\u0130FALI B\u0130TK\u0130 TOPLAMA G\u00d6REV\u0130N\u0130N SORUNSUZ \u0130LERLED\u0130\u011e\u0130N\u0130 D\u00dc\u015e\u00dcN\u00dcRLER.   (SEN\u0130 BULDUM)   FAKAT G\u0130RDAP M\u0130SAL\u0130 D\u00d6NEN B\u0130R Y\u00dcZE SAH\u0130P DEH\u015eET VER\u0130C\u0130 B\u0130R CANAVAR, \u0130K\u0130S\u0130N\u0130N KAR\u015eISINA \u00c7IKAR.. <\/p>\n","protected":false},"excerpt":{"rendered":"<p>H\u0130K\u00c2YE KURT ADAM\u2019I ALT EDEN MACERACI FLUM, M\u0130LK\u0130T\u2019LE B\u0130RL\u0130KTE YEN\u0130 B\u0130R HAYATA BA\u015eLAR&#8230; \u00d6NCE HAYDUTLARIN SALDIRISINA U\u011eRAYAN B\u0130R T\u00dcCCARA YARDIM EDERLER. DAHA SONRA \u0130SE B\u0130RL\u0130KTE HAREKET<span class=\"excerpt-hellip\"> [\u2026]<\/span><\/p>\n","protected":false},"featured_media":0,"template":"","meta":{"_monsterinsights_skip_tracking":false,"_monsterinsights_sitenote_active":false,"_monsterinsights_sitenote_note":"","_monsterinsights_sitenote_category":0},"product_brand":[],"product_cat":[12416,12291],"product_tag":[],"class_list":{"0":"post-769431","1":"product","2":"type-product","3":"status-publish","5":"product_cat-cizgi-roman","6":"product_cat-edebiyat","7":"pa_cilt-ciltsiz","8":"pa_tur-kitap","9":"pa_yayinevi-athica-yayinlari","10":"pa_yazar-kiki","12":"first","13":"instock","14":"sale","15":"shipping-taxable","16":"purchasable","17":"product-type-simple"},"_links":{"self":[{"href":"https:\/\/roveyayinevi.com.tr\/index.php\/wp-json\/wp\/v2\/product\/769431","targetHints":{"allow":["GET"]}}],"collection":[{"href":"https:\/\/roveyayinevi.com.tr\/index.php\/wp-json\/wp\/v2\/product"}],"about":[{"href":"https:\/\/roveyayinevi.com.tr\/index.php\/wp-json\/wp\/v2\/types\/product"}],"wp:attachment":[{"href":"https:\/\/roveyayinevi.com.tr\/index.php\/wp-json\/wp\/v2\/media?parent=769431"}],"wp:term":[{"taxonomy":"product_brand","embeddable":true,"href":"https:\/\/roveyayinevi.com.tr\/index.php\/wp-json\/wp\/v2\/product_brand?post=769431"},{"taxonomy":"product_cat","embeddable":true,"href":"https:\/\/roveyayinevi.com.tr\/index.php\/wp-json\/wp\/v2\/product_cat?post=769431"},{"taxonomy":"product_tag","embeddable":true,"href":"https:\/\/roveyayinevi.com.tr\/index.php\/wp-json\/wp\/v2\/product_tag?post=769431"}],"curies":[{"name":"wp","href":"https:\/\/api.w.org\/{rel}","templated":true}]}}