{"id":769430,"date":"2025-08-28T13:54:51","date_gmt":"2025-08-28T10:54:51","guid":{"rendered":"https:\/\/roveyayinevi.com.tr\/index.php\/urun\/chainsaw-man-4-cilt\/"},"modified":"2026-01-22T03:48:57","modified_gmt":"2026-01-22T00:48:57","slug":"chainsaw-man-4-cilt","status":"publish","type":"product","link":"https:\/\/roveyayinevi.com.tr\/index.php\/urun\/chainsaw-man-4-cilt\/","title":{"rendered":"Chainsaw Man 4. Cilt"},"content":{"rendered":"<p>Denji\u2019nin kalbini almay\u0131 ama\u00e7layan gizemli \u00e7ete, silahl\u0131 sald\u0131r\u0131da bulunur. Bu\u0308yu\u0308k hasar alan Toplum Gu\u0308venli\u011fi\u2019nin \u00d6zel Birlikleri, can s\u0131k\u0131c\u0131 bir durumun i\u00e7ine du\u0308\u015fer. \u00d6te yandan Denji ve Power, en gu\u0308\u00e7lu\u0308 iblis avc\u0131s\u0131n\u0131n yan\u0131nda beyinlerinin suyunu ak\u0131tan \u201c\u00f6lu\u0308mcu\u0308l\u201d bir e\u011fitime ba\u015flar!! Ciddiyet ve delilik birbirine girmi\u015fken, kar\u015f\u0131 sald\u0131r\u0131 sinyali verilir!!<\/p>\n","protected":false},"excerpt":{"rendered":"<p>Denji\u2019nin kalbini almay\u0131 ama\u00e7layan gizemli \u00e7ete, silahl\u0131 sald\u0131r\u0131da bulunur. Bu\u0308yu\u0308k hasar alan Toplum Gu\u0308venli\u011fi\u2019nin \u00d6zel Birlikleri, can s\u0131k\u0131c\u0131 bir durumun i\u00e7ine du\u0308\u015fer. \u00d6te yandan Denji ve<span class=\"excerpt-hellip\"> [\u2026]<\/span><\/p>\n","protected":false},"featured_media":0,"template":"","meta":{"_monsterinsights_skip_tracking":false,"_monsterinsights_sitenote_active":false,"_monsterinsights_sitenote_note":"","_monsterinsights_sitenote_category":0},"product_brand":[],"product_cat":[12416,12291],"product_tag":[],"class_list":{"0":"post-769430","1":"product","2":"type-product","3":"status-publish","5":"product_cat-cizgi-roman","6":"product_cat-edebiyat","7":"pa_cilt-ciltsiz","8":"pa_tur-kitap","9":"pa_yayinevi-gerekli-seyler-yayincilik","10":"pa_yazar-tatsuki-fujimoto","12":"first","13":"instock","14":"sale","15":"shipping-taxable","16":"purchasable","17":"product-type-simple"},"_links":{"self":[{"href":"https:\/\/roveyayinevi.com.tr\/index.php\/wp-json\/wp\/v2\/product\/769430","targetHints":{"allow":["GET"]}}],"collection":[{"href":"https:\/\/roveyayinevi.com.tr\/index.php\/wp-json\/wp\/v2\/product"}],"about":[{"href":"https:\/\/roveyayinevi.com.tr\/index.php\/wp-json\/wp\/v2\/types\/product"}],"wp:attachment":[{"href":"https:\/\/roveyayinevi.com.tr\/index.php\/wp-json\/wp\/v2\/media?parent=769430"}],"wp:term":[{"taxonomy":"product_brand","embeddable":true,"href":"https:\/\/roveyayinevi.com.tr\/index.php\/wp-json\/wp\/v2\/product_brand?post=769430"},{"taxonomy":"product_cat","embeddable":true,"href":"https:\/\/roveyayinevi.com.tr\/index.php\/wp-json\/wp\/v2\/product_cat?post=769430"},{"taxonomy":"product_tag","embeddable":true,"href":"https:\/\/roveyayinevi.com.tr\/index.php\/wp-json\/wp\/v2\/product_tag?post=769430"}],"curies":[{"name":"wp","href":"https:\/\/api.w.org\/{rel}","templated":true}]}}