{"id":769429,"date":"2025-08-28T13:53:56","date_gmt":"2025-08-28T10:53:56","guid":{"rendered":"https:\/\/roveyayinevi.com.tr\/index.php\/urun\/chainsaw-man-5-cilt\/"},"modified":"2026-01-22T03:48:57","modified_gmt":"2026-01-22T00:48:57","slug":"chainsaw-man-5-cilt","status":"publish","type":"product","link":"https:\/\/roveyayinevi.com.tr\/index.php\/urun\/chainsaw-man-5-cilt\/","title":{"rendered":"Chainsaw Man 5. Cilt"},"content":{"rendered":"<p>Aki, eskiden Himeno ile anla\u015fmas\u0131 olan iblisle kar\u015f\u0131 kar\u015f\u0131ya gelir. \u0130ntikam ate\u015fiyle yan\u0131p tutu\u015fan adam\u0131n akl\u0131nda neler canlanm\u0131\u015ft\u0131r&#8230;!? Di\u011fer yandan Denji, Samuray K\u0131l\u0131c\u0131 ile bir kez daha \u00e7arp\u0131\u015fmaya girer!! Testere ve K\u0131l\u0131\u00e7 aras\u0131ndaki bol kanl\u0131 ve ba\u015f d\u00f6ndu\u0308ru\u0308cu\u0308 bu \u00f6lu\u0308m kal\u0131m sava\u015f\u0131 acaba nas\u0131l sonu\u00e7lanacakt\u0131r!? Denji\u2019nin kalbinin pe\u015findeki k\u0131ran k\u0131rana mu\u0308cadele ise hi\u00e7 beklenmedik geli\u015fmelerle h\u0131z kazanmaktad\u0131r!!<\/p>\n","protected":false},"excerpt":{"rendered":"<p>Aki, eskiden Himeno ile anla\u015fmas\u0131 olan iblisle kar\u015f\u0131 kar\u015f\u0131ya gelir. \u0130ntikam ate\u015fiyle yan\u0131p tutu\u015fan adam\u0131n akl\u0131nda neler canlanm\u0131\u015ft\u0131r&#8230;!? Di\u011fer yandan Denji, Samuray K\u0131l\u0131c\u0131 ile bir kez<span class=\"excerpt-hellip\"> [\u2026]<\/span><\/p>\n","protected":false},"featured_media":0,"template":"","meta":{"_monsterinsights_skip_tracking":false,"_monsterinsights_sitenote_active":false,"_monsterinsights_sitenote_note":"","_monsterinsights_sitenote_category":0},"product_brand":[],"product_cat":[12416,12291],"product_tag":[],"class_list":{"0":"post-769429","1":"product","2":"type-product","3":"status-publish","5":"product_cat-cizgi-roman","6":"product_cat-edebiyat","7":"pa_cilt-ciltsiz","8":"pa_tur-kitap","9":"pa_yayinevi-gerekli-seyler-yayincilik","10":"pa_yazar-tatsuki-fujimoto","12":"first","13":"instock","14":"sale","15":"shipping-taxable","16":"purchasable","17":"product-type-simple"},"_links":{"self":[{"href":"https:\/\/roveyayinevi.com.tr\/index.php\/wp-json\/wp\/v2\/product\/769429","targetHints":{"allow":["GET"]}}],"collection":[{"href":"https:\/\/roveyayinevi.com.tr\/index.php\/wp-json\/wp\/v2\/product"}],"about":[{"href":"https:\/\/roveyayinevi.com.tr\/index.php\/wp-json\/wp\/v2\/types\/product"}],"wp:attachment":[{"href":"https:\/\/roveyayinevi.com.tr\/index.php\/wp-json\/wp\/v2\/media?parent=769429"}],"wp:term":[{"taxonomy":"product_brand","embeddable":true,"href":"https:\/\/roveyayinevi.com.tr\/index.php\/wp-json\/wp\/v2\/product_brand?post=769429"},{"taxonomy":"product_cat","embeddable":true,"href":"https:\/\/roveyayinevi.com.tr\/index.php\/wp-json\/wp\/v2\/product_cat?post=769429"},{"taxonomy":"product_tag","embeddable":true,"href":"https:\/\/roveyayinevi.com.tr\/index.php\/wp-json\/wp\/v2\/product_tag?post=769429"}],"curies":[{"name":"wp","href":"https:\/\/api.w.org\/{rel}","templated":true}]}}