{"id":769427,"date":"2025-08-28T13:53:51","date_gmt":"2025-08-28T10:53:51","guid":{"rendered":"https:\/\/roveyayinevi.com.tr\/index.php\/urun\/aksada-33-kandil\/"},"modified":"2026-04-15T03:35:41","modified_gmt":"2026-04-15T00:35:41","slug":"aksada-33-kandil","status":"publish","type":"product","link":"https:\/\/roveyayinevi.com.tr\/index.php\/urun\/aksada-33-kandil\/","title":{"rendered":"Aksa\u2019da 33 Kandil"},"content":{"rendered":"<p>Aks\u00e2\u2019da Otuz \u00dc\u00e7 Kandil; bir anda karanl\u0131kta kalan insanlar\u0131n, ayd\u0131nl\u0131k i\u00e7in bireysel m\u00fccadelesini anlat\u0131yor. Herkes, kandilini tekrar yakacak \u015feyin ne oldu\u011funu kendi hayat\u0131nda ar\u0131yor. Kandili yakan \u015fey, i\u00e7indeki ya\u011f m\u0131d\u0131r? Aks\u00e2\u2019daki minberin hik\u00e2yesi nedir? \u015eahs\u00ee gayretler bir araya geldi\u011finde neler de\u011fi\u015fir? Ve en \u00f6nemlisi, sevgili okur! Senin kandilini ne yakard\u0131? T\u00fcm bu sorular\u0131n pe\u015fine d\u00fc\u015ferken \u00d6mer\u2019in yan\u0131nda y\u00fcr\u00fcmeye var m\u0131s\u0131n? \u201c_Yery\u00fcz\u00fcn\u00fcn g\u00f6ky\u00fcz\u00fcne en yak\u0131n oldu\u011fu bu noktada bulunman\u0131n tad\u0131n\u0131 \u00e7\u0131kar\u0131yormu\u015f insanlar. Bu ola\u011fan ve g\u00fczel ak\u015famda ola\u011fan\u00fcst\u00fc bir \u015fey olmu\u015f. Y\u00fczy\u0131llard\u0131r o g\u00fczel mescidi ayd\u0131nlatan kandiller bir anda s\u00f6n\u00fcvermi\u015f\u2026\u201d <\/p>\n","protected":false},"excerpt":{"rendered":"<p>Aks\u00e2\u2019da Otuz \u00dc\u00e7 Kandil; bir anda karanl\u0131kta kalan insanlar\u0131n, ayd\u0131nl\u0131k i\u00e7in bireysel m\u00fccadelesini anlat\u0131yor. Herkes, kandilini tekrar yakacak \u015feyin ne oldu\u011funu kendi hayat\u0131nda ar\u0131yor. Kandili yakan<span class=\"excerpt-hellip\"> [\u2026]<\/span><\/p>\n","protected":false},"featured_media":0,"template":"","meta":{"_monsterinsights_skip_tracking":false,"_monsterinsights_sitenote_active":false,"_monsterinsights_sitenote_note":"","_monsterinsights_sitenote_category":0},"product_brand":[],"product_cat":[12274],"product_tag":[],"class_list":{"0":"post-769427","1":"product","2":"type-product","3":"status-publish","5":"product_cat-cocuk-ve-genclik-kitaplari","6":"pa_cilt-ciltsiz","7":"pa_tur-kitap","8":"pa_yayinevi-tulu-kitap","9":"pa_yazar-sumeyra-celebi","11":"first","12":"instock","13":"sale","14":"shipping-taxable","15":"purchasable","16":"product-type-simple"},"_links":{"self":[{"href":"https:\/\/roveyayinevi.com.tr\/index.php\/wp-json\/wp\/v2\/product\/769427","targetHints":{"allow":["GET"]}}],"collection":[{"href":"https:\/\/roveyayinevi.com.tr\/index.php\/wp-json\/wp\/v2\/product"}],"about":[{"href":"https:\/\/roveyayinevi.com.tr\/index.php\/wp-json\/wp\/v2\/types\/product"}],"wp:attachment":[{"href":"https:\/\/roveyayinevi.com.tr\/index.php\/wp-json\/wp\/v2\/media?parent=769427"}],"wp:term":[{"taxonomy":"product_brand","embeddable":true,"href":"https:\/\/roveyayinevi.com.tr\/index.php\/wp-json\/wp\/v2\/product_brand?post=769427"},{"taxonomy":"product_cat","embeddable":true,"href":"https:\/\/roveyayinevi.com.tr\/index.php\/wp-json\/wp\/v2\/product_cat?post=769427"},{"taxonomy":"product_tag","embeddable":true,"href":"https:\/\/roveyayinevi.com.tr\/index.php\/wp-json\/wp\/v2\/product_tag?post=769427"}],"curies":[{"name":"wp","href":"https:\/\/api.w.org\/{rel}","templated":true}]}}