{"id":769426,"date":"2025-08-28T13:53:48","date_gmt":"2025-08-28T10:53:48","guid":{"rendered":"https:\/\/roveyayinevi.com.tr\/index.php\/urun\/bir-mutluluk-recetesi\/"},"modified":"2026-04-15T03:35:41","modified_gmt":"2026-04-15T00:35:41","slug":"bir-mutluluk-recetesi","status":"publish","type":"product","link":"https:\/\/roveyayinevi.com.tr\/index.php\/urun\/bir-mutluluk-recetesi\/","title":{"rendered":"Bir Mutluluk Re\u00e7etesi"},"content":{"rendered":"<p>Zeminlerin t\u00fckendi\u011fi, s\u00f6zc\u00fcklerin h\u0131zla eskidi\u011fi ve kavramlar\u0131n yetersiz kald\u0131\u011f\u0131 bu \u00e7a\u011fda, karanl\u0131kta ko\u015fan insanlardan fark\u0131m\u0131z yok. Hangi y\u00f6ne gidiyoruz, ne zaman bir duvara \u00e7arpaca\u011f\u0131z, haberimiz yok. Ger\u00e7e\u011fe ula\u015fmak bu kadar zor olunca, do\u011fru yolu bulmak da imk\u00e2ns\u0131zla\u015f\u0131yor.   Sel\u00e7uk \u015eirin, bu karanl\u0131kta hepimize bir mum \u0131\u015f\u0131\u011f\u0131 olmas\u0131 umuduyla elinizdeki kitab\u0131 kaleme ald\u0131. Sekiz milyar t\u00fcrde\u015fimizle ya\u015fad\u0131\u011f\u0131m\u0131z bu mavi k\u00fcrede payla\u015famad\u0131\u011f\u0131m\u0131z ne? Kendimiz ve bizden sonra gelenler i\u00e7in nas\u0131l do\u011fru ad\u0131mlar atabiliriz? Her g\u00fcn biraz daha g\u00fc\u00e7lenen algoritmik hegemonyaya kar\u015f\u0131 nas\u0131l ayakta kalaca\u011f\u0131z? Yapay zek\u00e2dan korkmakta hakl\u0131 m\u0131y\u0131z? Mutlulu\u011fun re\u00e7etesi nedir? A\u015fk bitti mi? Bu kitap, ufuk a\u00e7\u0131c\u0131 bir diyalog ba\u015flatmak i\u00e7in yaz\u0131ld\u0131.   \u201cSel\u00e7uk \u015eirin bu kitapta, h\u0131nz\u0131r zek\u00e2s\u0131, yarat\u0131c\u0131l\u0131\u011f\u0131 ve veriye dayal\u0131 engin bilgisiyle, \u00e7a\u011f\u0131m\u0131z\u0131n en karma\u015f\u0131k meselelerini \u00f6yle bir anlat\u0131yor ki, okurken inan\u0131lmaz ayd\u0131nlan\u0131yorsunuz. Ve \u015funu anl\u0131yorsunuz: Ya hep birlikte bataca\u011f\u0131z ya hep beraber \u00e7\u0131kaca\u011f\u0131z!\u201d Ay\u015fe Arman   \u201cDijital \u00e7a\u011f\u0131n getirdi\u011fi f\u0131rsatlar\u0131n yan\u0131 s\u0131ra, bireyler ve topluluklar \u00fczerindeki tehditleri cesurca ele al\u0131yor: teknolojinin i\u00e7ine do\u011fan bir neslin ak\u0131l ve ruh sa\u011fl\u0131\u011f\u0131, algoritmalar\u0131n sosyal yap\u0131y\u0131 d\u00f6n\u00fc\u015ft\u00fcren g\u00fcc\u00fc, dijitalle\u015fmenin bireyde yaratt\u0131\u011f\u0131 yaln\u0131zl\u0131k hissi&#8230; Ama ayn\u0131 zamanda bu sorunlara umut dolu \u00e7\u00f6z\u00fcmler sunarak bir \u00e7\u0131k\u0131\u015f yolu g\u00f6steriyor. Sadece ele\u015ftiren de\u011fil, harekete ge\u00e7iren bir kitap.\u201d Cansu Canan \u00d6zgen   \u201cGe\u00e7mi\u015f ile gelecek aras\u0131ndaki k\u00f6pr\u00fcy\u00fc Sel\u00e7uk \u015eirin\u2019le birlikte kurmak harika bir fikir. Sel\u00e7uk Hoca, bizi ge\u00e7mi\u015ften koparmadan gelece\u011fe haz\u0131rl\u0131yor. Ben sayenizde haz\u0131r\u0131m Sel\u00e7uk Hocam!\u201d Arma\u011fan \u00c7a\u011flayan   \u201cSel\u00e7uk \u015eirin\u2019in \u2018bug\u00fcn\u00fc ve yak\u0131n gelece\u011fi dert eden\u2019 yaz\u0131lar\u0131n\u0131 bir arada bulup okumak, zaman\u0131n ruhunu anlamak isteyenler i\u00e7in iyi bir \u00e7er\u00e7eve sa\u011fl\u0131yor.\u201d Yank\u0131 Yazgan <\/p>\n","protected":false},"excerpt":{"rendered":"<p>Zeminlerin t\u00fckendi\u011fi, s\u00f6zc\u00fcklerin h\u0131zla eskidi\u011fi ve kavramlar\u0131n yetersiz kald\u0131\u011f\u0131 bu \u00e7a\u011fda, karanl\u0131kta ko\u015fan insanlardan fark\u0131m\u0131z yok. Hangi y\u00f6ne gidiyoruz, ne zaman bir duvara \u00e7arpaca\u011f\u0131z, haberimiz yok.<span class=\"excerpt-hellip\"> [\u2026]<\/span><\/p>\n","protected":false},"featured_media":0,"template":"","meta":{"_monsterinsights_skip_tracking":false,"_monsterinsights_sitenote_active":false,"_monsterinsights_sitenote_note":"","_monsterinsights_sitenote_category":0},"product_brand":[],"product_cat":[12777,12291],"product_tag":[],"class_list":{"0":"post-769426","1":"product","2":"type-product","3":"status-publish","5":"product_cat-deneme","6":"product_cat-edebiyat","7":"pa_cilt-ciltsiz","8":"pa_tur-kitap","9":"pa_yayinevi-mundi","10":"pa_yazar-selcuk-sirin","12":"first","13":"instock","14":"sale","15":"shipping-taxable","16":"purchasable","17":"product-type-simple"},"_links":{"self":[{"href":"https:\/\/roveyayinevi.com.tr\/index.php\/wp-json\/wp\/v2\/product\/769426","targetHints":{"allow":["GET"]}}],"collection":[{"href":"https:\/\/roveyayinevi.com.tr\/index.php\/wp-json\/wp\/v2\/product"}],"about":[{"href":"https:\/\/roveyayinevi.com.tr\/index.php\/wp-json\/wp\/v2\/types\/product"}],"wp:attachment":[{"href":"https:\/\/roveyayinevi.com.tr\/index.php\/wp-json\/wp\/v2\/media?parent=769426"}],"wp:term":[{"taxonomy":"product_brand","embeddable":true,"href":"https:\/\/roveyayinevi.com.tr\/index.php\/wp-json\/wp\/v2\/product_brand?post=769426"},{"taxonomy":"product_cat","embeddable":true,"href":"https:\/\/roveyayinevi.com.tr\/index.php\/wp-json\/wp\/v2\/product_cat?post=769426"},{"taxonomy":"product_tag","embeddable":true,"href":"https:\/\/roveyayinevi.com.tr\/index.php\/wp-json\/wp\/v2\/product_tag?post=769426"}],"curies":[{"name":"wp","href":"https:\/\/api.w.org\/{rel}","templated":true}]}}