{"id":769422,"date":"2025-08-28T13:53:40","date_gmt":"2025-08-28T10:53:40","guid":{"rendered":"https:\/\/roveyayinevi.com.tr\/index.php\/urun\/frog-kurbaga-denge-oyunu\/"},"modified":"2026-04-15T03:35:41","modified_gmt":"2026-04-15T00:35:41","slug":"frog-kurbaga-denge-oyunu","status":"publish","type":"product","link":"https:\/\/roveyayinevi.com.tr\/index.php\/urun\/frog-kurbaga-denge-oyunu\/","title":{"rendered":"Frog Kurba\u011fa Denge Oyunu"},"content":{"rendered":"<p>Frog Kurba\u011fa Denge Oyunu &#8211; E\u011flenceli ve E\u011fitici Aile Oyunu (3+ Ya\u015f) E\u011flence ve E\u011fitimi Bir Arada Sunan Frog Kurba\u011fa Denge OyunuAile bireylerini bir araya getiren ve \u00e7ocuklar\u0131n geli\u015fimine katk\u0131 sa\u011flayan Frog Kurba\u011fa Denge Oyunu, 1 ila 6 ki\u015fi aras\u0131nda oynanabilir. 3 ya\u015f ve \u00fczeri \u00e7ocuklar\u0131n keyifle oynayabilece\u011fi bu oyun, motor becerilerini geli\u015ftirirken, denge ve problem \u00e7\u00f6zme yeteneklerini destekler. Bu e\u011flenceli oyun, aile aktivitelerini daha keyifli hale getirir. \u00c7ocuklar\u0131n dikkat, koordinasyon ve odaklanma becerilerini geli\u015ftiren tasar\u0131m\u0131 sayesinde, hem \u00f6\u011frenme hem de e\u011flenme f\u0131rsat\u0131 sunar. T\u00fcrkiye&#8217;de \u00fcretilmi\u015f olan Frog Kurba\u011fa Denge Oyunu kaliteli malzeme ve yerel \u00fcreticilerin uzmanl\u0131\u011f\u0131yla haz\u0131rlanm\u0131\u015ft\u0131r. Frog Kurba\u011fa Denge Oyununun Avantajlar\u0131 Motor Beceri Geli\u015fimi: \u00c7ocuklar\u0131n ince motor becerilerini ve el-g\u00f6z koordinasyonunu geli\u015ftirir. Problem \u00c7\u00f6zme Yetene\u011fi: Oyuncular\u0131n strateji geli\u015ftirmesini ve mant\u0131k y\u00fcr\u00fctmesini te\u015fvik eder. Dikkat ve Odaklanma: Dengeyi koruma ve dikkatli hamle yapma gereklili\u011fi sayesinde \u00e7ocuklar\u0131n odaklanma becerilerini art\u0131r\u0131r. Aile E\u011flencesi: Ailece oynanabilen bu oyun, aile bireylerini bir araya getirerek e\u011flenceli vakit ge\u00e7irmenizi sa\u011flar. Yerel \u00dcretim: T\u00fcrkiye men\u015feli olan bu oyun, y\u00fcksek kalite standartlar\u0131na uygun \u015fekilde \u00fcretilmi\u015ftir. Frog Kurba\u011fa Denge Oyunu Nas\u0131l Oynan\u0131r? 1.     Platforma Kurba\u011falar Yerle\u015ftirilir: Her oyuncu s\u0131rayla platforma birer kurba\u011fa yerle\u015ftirir. Dengeyi korumak temel hedeftir. 2.     Taktik Tuzaklar: Kurba\u011falar yerle\u015ftirilirken rakip oyuncular\u0131n i\u015fini zorla\u015ft\u0131racak taktikler geli\u015ftirilebilir. 3.     Kurba\u011falar\u0131 Geri Al\u0131n: T\u00fcm kurba\u011falar platforma yerle\u015ftirildikten sonra, s\u0131ra ile kurba\u011falar geri al\u0131n\u0131r. Ancak dengeyi bozacak hamle yapan oyuncu oyunu kaybeder. Ama\u00e7: Oyunun sonunda dengeyi bozmadan t\u00fcm kurba\u011falar\u0131 yerle\u015ftirebilmek ve geri alabilmek. <\/p>\n","protected":false},"excerpt":{"rendered":"<p>Frog Kurba\u011fa Denge Oyunu &#8211; E\u011flenceli ve E\u011fitici Aile Oyunu (3+ Ya\u015f) E\u011flence ve E\u011fitimi Bir Arada Sunan Frog Kurba\u011fa Denge OyunuAile bireylerini bir araya getiren<span class=\"excerpt-hellip\"> [\u2026]<\/span><\/p>\n","protected":false},"featured_media":0,"template":"","meta":{"_monsterinsights_skip_tracking":false,"_monsterinsights_sitenote_active":false,"_monsterinsights_sitenote_note":"","_monsterinsights_sitenote_category":0},"product_brand":[],"product_cat":[12274],"product_tag":[],"class_list":{"0":"post-769422","1":"product","2":"type-product","3":"status-publish","5":"product_cat-cocuk-ve-genclik-kitaplari","6":"pa_cilt-ciltsiz","7":"pa_tur-oyun","8":"pa_yayinevi-dikkat-atolyesi-yayinlari","9":"pa_yazar-canan-demir","11":"first","12":"instock","13":"sale","14":"shipping-taxable","15":"purchasable","16":"product-type-simple"},"_links":{"self":[{"href":"https:\/\/roveyayinevi.com.tr\/index.php\/wp-json\/wp\/v2\/product\/769422","targetHints":{"allow":["GET"]}}],"collection":[{"href":"https:\/\/roveyayinevi.com.tr\/index.php\/wp-json\/wp\/v2\/product"}],"about":[{"href":"https:\/\/roveyayinevi.com.tr\/index.php\/wp-json\/wp\/v2\/types\/product"}],"wp:attachment":[{"href":"https:\/\/roveyayinevi.com.tr\/index.php\/wp-json\/wp\/v2\/media?parent=769422"}],"wp:term":[{"taxonomy":"product_brand","embeddable":true,"href":"https:\/\/roveyayinevi.com.tr\/index.php\/wp-json\/wp\/v2\/product_brand?post=769422"},{"taxonomy":"product_cat","embeddable":true,"href":"https:\/\/roveyayinevi.com.tr\/index.php\/wp-json\/wp\/v2\/product_cat?post=769422"},{"taxonomy":"product_tag","embeddable":true,"href":"https:\/\/roveyayinevi.com.tr\/index.php\/wp-json\/wp\/v2\/product_tag?post=769422"}],"curies":[{"name":"wp","href":"https:\/\/api.w.org\/{rel}","templated":true}]}}