{"id":769418,"date":"2025-08-28T13:53:32","date_gmt":"2025-08-28T10:53:32","guid":{"rendered":"https:\/\/roveyayinevi.com.tr\/index.php\/urun\/bizim-apartman\/"},"modified":"2026-04-03T03:26:29","modified_gmt":"2026-04-03T00:26:29","slug":"bizim-apartman","status":"publish","type":"product","link":"https:\/\/roveyayinevi.com.tr\/index.php\/urun\/bizim-apartman\/","title":{"rendered":"Bizim Apartman"},"content":{"rendered":"<p>Asistan\u0131 var, bol bol kitap okuyor. Televizyon programlar\u0131na kat\u0131l\u0131yor, konu\u015fma yap\u0131yor. \u00d6zg\u00fcven havalarda. \u00c7ok komik, \u00e7ok \u00fcretken. Kimden mi bahsediyorum? Elbette bizim apartman\u0131n g\u00f6revlisi G\u00fcler teyzeden. M\u00fcthi\u015f bir kad\u0131n. E\u015fine s\u00fcrekli i\u015f yeri a\u00e7\u0131yor ama e\u015fi her defas\u0131nda iflas ediyor. S\u0131ra d\u0131\u015f\u0131 biri kendisi, sen de onu tan\u0131mal\u0131s\u0131n\u2026 <\/p>\n","protected":false},"excerpt":{"rendered":"<p>Asistan\u0131 var, bol bol kitap okuyor. Televizyon programlar\u0131na kat\u0131l\u0131yor, konu\u015fma yap\u0131yor. \u00d6zg\u00fcven havalarda. \u00c7ok komik, \u00e7ok \u00fcretken. Kimden mi bahsediyorum? Elbette bizim apartman\u0131n g\u00f6revlisi G\u00fcler teyzeden.<span class=\"excerpt-hellip\"> [\u2026]<\/span><\/p>\n","protected":false},"featured_media":0,"template":"","meta":{"_monsterinsights_skip_tracking":false,"_monsterinsights_sitenote_active":false,"_monsterinsights_sitenote_note":"","_monsterinsights_sitenote_category":0},"product_brand":[],"product_cat":[12274,12284],"product_tag":[],"class_list":{"0":"post-769418","1":"product","2":"type-product","3":"status-publish","5":"product_cat-cocuk-ve-genclik-kitaplari","6":"product_cat-hikayeler","7":"pa_cilt-ciltsiz","8":"pa_tur-kitap","9":"pa_yayinevi-nesil-cocuk-yayinlari","10":"pa_yazar-yusuf-asal","12":"first","13":"instock","14":"sale","15":"shipping-taxable","16":"purchasable","17":"product-type-simple"},"_links":{"self":[{"href":"https:\/\/roveyayinevi.com.tr\/index.php\/wp-json\/wp\/v2\/product\/769418","targetHints":{"allow":["GET"]}}],"collection":[{"href":"https:\/\/roveyayinevi.com.tr\/index.php\/wp-json\/wp\/v2\/product"}],"about":[{"href":"https:\/\/roveyayinevi.com.tr\/index.php\/wp-json\/wp\/v2\/types\/product"}],"wp:attachment":[{"href":"https:\/\/roveyayinevi.com.tr\/index.php\/wp-json\/wp\/v2\/media?parent=769418"}],"wp:term":[{"taxonomy":"product_brand","embeddable":true,"href":"https:\/\/roveyayinevi.com.tr\/index.php\/wp-json\/wp\/v2\/product_brand?post=769418"},{"taxonomy":"product_cat","embeddable":true,"href":"https:\/\/roveyayinevi.com.tr\/index.php\/wp-json\/wp\/v2\/product_cat?post=769418"},{"taxonomy":"product_tag","embeddable":true,"href":"https:\/\/roveyayinevi.com.tr\/index.php\/wp-json\/wp\/v2\/product_tag?post=769418"}],"curies":[{"name":"wp","href":"https:\/\/api.w.org\/{rel}","templated":true}]}}