{"id":769413,"date":"2025-08-28T13:53:21","date_gmt":"2025-08-28T10:53:21","guid":{"rendered":"https:\/\/roveyayinevi.com.tr\/index.php\/urun\/irlanda-defteri\/"},"modified":"2026-04-15T03:35:41","modified_gmt":"2026-04-15T00:35:41","slug":"irlanda-defteri","status":"publish","type":"product","link":"https:\/\/roveyayinevi.com.tr\/index.php\/urun\/irlanda-defteri\/","title":{"rendered":"\u0130rlanda Defteri"},"content":{"rendered":"<p>Bug\u00fcn Dublin\u2019de harika bir hava vard\u0131. Ya\u011fmur bulutlar\u0131 sonunda da\u011f\u0131lm\u0131\u015f ve p\u0131r\u0131l p\u0131r\u0131l bir g\u00fcne\u015f a\u00e7m\u0131\u015ft\u0131. Islak kald\u0131r\u0131m ta\u015flar\u0131n\u0131n \u00fczerinde oyna\u015fan \u0131\u015f\u0131klar\u0131 seyrederken i\u00e7im sevin\u00e7le doldu. Kar\u015f\u0131daki d\u00fckk\u00e2n\u0131n vitrinindeki s\u00fcsl\u00fc p\u00fcsl\u00fc \u201cSeni \u00f6zledik, bahar!\u201d yaz\u0131s\u0131n\u0131 bu sefer i\u00e7 \u00e7ekmeden okudum. Bahar\u0131 \u00f6zlemi\u015ftik hakikaten. Nihayet gelmi\u015fti i\u015fte. Biraz serince ama g\u00fczel kokulu havay\u0131 ci\u011ferlerime doldurdum, kahvemden bir yudum ald\u0131m ve kitab\u0131m\u0131 a\u00e7\u0131p okumaya ba\u015flad\u0131m.Meltem G\u00fcrle, \u0130rlanda Defteri\u2019nde bir yandan Dublin sokaklar\u0131n\u0131 ar\u015f\u0131nlarken \u00f6te yandan g\u00fcndelik hayata ve edebiyata dair d\u00fc\u015f\u00fcnmeye devam ediyor. G\u00fcrle\u2019nin ki\u015fisel deneyimlerinden yola \u00e7\u0131karak kurgulad\u0131\u011f\u0131 bu denemeler, bug\u00fcnle d\u00fcn\u00fc birbirine ba\u011flarken okura da \u0130rlanda edebiyat\u0131na dair yeni pencereler a\u00e7\u0131yor.<\/p>\n","protected":false},"excerpt":{"rendered":"<p>Bug\u00fcn Dublin\u2019de harika bir hava vard\u0131. Ya\u011fmur bulutlar\u0131 sonunda da\u011f\u0131lm\u0131\u015f ve p\u0131r\u0131l p\u0131r\u0131l bir g\u00fcne\u015f a\u00e7m\u0131\u015ft\u0131. Islak kald\u0131r\u0131m ta\u015flar\u0131n\u0131n \u00fczerinde oyna\u015fan \u0131\u015f\u0131klar\u0131 seyrederken i\u00e7im sevin\u00e7le doldu.<span class=\"excerpt-hellip\"> [\u2026]<\/span><\/p>\n","protected":false},"featured_media":0,"template":"","meta":{"_monsterinsights_skip_tracking":false,"_monsterinsights_sitenote_active":false,"_monsterinsights_sitenote_note":"","_monsterinsights_sitenote_category":0},"product_brand":[],"product_cat":[12777,12291],"product_tag":[],"class_list":{"0":"post-769413","1":"product","2":"type-product","3":"status-publish","5":"product_cat-deneme","6":"product_cat-edebiyat","7":"pa_cilt-ciltsiz","8":"pa_tur-kitap","9":"pa_yayinevi-can-yayinlari","10":"pa_yazar-meltem-gurle","12":"first","13":"instock","14":"sale","15":"shipping-taxable","16":"purchasable","17":"product-type-simple"},"_links":{"self":[{"href":"https:\/\/roveyayinevi.com.tr\/index.php\/wp-json\/wp\/v2\/product\/769413","targetHints":{"allow":["GET"]}}],"collection":[{"href":"https:\/\/roveyayinevi.com.tr\/index.php\/wp-json\/wp\/v2\/product"}],"about":[{"href":"https:\/\/roveyayinevi.com.tr\/index.php\/wp-json\/wp\/v2\/types\/product"}],"wp:attachment":[{"href":"https:\/\/roveyayinevi.com.tr\/index.php\/wp-json\/wp\/v2\/media?parent=769413"}],"wp:term":[{"taxonomy":"product_brand","embeddable":true,"href":"https:\/\/roveyayinevi.com.tr\/index.php\/wp-json\/wp\/v2\/product_brand?post=769413"},{"taxonomy":"product_cat","embeddable":true,"href":"https:\/\/roveyayinevi.com.tr\/index.php\/wp-json\/wp\/v2\/product_cat?post=769413"},{"taxonomy":"product_tag","embeddable":true,"href":"https:\/\/roveyayinevi.com.tr\/index.php\/wp-json\/wp\/v2\/product_tag?post=769413"}],"curies":[{"name":"wp","href":"https:\/\/api.w.org\/{rel}","templated":true}]}}