{"id":769406,"date":"2025-08-28T13:53:05","date_gmt":"2025-08-28T10:53:05","guid":{"rendered":"https:\/\/roveyayinevi.com.tr\/index.php\/urun\/fotografla-iyilesme-sanati\/"},"modified":"2026-04-03T03:26:29","modified_gmt":"2026-04-03T00:26:29","slug":"fotografla-iyilesme-sanati","status":"publish","type":"product","link":"https:\/\/roveyayinevi.com.tr\/index.php\/urun\/fotografla-iyilesme-sanati\/","title":{"rendered":"Foto\u011frafla \u0130yile\u015fme Sanat\u0131"},"content":{"rendered":"<p>B\u0130R FOTO\u011eRAF SADECE ANILARINIZI SAKLAMAZ, RUHUNUZU DA \u0130Y\u0130LE\u015eT\u0130REB\u0130L\u0130R.   Baz\u0131 foto\u011fraflara bak\u0131nca i\u00e7imizi huzur kaplar, baz\u0131lar\u0131 ise derin bir melankoliye s\u00fcr\u00fckler bizi. Peki ya foto\u011fraflar\u0131n yaln\u0131zca an\u0131lar\u0131m\u0131z\u0131 de\u011fil, duygular\u0131m\u0131z\u0131 ve hatta bedenimizi de d\u00f6n\u00fc\u015ft\u00fcrme g\u00fcc\u00fc oldu\u011funu s\u00f6ylesek?   B\u00fclent Demircio\u011flu, Foto\u011frafla \u0130yile\u015fme Sanat\u0131\u2019nda, ge\u00e7mi\u015fin izlerini ta\u015f\u0131yan karelerin nas\u0131l bir \u015fifa arac\u0131na d\u00f6n\u00fc\u015febilece\u011fini anlat\u0131yor. Sadece an\u0131lar\u0131n\u0131za de\u011fil, bilin\u00e7alt\u0131n\u0131za da dokunan bu \u00e7al\u0131\u015fmayla travmalar\u0131n\u0131z\u0131 \u00e7\u00f6zebilir, ruhsal y\u00fcklerinizden ar\u0131nabilir ve yepyeni bir enerji alan\u0131 yaratabilirsiniz.   Bu kitap, foto\u011fraflar\u0131n s\u0131ra d\u0131\u015f\u0131 titre\u015fim g\u00fcc\u00fcn\u00fc kullanarak hastal\u0131klar\u0131, korkular\u0131, ba\u011f\u0131ml\u0131l\u0131klar\u0131 ve i\u00e7sel yaralar\u0131 iyile\u015ftirme y\u00f6ntemlerini ad\u0131m ad\u0131m ke\u015ffetmenizi sa\u011fl\u0131yor.   E\u011fer ge\u00e7mi\u015finizle y\u00fczle\u015fmeye, kendinizi ke\u015ffetmeye ve yepyeni bir \u015fifa yolculu\u011funa \u00e7\u0131kmaya haz\u0131rsan\u0131z, \u015fimdi bir foto\u011fraf  se\u00e7in ve mucizelerin kap\u0131s\u0131n\u0131 aralay\u0131n! <\/p>\n","protected":false},"excerpt":{"rendered":"<p>B\u0130R FOTO\u011eRAF SADECE ANILARINIZI SAKLAMAZ, RUHUNUZU DA \u0130Y\u0130LE\u015eT\u0130REB\u0130L\u0130R. Baz\u0131 foto\u011fraflara bak\u0131nca i\u00e7imizi huzur kaplar, baz\u0131lar\u0131 ise derin bir melankoliye s\u00fcr\u00fckler bizi. Peki ya foto\u011fraflar\u0131n yaln\u0131zca an\u0131lar\u0131m\u0131z\u0131<span class=\"excerpt-hellip\"> [\u2026]<\/span><\/p>\n","protected":false},"featured_media":0,"template":"","meta":{"_monsterinsights_skip_tracking":false,"_monsterinsights_sitenote_active":false,"_monsterinsights_sitenote_note":"","_monsterinsights_sitenote_category":0},"product_brand":[],"product_cat":[12364,12376],"product_tag":[],"class_list":{"0":"post-769406","1":"product","2":"type-product","3":"status-publish","5":"product_cat-genel-konular","6":"product_cat-kisisel-gelisim","7":"pa_cilt-ciltsiz","8":"pa_tur-kitap","9":"pa_yayinevi-destek-yayinlari","10":"pa_yazar-bulent-demircioglu","12":"first","13":"instock","14":"sale","15":"shipping-taxable","16":"purchasable","17":"product-type-simple"},"_links":{"self":[{"href":"https:\/\/roveyayinevi.com.tr\/index.php\/wp-json\/wp\/v2\/product\/769406","targetHints":{"allow":["GET"]}}],"collection":[{"href":"https:\/\/roveyayinevi.com.tr\/index.php\/wp-json\/wp\/v2\/product"}],"about":[{"href":"https:\/\/roveyayinevi.com.tr\/index.php\/wp-json\/wp\/v2\/types\/product"}],"wp:attachment":[{"href":"https:\/\/roveyayinevi.com.tr\/index.php\/wp-json\/wp\/v2\/media?parent=769406"}],"wp:term":[{"taxonomy":"product_brand","embeddable":true,"href":"https:\/\/roveyayinevi.com.tr\/index.php\/wp-json\/wp\/v2\/product_brand?post=769406"},{"taxonomy":"product_cat","embeddable":true,"href":"https:\/\/roveyayinevi.com.tr\/index.php\/wp-json\/wp\/v2\/product_cat?post=769406"},{"taxonomy":"product_tag","embeddable":true,"href":"https:\/\/roveyayinevi.com.tr\/index.php\/wp-json\/wp\/v2\/product_tag?post=769406"}],"curies":[{"name":"wp","href":"https:\/\/api.w.org\/{rel}","templated":true}]}}