{"id":769405,"date":"2025-08-28T13:53:02","date_gmt":"2025-08-28T10:53:02","guid":{"rendered":"https:\/\/roveyayinevi.com.tr\/index.php\/urun\/gezgin-ruhlar\/"},"modified":"2026-04-15T03:35:41","modified_gmt":"2026-04-15T00:35:41","slug":"gezgin-ruhlar","status":"publish","type":"product","link":"https:\/\/roveyayinevi.com.tr\/index.php\/urun\/gezgin-ruhlar\/","title":{"rendered":"Gezgin Ruhlar"},"content":{"rendered":"<p>Women\u2019s Prize for Fiction 2023 Aday\u0131 \u201cZarif ve g\u00f6z kama\u015ft\u0131r\u0131c\u0131.\u201d \u2013R. F. Kuang \u201cYeni bir yetene\u011fin m\u00fcjdecisi.\u201d \u2013Guardian   Ba\u015fkalar\u0131n\u0131n g\u00f6z\u00fcnde yas tutman\u0131n do\u011fru, m\u00fcnasip bir yolu var: Ne \u00e7ok az ne \u00e7ok fazla. Ama yas\u0131n perdelerin gerisinde tutulan bir k\u0131sm\u0131 da var; sadece bize ve \u00f6lene ait bir k\u0131s\u0131m. Son Amerikan birli\u011finin de Vietnam\u2019\u0131 terk etmesinin hemen sonras\u0131nda, bir gece \u00fc\u00e7 karde\u015f Anh, Minh ve Thanh, anne babalar\u0131 ve k\u00fc\u00e7\u00fck karde\u015flerinin de arkalar\u0131ndan gelece\u011fi umuduyla Hong Kong\u2019a do\u011fru tehlikeli bir yolculu\u011fa \u00e7\u0131kar. Ama hi\u00e7bir \u015fey olmas\u0131 gerekti\u011fi gibi gitmez ve karde\u015fler koskoca d\u00fcnyada yersiz, evsiz ve yapayaln\u0131z bulur kendini. Derken kader onlar\u0131 bir \u015fekilde Thatcher\u2019\u0131n \u0130ngiltere\u2019sine s\u00fcr\u00fckler ve yeni bir hayat kurarlar. Anh faturalar\u0131 \u00f6demek i\u00e7in bir fabrikada \u00e7al\u0131\u015fmaya, Minh aylak aylak dola\u015fmaya, en k\u00fc\u00e7\u00fckleri Thanh ise arkada\u015flar\u0131yla vakit ge\u00e7irmeye ba\u015flar. Ancak onlar b\u00fcy\u00fcd\u00fck\u00e7e, hayatta kald\u0131klar\u0131 i\u00e7in \u00fczerlerine \u00e7\u00f6ken su\u00e7luluk hissi de b\u00fcy\u00fcr. Aralar\u0131ndaki sonsuz sevgi sayesinde ayakta kalm\u0131\u015f bu \u00fc\u00e7 yetimin yollar\u0131, verdikleri her kararla biraz daha ayr\u0131\u015f\u0131r. Ak\u0131l almaz zorluklarla s\u0131nanan bir ailenin y\u00fcrek burkan hik\u00e2yesini anlatan Gezgin Ruhlar, yas\u0131n ve karde\u015fli\u011fin roman\u0131.   \u201cSevgi ve taviz vermeyen umuda dair son derece insani, t\u00fcrleri a\u015fan bir yap\u0131t.\u201d \u2013Ocean Vuong Time, Goodreads, Debutiful, People\u2019da Y\u0131l\u0131n En \u0130yi Kitaplar\u0131 Se\u00e7kisi\u2019nde Andrew Carnegie Medal, Women\u2019s Prize ve Waterstones \u0130lk Roman \u00d6d\u00fcl\u00fc 2023 Aday\u0131 <\/p>\n","protected":false},"excerpt":{"rendered":"<p>Women\u2019s Prize for Fiction 2023 Aday\u0131 \u201cZarif ve g\u00f6z kama\u015ft\u0131r\u0131c\u0131.\u201d \u2013R. F. Kuang \u201cYeni bir yetene\u011fin m\u00fcjdecisi.\u201d \u2013Guardian Ba\u015fkalar\u0131n\u0131n g\u00f6z\u00fcnde yas tutman\u0131n do\u011fru, m\u00fcnasip bir yolu<span class=\"excerpt-hellip\"> [\u2026]<\/span><\/p>\n","protected":false},"featured_media":0,"template":"","meta":{"_monsterinsights_skip_tracking":false,"_monsterinsights_sitenote_active":false,"_monsterinsights_sitenote_note":"","_monsterinsights_sitenote_category":0},"product_brand":[],"product_cat":[12291,12711],"product_tag":[],"class_list":{"0":"post-769405","1":"product","2":"type-product","3":"status-publish","5":"product_cat-edebiyat","6":"product_cat-roman-oyku","7":"pa_cilt-ciltsiz","8":"pa_tur-kitap","9":"pa_yayinevi-domingo-yayinevi","10":"pa_yazar-cecile-pin","12":"first","13":"instock","14":"sale","15":"shipping-taxable","16":"purchasable","17":"product-type-simple"},"_links":{"self":[{"href":"https:\/\/roveyayinevi.com.tr\/index.php\/wp-json\/wp\/v2\/product\/769405","targetHints":{"allow":["GET"]}}],"collection":[{"href":"https:\/\/roveyayinevi.com.tr\/index.php\/wp-json\/wp\/v2\/product"}],"about":[{"href":"https:\/\/roveyayinevi.com.tr\/index.php\/wp-json\/wp\/v2\/types\/product"}],"wp:attachment":[{"href":"https:\/\/roveyayinevi.com.tr\/index.php\/wp-json\/wp\/v2\/media?parent=769405"}],"wp:term":[{"taxonomy":"product_brand","embeddable":true,"href":"https:\/\/roveyayinevi.com.tr\/index.php\/wp-json\/wp\/v2\/product_brand?post=769405"},{"taxonomy":"product_cat","embeddable":true,"href":"https:\/\/roveyayinevi.com.tr\/index.php\/wp-json\/wp\/v2\/product_cat?post=769405"},{"taxonomy":"product_tag","embeddable":true,"href":"https:\/\/roveyayinevi.com.tr\/index.php\/wp-json\/wp\/v2\/product_tag?post=769405"}],"curies":[{"name":"wp","href":"https:\/\/api.w.org\/{rel}","templated":true}]}}