{"id":769397,"date":"2025-08-28T13:52:41","date_gmt":"2025-08-28T10:52:41","guid":{"rendered":"https:\/\/roveyayinevi.com.tr\/index.php\/urun\/evindeki-orman-ciltli\/"},"modified":"2026-02-02T03:31:48","modified_gmt":"2026-02-02T00:31:48","slug":"evindeki-orman-ciltli","status":"publish","type":"product","link":"https:\/\/roveyayinevi.com.tr\/index.php\/urun\/evindeki-orman-ciltli\/","title":{"rendered":"Evindeki Orman (Ciltli)"},"content":{"rendered":"<p>Evinde bir orman oldu\u011funu biliyor musun? Ev bitkileri sessiz bir \u015fekilde d\u00fcnyam\u0131z\u0131 de\u011fi\u015ftiriyor. Ye\u015fil yapraklar\u0131yla havam\u0131z\u0131 temizlerken, \u00e7i\u00e7ekleriyle de girdi\u011fi ortam\u0131 \u015fenlendiriyor. \u00dcstelik \u00e7ok fazla bir \u015fey de istemiyorlar. Uygun bir toprak, su ve do\u011fru \u0131\u015f\u0131k yeterli! Bu kitapta bitki uzman\u0131 Michael Holland, kakt\u00fcslerden devetabanlar\u0131na ve b\u00f6cek yiyen bitkilerden orkidelere kadar ev bitkileri hakk\u0131nda ipu\u00e7lar\u0131 veriyor. Kendin yap projeleriyle de e\u011flenceli ve \u015fa\u015f\u0131rt\u0131c\u0131 bitki deneyleri sunuyor. Evindeki Orman, evindeki ye\u015fil d\u00fcnya i\u00e7in bir rehber kitap. Baz\u0131 ev bitkilerinin bu kitap hakk\u0131ndaki yorumlar\u0131: \u201cSaks\u0131m de\u011fi\u015ftikten sonra hayat\u0131m de\u011fi\u015fti. Her evde okunmas\u0131 gereken bir kitap!\u201d-\u00c7illi begonya \u201cD\u00fczenli sulan\u0131yorum. I\u015f\u0131k da tam istedi\u011fim gibi. Hepsi bu kitap sayesinde!\u201d-Devetaban\u0131 \u201cT\u00fcr\u00fcm hakk\u0131nda konu\u015fulmayan\u0131 konu\u015fmu\u015f m\u00fcthi\u015f bir eser. Ger\u00e7eklerin ortaya \u00e7\u0131kmak gibi bir huyu vard\u0131r\u2026\u201d-Filozof ba\u015f\u0131 kakt\u00fcs\u00fc \u201cEv arkada\u015f\u0131m bu kitab\u0131 okuyunca bana daha iyi bakmaya ba\u015flad\u0131. Mutluluktan \u00e7i\u00e7ek a\u00e7t\u0131m!\u201d-Aloe Vera <\/p>\n","protected":false},"excerpt":{"rendered":"<p>Evinde bir orman oldu\u011funu biliyor musun? Ev bitkileri sessiz bir \u015fekilde d\u00fcnyam\u0131z\u0131 de\u011fi\u015ftiriyor. Ye\u015fil yapraklar\u0131yla havam\u0131z\u0131 temizlerken, \u00e7i\u00e7ekleriyle de girdi\u011fi ortam\u0131 \u015fenlendiriyor. \u00dcstelik \u00e7ok fazla bir<span class=\"excerpt-hellip\"> [\u2026]<\/span><\/p>\n","protected":false},"featured_media":0,"template":"","meta":{"_monsterinsights_skip_tracking":false,"_monsterinsights_sitenote_active":false,"_monsterinsights_sitenote_note":"","_monsterinsights_sitenote_category":0},"product_brand":[],"product_cat":[12274,12284],"product_tag":[],"class_list":{"0":"post-769397","1":"product","2":"type-product","3":"status-publish","5":"product_cat-cocuk-ve-genclik-kitaplari","6":"product_cat-hikayeler","7":"pa_cilt-ciltli","8":"pa_tur-kitap","9":"pa_yayinevi-taze-kitap","10":"pa_yazar-michael-holland","12":"first","13":"instock","14":"sale","15":"shipping-taxable","16":"purchasable","17":"product-type-simple"},"_links":{"self":[{"href":"https:\/\/roveyayinevi.com.tr\/index.php\/wp-json\/wp\/v2\/product\/769397","targetHints":{"allow":["GET"]}}],"collection":[{"href":"https:\/\/roveyayinevi.com.tr\/index.php\/wp-json\/wp\/v2\/product"}],"about":[{"href":"https:\/\/roveyayinevi.com.tr\/index.php\/wp-json\/wp\/v2\/types\/product"}],"wp:attachment":[{"href":"https:\/\/roveyayinevi.com.tr\/index.php\/wp-json\/wp\/v2\/media?parent=769397"}],"wp:term":[{"taxonomy":"product_brand","embeddable":true,"href":"https:\/\/roveyayinevi.com.tr\/index.php\/wp-json\/wp\/v2\/product_brand?post=769397"},{"taxonomy":"product_cat","embeddable":true,"href":"https:\/\/roveyayinevi.com.tr\/index.php\/wp-json\/wp\/v2\/product_cat?post=769397"},{"taxonomy":"product_tag","embeddable":true,"href":"https:\/\/roveyayinevi.com.tr\/index.php\/wp-json\/wp\/v2\/product_tag?post=769397"}],"curies":[{"name":"wp","href":"https:\/\/api.w.org\/{rel}","templated":true}]}}