{"id":769394,"date":"2025-08-28T13:52:34","date_gmt":"2025-08-28T10:52:34","guid":{"rendered":"https:\/\/roveyayinevi.com.tr\/index.php\/urun\/ciplak-elli-kahraman\/"},"modified":"2026-04-15T03:35:41","modified_gmt":"2026-04-15T00:35:41","slug":"ciplak-elli-kahraman","status":"publish","type":"product","link":"https:\/\/roveyayinevi.com.tr\/index.php\/urun\/ciplak-elli-kahraman\/","title":{"rendered":"\u00c7\u0131plak Elli Kahraman"},"content":{"rendered":"<p>Futbol bir favelada sadece futbol de\u011fildir! \u00c7a\u011fda\u015f Yunan edebiyat\u0131n\u0131n \u00f6d\u00fcll\u00fc yazarlar\u0131ndan Giorgos Panagiotakis, T\u00fcrk\u00e7e&#8217;deki ilk roman\u0131nda okurunu, Brezilya&#8217;n\u0131n en b\u00fcy\u00fck kentlerinden Rio&#8217;nun bir gecekondu mahallesine, darac\u0131k sokaklar\u0131 ve yoku\u015flar\u0131yla bir &#8220;favela&#8221;ya konuk ediyor. Yoksullu\u011fun, tehlikenin kol gezdi\u011fi bu derme \u00e7atma, kalabal\u0131k mahallede bir grup gen\u00e7, futbol tutkular\u0131 sayesinde kadere meydan okuyor. S\u0131radanla\u015fm\u0131\u015f k\u00f6t\u00fcl\u00fc\u011fe ve \u015fiddete kar\u015f\u0131 direni\u015fin, sevginin ve son d\u00fcd\u00fc\u011fe kadar umudunu koruyanlar\u0131n roman\u0131&#8230; Rio&#8217;nun yoksullar mahallesinde b\u00fcy\u00fckannesiyle ya\u015fayan Paulo&#8217;nun en b\u00fcy\u00fck tutkusu futboldur. Pisote, Loco, g\u00fczel Fabiana ve di\u011ferleriyle birlikte, moloz dolu arsada top pe\u015finde ko\u015farken, y\u0131ld\u0131z bir oyuncu olma hayali kurar. Mahallenin &#8220;sahibi&#8221; ge\u00e7inen Imortal&#8217;\u0131n bile dikkatini \u00e7eker. Ancak yasad\u0131\u015f\u0131 i\u015fler \u00e7eviren bu adam, \u015fikeli ma\u00e7lar, sahte menajerler, hayali yetenek avc\u0131lar\u0131yla gen\u00e7leri karanl\u0131k i\u015flerinde kullanmaktad\u0131r. Canlar\u0131 pahas\u0131na yoksulluktan kurtulmaya \u00e7abalayan gen\u00e7lere, lanetlenmi\u015f eski bir kaleci el uzat\u0131r\u2026<\/p>\n","protected":false},"excerpt":{"rendered":"<p>Futbol bir favelada sadece futbol de\u011fildir! \u00c7a\u011fda\u015f Yunan edebiyat\u0131n\u0131n \u00f6d\u00fcll\u00fc yazarlar\u0131ndan Giorgos Panagiotakis, T\u00fcrk\u00e7e&#8217;deki ilk roman\u0131nda okurunu, Brezilya&#8217;n\u0131n en b\u00fcy\u00fck kentlerinden Rio&#8217;nun bir gecekondu mahallesine, darac\u0131k<span class=\"excerpt-hellip\"> [\u2026]<\/span><\/p>\n","protected":false},"featured_media":0,"template":"","meta":{"_monsterinsights_skip_tracking":false,"_monsterinsights_sitenote_active":false,"_monsterinsights_sitenote_note":"","_monsterinsights_sitenote_category":0},"product_brand":[],"product_cat":[12274,12284],"product_tag":[],"class_list":{"0":"post-769394","1":"product","2":"type-product","3":"status-publish","5":"product_cat-cocuk-ve-genclik-kitaplari","6":"product_cat-hikayeler","7":"pa_cilt-ciltsiz","8":"pa_tur-kitap","9":"pa_yayinevi-gunisigi-kitapligi","10":"pa_yazar-giorgos-panagiotakis","12":"first","13":"instock","14":"sale","15":"shipping-taxable","16":"purchasable","17":"product-type-simple"},"_links":{"self":[{"href":"https:\/\/roveyayinevi.com.tr\/index.php\/wp-json\/wp\/v2\/product\/769394","targetHints":{"allow":["GET"]}}],"collection":[{"href":"https:\/\/roveyayinevi.com.tr\/index.php\/wp-json\/wp\/v2\/product"}],"about":[{"href":"https:\/\/roveyayinevi.com.tr\/index.php\/wp-json\/wp\/v2\/types\/product"}],"wp:attachment":[{"href":"https:\/\/roveyayinevi.com.tr\/index.php\/wp-json\/wp\/v2\/media?parent=769394"}],"wp:term":[{"taxonomy":"product_brand","embeddable":true,"href":"https:\/\/roveyayinevi.com.tr\/index.php\/wp-json\/wp\/v2\/product_brand?post=769394"},{"taxonomy":"product_cat","embeddable":true,"href":"https:\/\/roveyayinevi.com.tr\/index.php\/wp-json\/wp\/v2\/product_cat?post=769394"},{"taxonomy":"product_tag","embeddable":true,"href":"https:\/\/roveyayinevi.com.tr\/index.php\/wp-json\/wp\/v2\/product_tag?post=769394"}],"curies":[{"name":"wp","href":"https:\/\/api.w.org\/{rel}","templated":true}]}}