{"id":769387,"date":"2025-08-28T13:52:20","date_gmt":"2025-08-28T10:52:20","guid":{"rendered":"https:\/\/roveyayinevi.com.tr\/index.php\/urun\/kendine-ihlal\/"},"modified":"2026-04-15T03:35:40","modified_gmt":"2026-04-15T00:35:40","slug":"kendine-ihlal","status":"publish","type":"product","link":"https:\/\/roveyayinevi.com.tr\/index.php\/urun\/kendine-ihlal\/","title":{"rendered":"Kendine \u0130hlal"},"content":{"rendered":"<p>Kendine \u0130hlal, \u015fair ve yazar Zelda U\u00e7ar\u2019\u0131n, Kan ve Kir (roman), Sanc\u0131 (\u015fiir) adl\u0131 kitaplar\u0131ndan sonra yay\u0131mlanan \u00fc\u00e7\u00fcnc\u00fc kitab\u0131d\u0131r.   \u201cHangi enstr\u00fcman\u0131 elime alsam \u00e7alacakm\u0131\u015f\u0131m gibi bir his Hangi \u015fehre gitsem mutlu olacakm\u0131\u015f\u0131m gibi bir heves\u2026\u201d (Kendine \u0130hlal adl\u0131 \u015fiirden) <\/p>\n","protected":false},"excerpt":{"rendered":"<p>Kendine \u0130hlal, \u015fair ve yazar Zelda U\u00e7ar\u2019\u0131n, Kan ve Kir (roman), Sanc\u0131 (\u015fiir) adl\u0131 kitaplar\u0131ndan sonra yay\u0131mlanan \u00fc\u00e7\u00fcnc\u00fc kitab\u0131d\u0131r. \u201cHangi enstr\u00fcman\u0131 elime alsam \u00e7alacakm\u0131\u015f\u0131m gibi bir<span class=\"excerpt-hellip\"> [\u2026]<\/span><\/p>\n","protected":false},"featured_media":0,"template":"","meta":{"_monsterinsights_skip_tracking":false,"_monsterinsights_sitenote_active":false,"_monsterinsights_sitenote_note":"","_monsterinsights_sitenote_category":0},"product_brand":[],"product_cat":[12291,12509],"product_tag":[],"class_list":{"0":"post-769387","1":"product","2":"type-product","3":"status-publish","5":"product_cat-edebiyat","6":"product_cat-siir","7":"pa_cilt-ciltsiz","8":"pa_tur-kitap","9":"pa_yayinevi-denizkizi-yayinlari","10":"pa_yazar-zelda-ucar","12":"first","13":"instock","14":"sale","15":"shipping-taxable","16":"purchasable","17":"product-type-simple"},"_links":{"self":[{"href":"https:\/\/roveyayinevi.com.tr\/index.php\/wp-json\/wp\/v2\/product\/769387","targetHints":{"allow":["GET"]}}],"collection":[{"href":"https:\/\/roveyayinevi.com.tr\/index.php\/wp-json\/wp\/v2\/product"}],"about":[{"href":"https:\/\/roveyayinevi.com.tr\/index.php\/wp-json\/wp\/v2\/types\/product"}],"wp:attachment":[{"href":"https:\/\/roveyayinevi.com.tr\/index.php\/wp-json\/wp\/v2\/media?parent=769387"}],"wp:term":[{"taxonomy":"product_brand","embeddable":true,"href":"https:\/\/roveyayinevi.com.tr\/index.php\/wp-json\/wp\/v2\/product_brand?post=769387"},{"taxonomy":"product_cat","embeddable":true,"href":"https:\/\/roveyayinevi.com.tr\/index.php\/wp-json\/wp\/v2\/product_cat?post=769387"},{"taxonomy":"product_tag","embeddable":true,"href":"https:\/\/roveyayinevi.com.tr\/index.php\/wp-json\/wp\/v2\/product_tag?post=769387"}],"curies":[{"name":"wp","href":"https:\/\/api.w.org\/{rel}","templated":true}]}}