{"id":769386,"date":"2025-08-28T13:52:18","date_gmt":"2025-08-28T10:52:18","guid":{"rendered":"https:\/\/roveyayinevi.com.tr\/index.php\/urun\/kayboldugum-yerde-bulundum\/"},"modified":"2026-04-11T14:38:02","modified_gmt":"2026-04-11T11:38:02","slug":"kayboldugum-yerde-bulundum","status":"publish","type":"product","link":"https:\/\/roveyayinevi.com.tr\/index.php\/urun\/kayboldugum-yerde-bulundum\/","title":{"rendered":"Kayboldu\u011fum Yerde Bulundum"},"content":{"rendered":"<p>Birbirimizi g\u00f6rmek i\u00e7in g\u00f6zlerimize ihtiyac\u0131m\u0131z vard\u0131rc ama kendimizi g\u00f6rmek i\u00e7in onlar\u0131 kapatmaya. E\u011fer \u00e7a\u011fr\u0131ya kulak kapamazsan duyacaks\u0131n ki ilk davet \u00f6z\u00fcnedir. \u0130zin ver, do\u011fanda gizlenen \u015fey seni ele ge\u00e7irsin. \u0130zin ver varolu\u015f sende kendini ger\u00e7ekle\u015ftirsin. Oysa sen hep d\u0131\u015far\u0131da arars\u0131n mucizeleri, onun kendinden do\u011faca\u011f\u0131ndan habersiz bir gelgitin i\u00e7inde ba\u015fkalar\u0131n\u0131n k\u0131y\u0131s\u0131na \u00e7arpars\u0131n. Hayatta kalmay\u0131 bir par\u00e7a kolayla\u015ft\u0131rmak i\u00e7in maskeler icat edersin. Bense sessizce seni izlerim. Oyunun bitmesini. Bana ula\u015fmak i\u00e7in derbeder olanlar\u0131n hikayesini duymu\u015fsundur, yal\u0131nayak k\u0131zg\u0131n \u00e7\u00f6llerde y\u00fcr\u00fcyenleri, aray\u0131\u015f\u0131n\u0131 ta\u00e7land\u0131rmak i\u00e7in her \u015feyi g\u00f6ze alanlar\u0131, u\u011fruna d\u00fcnyay\u0131 feda edenleri. Ben seni beklerim \u00e7\u00fcnk\u00fc ben senin en derinine gizlenmi\u015f ger\u00e7e\u011fim. Ve bulunmak isterim&#8230; Yoga e\u011fitmeni ve yazar \u015eila Servet Y\u0131ld\u0131z b\u00fct\u00fcnselle\u015ftirici yol ve ilkelerle yolculu\u011fu yeni ba\u015ftan yaz\u0131yor. Bizi sahici bir bulu\u015fmadan al\u0131koyan engelleri yolumuzdan kald\u0131r\u0131yor, pratikler, meditasyonlar, g\u00f6lge ve nefes \u00e7al\u0131\u015fmalar\u0131yla kendimize haketti\u011fimiz en y\u00fcce de\u011feri nas\u0131l sunaca\u011f\u0131m\u0131z\u0131 anlat\u0131yor.<\/p>\n","protected":false},"excerpt":{"rendered":"<p>Birbirimizi g\u00f6rmek i\u00e7in g\u00f6zlerimize ihtiyac\u0131m\u0131z vard\u0131rc ama kendimizi g\u00f6rmek i\u00e7in onlar\u0131 kapatmaya. E\u011fer \u00e7a\u011fr\u0131ya kulak kapamazsan duyacaks\u0131n ki ilk davet \u00f6z\u00fcnedir. \u0130zin ver, do\u011fanda gizlenen \u015fey<span class=\"excerpt-hellip\"> [\u2026]<\/span><\/p>\n","protected":false},"featured_media":0,"template":"","meta":{"_monsterinsights_skip_tracking":false,"_monsterinsights_sitenote_active":false,"_monsterinsights_sitenote_note":"","_monsterinsights_sitenote_category":0},"product_brand":[],"product_cat":[12364,12376],"product_tag":[],"class_list":{"0":"post-769386","1":"product","2":"type-product","3":"status-publish","5":"product_cat-genel-konular","6":"product_cat-kisisel-gelisim","7":"pa_cilt-ciltsiz","8":"pa_tur-kitap","9":"pa_yayinevi-serenad-yayinevi","10":"pa_yazar-sila-servet-yildiz","12":"first","13":"instock","14":"sale","15":"shipping-taxable","16":"purchasable","17":"product-type-simple"},"_links":{"self":[{"href":"https:\/\/roveyayinevi.com.tr\/index.php\/wp-json\/wp\/v2\/product\/769386","targetHints":{"allow":["GET"]}}],"collection":[{"href":"https:\/\/roveyayinevi.com.tr\/index.php\/wp-json\/wp\/v2\/product"}],"about":[{"href":"https:\/\/roveyayinevi.com.tr\/index.php\/wp-json\/wp\/v2\/types\/product"}],"wp:attachment":[{"href":"https:\/\/roveyayinevi.com.tr\/index.php\/wp-json\/wp\/v2\/media?parent=769386"}],"wp:term":[{"taxonomy":"product_brand","embeddable":true,"href":"https:\/\/roveyayinevi.com.tr\/index.php\/wp-json\/wp\/v2\/product_brand?post=769386"},{"taxonomy":"product_cat","embeddable":true,"href":"https:\/\/roveyayinevi.com.tr\/index.php\/wp-json\/wp\/v2\/product_cat?post=769386"},{"taxonomy":"product_tag","embeddable":true,"href":"https:\/\/roveyayinevi.com.tr\/index.php\/wp-json\/wp\/v2\/product_tag?post=769386"}],"curies":[{"name":"wp","href":"https:\/\/api.w.org\/{rel}","templated":true}]}}