{"id":769383,"date":"2025-08-28T13:52:11","date_gmt":"2025-08-28T10:52:11","guid":{"rendered":"https:\/\/roveyayinevi.com.tr\/index.php\/urun\/kanatlarin-kirilsa-da-ucmaya-devam-et\/"},"modified":"2026-04-15T03:35:40","modified_gmt":"2026-04-15T00:35:40","slug":"kanatlarin-kirilsa-da-ucmaya-devam-et","status":"publish","type":"product","link":"https:\/\/roveyayinevi.com.tr\/index.php\/urun\/kanatlarin-kirilsa-da-ucmaya-devam-et\/","title":{"rendered":"Kanatlar\u0131n K\u0131r\u0131lsa da U\u00e7maya Devam Et"},"content":{"rendered":"<p>Her u\u00e7u\u015f, bir d\u00fc\u015f\u00fc\u015fle ba\u015flar. Ve her d\u00fc\u015f\u00fc\u015f, insan\u0131 kendi i\u00e7indeki en derin ger\u00e7eklerle y\u00fczle\u015ftirir. \u201cKanatlar\u0131n K\u0131r\u0131lsa da U\u00e7maya Devam Et\u201d, kay\u0131plar\u0131n ve yaralar\u0131n, insan\u0131 nas\u0131l yeniden \u015fekillendirdi\u011fini anlatan bir ya\u015fam k\u0131lavuzu.Hayat, k\u0131r\u0131lmalar\u0131m\u0131zla bizi s\u0131nar. Ama unutmamal\u0131y\u0131z ki her k\u0131r\u0131k, \u0131\u015f\u0131\u011f\u0131n i\u00e7eri s\u0131zmas\u0131 i\u00e7in bir kap\u0131d\u0131r. Y\u00fckselmek i\u00e7in \u00f6nce dibe vurmal\u0131, yeniden u\u00e7abilmek i\u00e7in kanatlar\u0131n\u0131n ac\u0131s\u0131n\u0131 hissetmelisin. \u00c7\u00fcnk\u00fc ger\u00e7ek g\u00fc\u00e7, en karanl\u0131k anlarda do\u011far.\u201cD\u00fc\u015fmek, kaderin insana f\u0131s\u0131ldad\u0131\u011f\u0131 en b\u00fcy\u00fck \u00f6\u011fretidir. Yere \u00e7arpt\u0131\u011f\u0131nda de\u011fil, kalkmay\u0131 reddetti\u011finde kaybedersin.\u201dBu kitap, i\u00e7indeki sessiz sava\u015f\u00e7\u0131y\u0131 uyand\u0131rmak, kanatlar\u0131ndaki yaralar\u0131 birer onur ni\u015fan\u0131 olarak g\u00f6rmeni sa\u011flamak i\u00e7in yaz\u0131ld\u0131. \u00c7\u00fcnk\u00fc insan, yaln\u0131zca d\u00fc\u015f\u00fc\u015flerinin y\u00fck\u00fcyle de\u011fil, yeniden u\u00e7may\u0131 se\u00e7ti\u011fi anlarla b\u00fcy\u00fcr.<\/p>\n","protected":false},"excerpt":{"rendered":"<p>Her u\u00e7u\u015f, bir d\u00fc\u015f\u00fc\u015fle ba\u015flar. Ve her d\u00fc\u015f\u00fc\u015f, insan\u0131 kendi i\u00e7indeki en derin ger\u00e7eklerle y\u00fczle\u015ftirir. \u201cKanatlar\u0131n K\u0131r\u0131lsa da U\u00e7maya Devam Et\u201d, kay\u0131plar\u0131n ve yaralar\u0131n, insan\u0131 nas\u0131l<span class=\"excerpt-hellip\"> [\u2026]<\/span><\/p>\n","protected":false},"featured_media":0,"template":"","meta":{"_monsterinsights_skip_tracking":false,"_monsterinsights_sitenote_active":false,"_monsterinsights_sitenote_note":"","_monsterinsights_sitenote_category":0},"product_brand":[],"product_cat":[12291,12711],"product_tag":[],"class_list":{"0":"post-769383","1":"product","2":"type-product","3":"status-publish","5":"product_cat-edebiyat","6":"product_cat-roman-oyku","7":"pa_cilt-ciltsiz","8":"pa_tur-kitap","9":"pa_yayinevi-epsilon-yayinlari","10":"pa_yazar-songul-unsal","12":"first","13":"instock","14":"sale","15":"shipping-taxable","16":"purchasable","17":"product-type-simple"},"_links":{"self":[{"href":"https:\/\/roveyayinevi.com.tr\/index.php\/wp-json\/wp\/v2\/product\/769383","targetHints":{"allow":["GET"]}}],"collection":[{"href":"https:\/\/roveyayinevi.com.tr\/index.php\/wp-json\/wp\/v2\/product"}],"about":[{"href":"https:\/\/roveyayinevi.com.tr\/index.php\/wp-json\/wp\/v2\/types\/product"}],"wp:attachment":[{"href":"https:\/\/roveyayinevi.com.tr\/index.php\/wp-json\/wp\/v2\/media?parent=769383"}],"wp:term":[{"taxonomy":"product_brand","embeddable":true,"href":"https:\/\/roveyayinevi.com.tr\/index.php\/wp-json\/wp\/v2\/product_brand?post=769383"},{"taxonomy":"product_cat","embeddable":true,"href":"https:\/\/roveyayinevi.com.tr\/index.php\/wp-json\/wp\/v2\/product_cat?post=769383"},{"taxonomy":"product_tag","embeddable":true,"href":"https:\/\/roveyayinevi.com.tr\/index.php\/wp-json\/wp\/v2\/product_tag?post=769383"}],"curies":[{"name":"wp","href":"https:\/\/api.w.org\/{rel}","templated":true}]}}