{"id":769379,"date":"2025-08-28T13:51:59","date_gmt":"2025-08-28T10:51:59","guid":{"rendered":"https:\/\/roveyayinevi.com.tr\/index.php\/urun\/her-sey-bir-oyunla-basladi\/"},"modified":"2026-04-15T03:35:40","modified_gmt":"2026-04-15T00:35:40","slug":"her-sey-bir-oyunla-basladi","status":"publish","type":"product","link":"https:\/\/roveyayinevi.com.tr\/index.php\/urun\/her-sey-bir-oyunla-basladi\/","title":{"rendered":"Her \u015eey Bir Oyunla Ba\u015flad\u0131"},"content":{"rendered":"<p>Bir mektupla\u015fma oyunuyla ba\u015flayan masum bir hayal\u2026 Ve 14 ya\u015f\u0131nda omuzlar\u0131na y\u00fcklenen bir evlilik. Hen\u00fcz \u00e7ocukken, kendi masallar\u0131n\u0131 yazmas\u0131 gereken ya\u015fta, ailesinin kararlar\u0131yla sessiz bir evlili\u011fe mahk\u00fbm edilen bir k\u0131z \u00e7ocu\u011fu. Ne \u00e7ocuklu\u011funa s\u0131\u011fabilen ne de b\u00fcy\u00fckl\u00fc\u011f\u00fcne\u2026 Ne ailesinin g\u00f6z\u00fcnde &#8220;iyi bir evlat&#8221; olabilen ne de evlili\u011finde &#8220;mutlu bir e\u015f.&#8221; Bu hik\u00e2ye, toplumun yaz\u0131lmam\u0131\u015f kurallar\u0131n\u0131n alt\u0131nda ezilen bir gen\u00e7 k\u0131z\u0131n i\u00e7sel isyan\u0131n\u0131, hayalleri ve korkular\u0131 aras\u0131nda s\u0131k\u0131\u015f\u0131p kalan bir ruhun \u00e7\u0131rp\u0131n\u0131\u015flar\u0131n\u0131 anlat\u0131yor. Bu kitapla Mutlulu\u011fu kendine ait olmayan bir d\u00fcnyada arayan, sevilmeyi hak etti\u011fine inanan ama hep yar\u0131m kalan bir ya\u015fam\u0131n izlerini takip edeceksiniz. Bu roman, k\u00fc\u00e7\u00fck bir k\u0131z\u0131n susturulmu\u015f sesinden yank\u0131lanan bir \u00e7\u0131\u011fl\u0131k. Hayallerin, sessiz \u00e7\u0131\u011fl\u0131klar\u0131n ve g\u00f6r\u00fcnmeyen yaralar\u0131n hik\u00e2yesiyle y\u00fczle\u015fmeye haz\u0131r olun. <\/p>\n","protected":false},"excerpt":{"rendered":"<p>Bir mektupla\u015fma oyunuyla ba\u015flayan masum bir hayal\u2026 Ve 14 ya\u015f\u0131nda omuzlar\u0131na y\u00fcklenen bir evlilik. Hen\u00fcz \u00e7ocukken, kendi masallar\u0131n\u0131 yazmas\u0131 gereken ya\u015fta, ailesinin kararlar\u0131yla sessiz bir evlili\u011fe<span class=\"excerpt-hellip\"> [\u2026]<\/span><\/p>\n","protected":false},"featured_media":0,"template":"","meta":{"_monsterinsights_skip_tracking":false,"_monsterinsights_sitenote_active":false,"_monsterinsights_sitenote_note":"","_monsterinsights_sitenote_category":0},"product_brand":[],"product_cat":[12291,12711],"product_tag":[],"class_list":{"0":"post-769379","1":"product","2":"type-product","3":"status-publish","5":"product_cat-edebiyat","6":"product_cat-roman-oyku","7":"pa_cilt-ciltsiz","8":"pa_tur-kitap","9":"pa_yayinevi-servet-yayinevi","10":"pa_yazar-tulay-tayyar","12":"first","13":"instock","14":"sale","15":"shipping-taxable","16":"purchasable","17":"product-type-simple"},"_links":{"self":[{"href":"https:\/\/roveyayinevi.com.tr\/index.php\/wp-json\/wp\/v2\/product\/769379","targetHints":{"allow":["GET"]}}],"collection":[{"href":"https:\/\/roveyayinevi.com.tr\/index.php\/wp-json\/wp\/v2\/product"}],"about":[{"href":"https:\/\/roveyayinevi.com.tr\/index.php\/wp-json\/wp\/v2\/types\/product"}],"wp:attachment":[{"href":"https:\/\/roveyayinevi.com.tr\/index.php\/wp-json\/wp\/v2\/media?parent=769379"}],"wp:term":[{"taxonomy":"product_brand","embeddable":true,"href":"https:\/\/roveyayinevi.com.tr\/index.php\/wp-json\/wp\/v2\/product_brand?post=769379"},{"taxonomy":"product_cat","embeddable":true,"href":"https:\/\/roveyayinevi.com.tr\/index.php\/wp-json\/wp\/v2\/product_cat?post=769379"},{"taxonomy":"product_tag","embeddable":true,"href":"https:\/\/roveyayinevi.com.tr\/index.php\/wp-json\/wp\/v2\/product_tag?post=769379"}],"curies":[{"name":"wp","href":"https:\/\/api.w.org\/{rel}","templated":true}]}}