{"id":769378,"date":"2025-08-28T13:51:56","date_gmt":"2025-08-28T10:51:56","guid":{"rendered":"https:\/\/roveyayinevi.com.tr\/index.php\/urun\/itiraf-mevsimi\/"},"modified":"2026-04-15T03:35:40","modified_gmt":"2026-04-15T00:35:40","slug":"itiraf-mevsimi","status":"publish","type":"product","link":"https:\/\/roveyayinevi.com.tr\/index.php\/urun\/itiraf-mevsimi\/","title":{"rendered":"\u0130tiraf Mevsimi"},"content":{"rendered":"<p>\u0130ki \u00e7ay s\u00f6yledim. Garson \u201c\u0130sterseniz sizinkini getireyim, di\u011ferini arkada\u015f\u0131n\u0131z gelince getiririm, so\u011fumas\u0131n.\u201d dedi. O da Yusuf\u2019un biraz sonra gelece\u011fini zannediyordu:      \u201cSiz getirin ikisini de \u00f6l\u00fcler so\u011fuk \u00e7ay da i\u00e7er!\u201d      \u201cEfendim, anlayamad\u0131m?\u201d      \u201c\u0130kisini de getirin.\u201d      Masan\u0131n \u00fczerine, tam \u00f6n\u00fcme a\u011fa\u00e7tan bir \u00e7i\u00e7ek d\u00fc\u015ft\u00fc. A\u00e7\u0131k pembe rengiyle tozpembe hayallerime ya\u011fan kur\u015funu f\u0131s\u0131ldad\u0131 kulaklar\u0131ma. Ya\u015fam dedi\u011fimiz; nasibimizin vaktine esir, bir \u00e7i\u00e7e\u011fin a\u011fa\u00e7tan kopup masaya d\u00fc\u015fene kadarki zaman dilimi.  Zaman kotan, pembe hayallerine de yar\u0131m kalan d\u00fc\u015flerine de torpil ge\u00e7miyor. Ac\u0131m\u0131yor sessizce bir ba\u015f\u0131na kal\u0131\u015f\u0131na.    D\u00fcnyaya g\u00f6zlerini a\u00e7ar a\u00e7maz kaderi de\u011fi\u015fen bir can&#8230; Cevaplar\u0131n\u0131 bulamad\u0131\u011f\u0131 sorularla ya\u015fama tutunan bir \u00e7ocuk\u2026  Sevdas\u0131n\u0131 karanl\u0131k bir gecede kald\u0131r\u0131m ta\u015flar\u0131nda b\u0131rakan bir gen\u00e7 k\u0131z&#8230; Y\u0131llarca saklanm\u0131\u015f s\u0131rlar\u2026 Bu s\u0131rlarla y\u0131k\u0131lan hayaller, umutlar\u2026                            Ah zaman!.. G\u00fcn olup ge\u00e7meyen g\u00fcn olup yetmeyen zaman\u2026 <\/p>\n","protected":false},"excerpt":{"rendered":"<p>\u0130ki \u00e7ay s\u00f6yledim. Garson \u201c\u0130sterseniz sizinkini getireyim, di\u011ferini arkada\u015f\u0131n\u0131z gelince getiririm, so\u011fumas\u0131n.\u201d dedi. O da Yusuf\u2019un biraz sonra gelece\u011fini zannediyordu: \u201cSiz getirin ikisini de \u00f6l\u00fcler so\u011fuk<span class=\"excerpt-hellip\"> [\u2026]<\/span><\/p>\n","protected":false},"featured_media":0,"template":"","meta":{"_monsterinsights_skip_tracking":false,"_monsterinsights_sitenote_active":false,"_monsterinsights_sitenote_note":"","_monsterinsights_sitenote_category":0},"product_brand":[],"product_cat":[12291,12711],"product_tag":[],"class_list":{"0":"post-769378","1":"product","2":"type-product","3":"status-publish","5":"product_cat-edebiyat","6":"product_cat-roman-oyku","7":"pa_cilt-ciltsiz","8":"pa_tur-kitap","9":"pa_yayinevi-servet-yayinevi","10":"pa_yazar-emine-sargin-kaya","12":"first","13":"instock","14":"sale","15":"shipping-taxable","16":"purchasable","17":"product-type-simple"},"_links":{"self":[{"href":"https:\/\/roveyayinevi.com.tr\/index.php\/wp-json\/wp\/v2\/product\/769378","targetHints":{"allow":["GET"]}}],"collection":[{"href":"https:\/\/roveyayinevi.com.tr\/index.php\/wp-json\/wp\/v2\/product"}],"about":[{"href":"https:\/\/roveyayinevi.com.tr\/index.php\/wp-json\/wp\/v2\/types\/product"}],"wp:attachment":[{"href":"https:\/\/roveyayinevi.com.tr\/index.php\/wp-json\/wp\/v2\/media?parent=769378"}],"wp:term":[{"taxonomy":"product_brand","embeddable":true,"href":"https:\/\/roveyayinevi.com.tr\/index.php\/wp-json\/wp\/v2\/product_brand?post=769378"},{"taxonomy":"product_cat","embeddable":true,"href":"https:\/\/roveyayinevi.com.tr\/index.php\/wp-json\/wp\/v2\/product_cat?post=769378"},{"taxonomy":"product_tag","embeddable":true,"href":"https:\/\/roveyayinevi.com.tr\/index.php\/wp-json\/wp\/v2\/product_tag?post=769378"}],"curies":[{"name":"wp","href":"https:\/\/api.w.org\/{rel}","templated":true}]}}