{"id":769377,"date":"2025-08-28T13:51:55","date_gmt":"2025-08-28T10:51:55","guid":{"rendered":"https:\/\/roveyayinevi.com.tr\/index.php\/urun\/melekler-bizimle\/"},"modified":"2026-04-13T03:31:35","modified_gmt":"2026-04-13T00:31:35","slug":"melekler-bizimle","status":"publish","type":"product","link":"https:\/\/roveyayinevi.com.tr\/index.php\/urun\/melekler-bizimle\/","title":{"rendered":"Melekler Bizimle"},"content":{"rendered":"<p>Kendi Yolunu \u00c7izenlere\u2026 Hayat, engellerle dolu uzun bir yolculuk. Kimi zaman destekleyenler, kimi zaman da k\u00f6stek olanlar \u00e7\u0131kacak kar\u015f\u0131n\u0131za. Ama unutmay\u0131n, \u00e7amur atanlar kendi karmalar\u0131n\u0131 ya\u015farken, siz yolunuzda y\u00fcr\u00fcmeye devam edebilirsiniz. Bu kitap, hayallerinin pe\u015finden giden, vazge\u00e7meyen, de\u011ferini kendi belirleyenler i\u00e7in yaz\u0131ld\u0131. Kendi \u0131\u015f\u0131\u011f\u0131n\u0131za g\u00fcvenin, inanc\u0131n\u0131z\u0131 yitirmeyin ve &#8220;Ya Allah, Ya Bismillah!&#8221; diyerek ad\u0131m\u0131n\u0131z\u0131 at\u0131n. \u00c7\u00fcnk\u00fc siz isteyince da\u011flar yol olur, su akar yolunu bulur. Ne yapmak istiyorsan\u0131z yap\u0131n! Tiyatro, resim, e\u011fitim\u2026 Fark\u0131ndal\u0131\u011f\u0131n\u0131z\u0131 art\u0131r\u0131n, kendinizi d\u00f6n\u00fc\u015ft\u00fcr\u00fcn. \u00c7\u00fcnk\u00fc ba\u015far\u0131, \u00f6nce kalpte ba\u015flar. Sizin i\u00e7in gelecek, ge\u00e7mi\u015ften daha hay\u0131rl\u0131 olacak\u2026 \u00c7\u00fcnk\u00fc biliyorum! \u0130stedim ve ba\u015fard\u0131m. <\/p>\n","protected":false},"excerpt":{"rendered":"<p>Kendi Yolunu \u00c7izenlere\u2026 Hayat, engellerle dolu uzun bir yolculuk. Kimi zaman destekleyenler, kimi zaman da k\u00f6stek olanlar \u00e7\u0131kacak kar\u015f\u0131n\u0131za. Ama unutmay\u0131n, \u00e7amur atanlar kendi karmalar\u0131n\u0131 ya\u015farken,<span class=\"excerpt-hellip\"> [\u2026]<\/span><\/p>\n","protected":false},"featured_media":0,"template":"","meta":{"_monsterinsights_skip_tracking":false,"_monsterinsights_sitenote_active":false,"_monsterinsights_sitenote_note":"","_monsterinsights_sitenote_category":0},"product_brand":[],"product_cat":[12364,12376],"product_tag":[],"class_list":{"0":"post-769377","1":"product","2":"type-product","3":"status-publish","5":"product_cat-genel-konular","6":"product_cat-kisisel-gelisim","7":"pa_cilt-ciltsiz","8":"pa_tur-kitap","9":"pa_yayinevi-servet-yayinevi","10":"pa_yazar-sevil-sevil","12":"first","13":"instock","14":"sale","15":"shipping-taxable","16":"purchasable","17":"product-type-simple"},"_links":{"self":[{"href":"https:\/\/roveyayinevi.com.tr\/index.php\/wp-json\/wp\/v2\/product\/769377","targetHints":{"allow":["GET"]}}],"collection":[{"href":"https:\/\/roveyayinevi.com.tr\/index.php\/wp-json\/wp\/v2\/product"}],"about":[{"href":"https:\/\/roveyayinevi.com.tr\/index.php\/wp-json\/wp\/v2\/types\/product"}],"wp:attachment":[{"href":"https:\/\/roveyayinevi.com.tr\/index.php\/wp-json\/wp\/v2\/media?parent=769377"}],"wp:term":[{"taxonomy":"product_brand","embeddable":true,"href":"https:\/\/roveyayinevi.com.tr\/index.php\/wp-json\/wp\/v2\/product_brand?post=769377"},{"taxonomy":"product_cat","embeddable":true,"href":"https:\/\/roveyayinevi.com.tr\/index.php\/wp-json\/wp\/v2\/product_cat?post=769377"},{"taxonomy":"product_tag","embeddable":true,"href":"https:\/\/roveyayinevi.com.tr\/index.php\/wp-json\/wp\/v2\/product_tag?post=769377"}],"curies":[{"name":"wp","href":"https:\/\/api.w.org\/{rel}","templated":true}]}}