{"id":769375,"date":"2025-08-28T13:51:50","date_gmt":"2025-08-28T10:51:50","guid":{"rendered":"https:\/\/roveyayinevi.com.tr\/index.php\/urun\/cekirdek-kulahta\/"},"modified":"2026-04-15T03:35:40","modified_gmt":"2026-04-15T00:35:40","slug":"cekirdek-kulahta","status":"publish","type":"product","link":"https:\/\/roveyayinevi.com.tr\/index.php\/urun\/cekirdek-kulahta\/","title":{"rendered":"\u00c7ekirdek K\u00fclahta"},"content":{"rendered":"<p>G\u00fcn\u00fc gelecek da\u011flarda dalgalanacak Ve g\u00fcn\u00fc gelecek davam kazanacak, \u00d6m\u00fcr yeter mi bilinmez fakat Kutlu davam Cihan\u2019a yay\u0131lacak\u2026   Manaya eri\u015fmenin yolu yaz\u0131ndan ge\u00e7er. Duygular\u0131 ifade etmenin bir bi\u00e7imidir yazmak. \u015eiirlerle duygular\u0131m\u0131 ifade etmekle birlikte bir yolculu\u011fa \u00e7\u0131kt\u0131\u011f\u0131m\u0131 hissederim \u00e7o\u011fu zaman. \u0130\u00e7sel y\u00f6n\u00fcmle ba\u015flayan bu yolculuk t\u00fcm evrene bak\u0131\u015f\u0131m\u0131 \u015fekillendirmekte. Okuyucular\u0131ma her bir \u015fiirimde kendi hayat hik\u00e2yelerine ve kendi manalar\u0131na dair \u00e7e\u015fitli bak\u0131\u015f a\u00e7\u0131lar\u0131 olu\u015fturmay\u0131 hedeflerim. Konu\u015fmak g\u00fc\u00e7t\u00fcr can\u0131 yanana. Can ger\u00e7ekten yanm\u0131\u015fsa anlars\u0131n konu\u015famamay\u0131. G\u00f6zya\u015flar\u0131 e\u015flik eder \u00e7o\u011fu zaman sessizli\u011fine. Pi\u015fmanl\u0131kla kar\u0131\u015f\u0131r gidersin. Kayboldu\u011funu hissedersin hatta. En iyisinden iyidir k\u00e2\u011f\u0131da dert d\u00f6kmek. Kalemle iyi olmak seni yan\u0131ltmaz. Zaten kalem kimseyi de kand\u0131rmaz. O y\u00fczdendir ki s\u00f6z u\u00e7ar yaz\u0131 kal\u0131r. Ge\u00e7ici dertlerin kal\u0131c\u0131 dalgalar\u0131 vurduysa teknene, alabora olmadan \u00f6nceki son \u00e7\u0131kar yoldur yazmak. D\u00fc\u015f\u00fcnmek bir nimettir. Lezzetli ve tad\u0131na doyulmaz. D\u00fc\u015f\u00fcn\u00fcyorsan yazmal\u0131s\u0131n ve yaz\u0131yorsan unutmamal\u0131s\u0131n. \u00c7\u00fcnk\u00fc her \u015fey gibi yazmak da O\u2019ndan gelir. \u201cO \u0130NSANA KALEMLE YAZMAYI \u00d6\u011eRETEND\u0130R\u201d <\/p>\n","protected":false},"excerpt":{"rendered":"<p>G\u00fcn\u00fc gelecek da\u011flarda dalgalanacak Ve g\u00fcn\u00fc gelecek davam kazanacak, \u00d6m\u00fcr yeter mi bilinmez fakat Kutlu davam Cihan\u2019a yay\u0131lacak\u2026 Manaya eri\u015fmenin yolu yaz\u0131ndan ge\u00e7er. Duygular\u0131 ifade etmenin<span class=\"excerpt-hellip\"> [\u2026]<\/span><\/p>\n","protected":false},"featured_media":0,"template":"","meta":{"_monsterinsights_skip_tracking":false,"_monsterinsights_sitenote_active":false,"_monsterinsights_sitenote_note":"","_monsterinsights_sitenote_category":0},"product_brand":[],"product_cat":[12291,12509],"product_tag":[],"class_list":{"0":"post-769375","1":"product","2":"type-product","3":"status-publish","5":"product_cat-edebiyat","6":"product_cat-siir","7":"pa_cilt-ciltsiz","8":"pa_tur-kitap","9":"pa_yayinevi-gulnar-yayinlari","10":"pa_yazar-emir-hasan-celik","12":"first","13":"instock","14":"sale","15":"shipping-taxable","16":"purchasable","17":"product-type-simple"},"_links":{"self":[{"href":"https:\/\/roveyayinevi.com.tr\/index.php\/wp-json\/wp\/v2\/product\/769375","targetHints":{"allow":["GET"]}}],"collection":[{"href":"https:\/\/roveyayinevi.com.tr\/index.php\/wp-json\/wp\/v2\/product"}],"about":[{"href":"https:\/\/roveyayinevi.com.tr\/index.php\/wp-json\/wp\/v2\/types\/product"}],"wp:attachment":[{"href":"https:\/\/roveyayinevi.com.tr\/index.php\/wp-json\/wp\/v2\/media?parent=769375"}],"wp:term":[{"taxonomy":"product_brand","embeddable":true,"href":"https:\/\/roveyayinevi.com.tr\/index.php\/wp-json\/wp\/v2\/product_brand?post=769375"},{"taxonomy":"product_cat","embeddable":true,"href":"https:\/\/roveyayinevi.com.tr\/index.php\/wp-json\/wp\/v2\/product_cat?post=769375"},{"taxonomy":"product_tag","embeddable":true,"href":"https:\/\/roveyayinevi.com.tr\/index.php\/wp-json\/wp\/v2\/product_tag?post=769375"}],"curies":[{"name":"wp","href":"https:\/\/api.w.org\/{rel}","templated":true}]}}