{"id":769372,"date":"2025-08-28T13:51:44","date_gmt":"2025-08-28T10:51:44","guid":{"rendered":"https:\/\/roveyayinevi.com.tr\/index.php\/urun\/guluslerinde-gizli-sevdam\/"},"modified":"2026-01-30T04:06:45","modified_gmt":"2026-01-30T01:06:45","slug":"guluslerinde-gizli-sevdam","status":"publish","type":"product","link":"https:\/\/roveyayinevi.com.tr\/index.php\/urun\/guluslerinde-gizli-sevdam\/","title":{"rendered":"G\u00fcl\u00fc\u015flerinde Gizli Sevdam"},"content":{"rendered":"<p>G\u00fcl\u00fc\u015flerinde Gizli Sevdam adl\u0131 eserim; ger\u00e7ek hayatlardan ve hayallerin b\u00fcy\u00fcs\u00fcnden kurgulanarak kaleme al\u0131nm\u0131\u015ft\u0131r.             Siz k\u0131ymetli okurlar\u0131ma; bir nebze olsun a\u015fk\u0131 anlatmak, a\u015fk\u0131 hat\u0131rlatmak ve bir yerlerde gizli olup, sizlerin dokunu\u015funuzla hayat bulabilece\u011fini anlatmaya \u00e7al\u0131\u015ft\u0131m.             Sol yan\u0131m\u0131zdaki umutlar\u0131 ayd\u0131nlatmak, a\u015fk\u0131n ve sevginin g\u00fcc\u00fcne, \u00e7ok sevdi\u011fi birini g\u00f6n\u00fcl g\u00f6z\u00fcn\u00fcn a\u00e7\u0131lmas\u0131yla g\u00f6rmesine neden olacakt\u0131r.             Sol yan\u0131m\u0131zdaki umutlar\u0131 ayd\u0131nlatmazsak, g\u00f6n\u00fcl g\u00f6z\u00fcm\u00fcz k\u00f6rle\u015fir, duygu y\u00fckl\u00fc biri isek de duygusal bir k\u00f6rl\u00fckte ka\u00e7\u0131n\u0131lmaz olur.             Bazen durdu\u011fumuz yeri de\u011fi\u015ftirmek baz\u0131 umutlar\u0131 ye\u015fertecektir.             A\u015fk\u0131n g\u00fcc\u00fcn\u00fc ke\u015ffedin ve korkmadan seni seviyorum demenin tad\u0131n\u0131 \u00e7\u0131kar\u0131n.             Her zaman dedi\u011fim bir s\u00f6z var; tek hayat\u0131m\u0131z var onu g\u00f6nl\u00fcm\u00fczce ya\u015fayal\u0131m \u2026             Sevgi ve a\u015fk ile \u2026 <\/p>\n","protected":false},"excerpt":{"rendered":"<p>G\u00fcl\u00fc\u015flerinde Gizli Sevdam adl\u0131 eserim; ger\u00e7ek hayatlardan ve hayallerin b\u00fcy\u00fcs\u00fcnden kurgulanarak kaleme al\u0131nm\u0131\u015ft\u0131r. Siz k\u0131ymetli okurlar\u0131ma; bir nebze olsun a\u015fk\u0131 anlatmak, a\u015fk\u0131 hat\u0131rlatmak ve bir yerlerde<span class=\"excerpt-hellip\"> [\u2026]<\/span><\/p>\n","protected":false},"featured_media":0,"template":"","meta":{"_monsterinsights_skip_tracking":false,"_monsterinsights_sitenote_active":false,"_monsterinsights_sitenote_note":"","_monsterinsights_sitenote_category":0},"product_brand":[],"product_cat":[12291,12711],"product_tag":[],"class_list":{"0":"post-769372","1":"product","2":"type-product","3":"status-publish","5":"product_cat-edebiyat","6":"product_cat-roman-oyku","7":"pa_cilt-ciltsiz","8":"pa_tur-kitap","9":"pa_yayinevi-vova-yayinlari","10":"pa_yazar-cagdas-subasi","12":"first","13":"instock","14":"sale","15":"shipping-taxable","16":"purchasable","17":"product-type-simple"},"_links":{"self":[{"href":"https:\/\/roveyayinevi.com.tr\/index.php\/wp-json\/wp\/v2\/product\/769372","targetHints":{"allow":["GET"]}}],"collection":[{"href":"https:\/\/roveyayinevi.com.tr\/index.php\/wp-json\/wp\/v2\/product"}],"about":[{"href":"https:\/\/roveyayinevi.com.tr\/index.php\/wp-json\/wp\/v2\/types\/product"}],"wp:attachment":[{"href":"https:\/\/roveyayinevi.com.tr\/index.php\/wp-json\/wp\/v2\/media?parent=769372"}],"wp:term":[{"taxonomy":"product_brand","embeddable":true,"href":"https:\/\/roveyayinevi.com.tr\/index.php\/wp-json\/wp\/v2\/product_brand?post=769372"},{"taxonomy":"product_cat","embeddable":true,"href":"https:\/\/roveyayinevi.com.tr\/index.php\/wp-json\/wp\/v2\/product_cat?post=769372"},{"taxonomy":"product_tag","embeddable":true,"href":"https:\/\/roveyayinevi.com.tr\/index.php\/wp-json\/wp\/v2\/product_tag?post=769372"}],"curies":[{"name":"wp","href":"https:\/\/api.w.org\/{rel}","templated":true}]}}