{"id":769370,"date":"2025-08-28T13:51:39","date_gmt":"2025-08-28T10:51:39","guid":{"rendered":"https:\/\/roveyayinevi.com.tr\/index.php\/urun\/30-subat\/"},"modified":"2026-01-30T04:06:45","modified_gmt":"2026-01-30T01:06:45","slug":"30-subat","status":"publish","type":"product","link":"https:\/\/roveyayinevi.com.tr\/index.php\/urun\/30-subat\/","title":{"rendered":"30 \u015eubat"},"content":{"rendered":"<p>Osman G\u00fcler               1945 y\u0131l\u0131nda Erzurum&#8217;da do\u011fdu.\u0130lk, orta ve lise e\u011fitimini, ayn\u0131 \u015fehirde, \u00dcniversite e\u011fitimini Ankara \u0130ktisadi ve Ticari \u0130limler Akademisi Ekonomi Maliye b\u00f6l\u00fcm\u00fcnde tamamlad\u0131ktan sonra, Serbest Mali M\u00fc\u015favir olarak mesle\u011fe ba\u015flad\u0131.1974 y\u0131l\u0131nda, G\u00fcnkut \u00d6z\u00e7elik ile birlikte ilk \u00f6zel dershanesini Erzurum&#8217;da kurdu. Dershanesinde ve Erzurum Ticaret Lisesinde meslek dersleri \u00f6\u011fretmenli\u011fi yapt\u0131.             Emekli olduktan sonra Bursa&#8217;n\u0131n Mudanya il\u00e7esine yerle\u015fti. Halen; roman, hik\u00e2ye ve \u015fiir yazmaya devam etmektedir. Vova Yay\u0131nevinden  \u201cBir Nefes Yeter\u201d, \u201cD\u00fc\u015flerden K\u0131r\u0131nt\u0131lar\u201d, \u201c Papatyan\u0131n Su\u00e7u Ne?\u201d adl\u0131 \u015fiir kitaplar\u0131 ile \u201cMavi Bir Umut\u201d ve \u201cBir \u00d6m\u00fcrden Sat\u0131rlar\u201d adl\u0131 \u00f6yk\u00fc kitaplar\u0131 yay\u0131nlanm\u0131\u015ft\u0131r. \u00dc\u00e7 k\u0131z \u00e7ocuk babas\u0131d\u0131r. <\/p>\n","protected":false},"excerpt":{"rendered":"<p>Osman G\u00fcler 1945 y\u0131l\u0131nda Erzurum&#8217;da do\u011fdu.\u0130lk, orta ve lise e\u011fitimini, ayn\u0131 \u015fehirde, \u00dcniversite e\u011fitimini Ankara \u0130ktisadi ve Ticari \u0130limler Akademisi Ekonomi Maliye b\u00f6l\u00fcm\u00fcnde tamamlad\u0131ktan sonra, Serbest<span class=\"excerpt-hellip\"> [\u2026]<\/span><\/p>\n","protected":false},"featured_media":0,"template":"","meta":{"_monsterinsights_skip_tracking":false,"_monsterinsights_sitenote_active":false,"_monsterinsights_sitenote_note":"","_monsterinsights_sitenote_category":0},"product_brand":[],"product_cat":[12291,18202],"product_tag":[],"class_list":{"0":"post-769370","1":"product","2":"type-product","3":"status-publish","5":"product_cat-edebiyat","6":"product_cat-hikaye","7":"pa_cilt-ciltsiz","8":"pa_tur-kitap","9":"pa_yayinevi-vova-yayinlari","10":"pa_yazar-osman-guler","12":"first","13":"instock","14":"sale","15":"shipping-taxable","16":"purchasable","17":"product-type-simple"},"_links":{"self":[{"href":"https:\/\/roveyayinevi.com.tr\/index.php\/wp-json\/wp\/v2\/product\/769370","targetHints":{"allow":["GET"]}}],"collection":[{"href":"https:\/\/roveyayinevi.com.tr\/index.php\/wp-json\/wp\/v2\/product"}],"about":[{"href":"https:\/\/roveyayinevi.com.tr\/index.php\/wp-json\/wp\/v2\/types\/product"}],"wp:attachment":[{"href":"https:\/\/roveyayinevi.com.tr\/index.php\/wp-json\/wp\/v2\/media?parent=769370"}],"wp:term":[{"taxonomy":"product_brand","embeddable":true,"href":"https:\/\/roveyayinevi.com.tr\/index.php\/wp-json\/wp\/v2\/product_brand?post=769370"},{"taxonomy":"product_cat","embeddable":true,"href":"https:\/\/roveyayinevi.com.tr\/index.php\/wp-json\/wp\/v2\/product_cat?post=769370"},{"taxonomy":"product_tag","embeddable":true,"href":"https:\/\/roveyayinevi.com.tr\/index.php\/wp-json\/wp\/v2\/product_tag?post=769370"}],"curies":[{"name":"wp","href":"https:\/\/api.w.org\/{rel}","templated":true}]}}