{"id":769364,"date":"2025-08-28T13:51:24","date_gmt":"2025-08-28T10:51:24","guid":{"rendered":"https:\/\/roveyayinevi.com.tr\/index.php\/urun\/filozof-cocuk-doga-nedir\/"},"modified":"2026-04-15T03:35:40","modified_gmt":"2026-04-15T00:35:40","slug":"filozof-cocuk-doga-nedir","status":"publish","type":"product","link":"https:\/\/roveyayinevi.com.tr\/index.php\/urun\/filozof-cocuk-doga-nedir\/","title":{"rendered":"Filozof \u00c7ocuk &#8211; Do\u011fa Nedir?"},"content":{"rendered":"<p>Ya\u015fam\u0131 m\u00fcmk\u00fcn k\u0131lan bir s\u00fcper g\u00fc\u00e7: Do\u011fa! \u00c7ocuklara felsefeyi sevdiren &#8221;Filozof \u00c7ocuk&#8221; serisi, Do\u011fa Nedir? ve Do\u011fa Bizi Mutlu Eder mi? ba\u015fl\u0131kl\u0131 yeni kitaplar\u0131yla bu kez do\u011fa ile insan aras\u0131ndaki &#8221;vazge\u00e7ilmez&#8221; ili\u015fkiyi mercek alt\u0131na al\u0131yor. Frans\u0131z felsefeci-yazar Oscar Brenifier, serinin yeni halkalar\u0131nda; &#8221;Do\u011fa, canl\u0131 olan her \u015fey midir?&#8221;, &#8221;Do\u011fa, insandan daha m\u0131 g\u00fc\u00e7l\u00fcd\u00fcr?&#8221;, &#8221;Do\u011fa sonsuz mudur?&#8221; gibi zihinleri kurcalayan b\u00fcy\u00fck sorular\u0131 d\u00fc\u015f\u00fcncelerle oynamak ve g\u00f6r\u00fcnenin arkas\u0131na \u00e7ocuk g\u00f6z\u00fcyle bakmak i\u00e7in masaya yat\u0131r\u0131yor. \u00c7e\u015fitli g\u00f6r\u00fc\u015fler ve \u00f6nermelerle sorgulama odakl\u0131 bir i\u00e7erik sunan &#8221;Filozof \u00c7ocuk&#8221; kitaplar\u0131, d\u00fc\u015f\u00fcnme eylemini farkl\u0131 kazan\u0131mlar ve \u00f6\u011frenme \u00e7\u0131kt\u0131lar\u0131 e\u015fli\u011finde e\u011flenceli bir ser\u00fcvene d\u00f6n\u00fc\u015ft\u00fcr\u00fcyor.  Her kitab\u0131 ayr\u0131 bir ke\u015fif vadeden seri ayr\u0131ca, \u00e7ocuklarla ileti\u015fimini g\u00fc\u00e7lendirmek ve onlarla kaliteli zaman ge\u00e7irmek isteyen yeti\u015fkinler ile P4C odakl\u0131 etkinliklere yeni alternatifler arayan \u00f6\u011fretmenlere rehberlik ediyor.  Bu kitaplar\u0131 okuyanlar\u0131 neler bekliyor? * Hayata dair \u00f6nemli sorular sordururken benzersiz bir d\u00fc\u015f\u00fcnme prati\u011fi kazand\u0131r\u0131yor.   * Do\u011fa ve insan, do\u011fan\u0131n ya\u015fama katk\u0131s\u0131, sorumluluklar\u0131m\u0131z gibi konular hakk\u0131nda bilin\u00e7lendiriyor. <\/p>\n","protected":false},"excerpt":{"rendered":"<p>Ya\u015fam\u0131 m\u00fcmk\u00fcn k\u0131lan bir s\u00fcper g\u00fc\u00e7: Do\u011fa! \u00c7ocuklara felsefeyi sevdiren &#8221;Filozof \u00c7ocuk&#8221; serisi, Do\u011fa Nedir? ve Do\u011fa Bizi Mutlu Eder mi? ba\u015fl\u0131kl\u0131 yeni kitaplar\u0131yla bu kez<span class=\"excerpt-hellip\"> [\u2026]<\/span><\/p>\n","protected":false},"featured_media":0,"template":"","meta":{"_monsterinsights_skip_tracking":false,"_monsterinsights_sitenote_active":false,"_monsterinsights_sitenote_note":"","_monsterinsights_sitenote_category":0},"product_brand":[],"product_cat":[12274,15842],"product_tag":[],"class_list":{"0":"post-769364","1":"product","2":"type-product","3":"status-publish","5":"product_cat-cocuk-ve-genclik-kitaplari","6":"product_cat-egitici-kitaplar","7":"pa_cilt-ciltsiz","8":"pa_tur-kitap","9":"pa_yayinevi-tudem-yayinlari","10":"pa_yazar-oscar-brenifier","12":"first","13":"instock","14":"sale","15":"shipping-taxable","16":"purchasable","17":"product-type-simple"},"_links":{"self":[{"href":"https:\/\/roveyayinevi.com.tr\/index.php\/wp-json\/wp\/v2\/product\/769364","targetHints":{"allow":["GET"]}}],"collection":[{"href":"https:\/\/roveyayinevi.com.tr\/index.php\/wp-json\/wp\/v2\/product"}],"about":[{"href":"https:\/\/roveyayinevi.com.tr\/index.php\/wp-json\/wp\/v2\/types\/product"}],"wp:attachment":[{"href":"https:\/\/roveyayinevi.com.tr\/index.php\/wp-json\/wp\/v2\/media?parent=769364"}],"wp:term":[{"taxonomy":"product_brand","embeddable":true,"href":"https:\/\/roveyayinevi.com.tr\/index.php\/wp-json\/wp\/v2\/product_brand?post=769364"},{"taxonomy":"product_cat","embeddable":true,"href":"https:\/\/roveyayinevi.com.tr\/index.php\/wp-json\/wp\/v2\/product_cat?post=769364"},{"taxonomy":"product_tag","embeddable":true,"href":"https:\/\/roveyayinevi.com.tr\/index.php\/wp-json\/wp\/v2\/product_tag?post=769364"}],"curies":[{"name":"wp","href":"https:\/\/api.w.org\/{rel}","templated":true}]}}