{"id":769361,"date":"2025-08-28T13:51:18","date_gmt":"2025-08-28T10:51:18","guid":{"rendered":"https:\/\/roveyayinevi.com.tr\/index.php\/urun\/cocuklar-nasil-anne-baba-ister\/"},"modified":"2026-04-15T03:35:40","modified_gmt":"2026-04-15T00:35:40","slug":"cocuklar-nasil-anne-baba-ister","status":"publish","type":"product","link":"https:\/\/roveyayinevi.com.tr\/index.php\/urun\/cocuklar-nasil-anne-baba-ister\/","title":{"rendered":"\u00c7ocuklar Nas\u0131l Anne-Baba \u0130ster?"},"content":{"rendered":"<p>Y\u00fczy\u0131llard\u0131r insanlar\u0131n kalbine girmenin bir yolu var: S\u0131cak bir s\u00f6z, i\u00e7tenlik ve bir g\u00fcl\u00fcmseme&#8230; G\u00fcn\u00fcm\u00fcz insan\u0131n bu heng\u00e2mede en b\u00fcy\u00fck ihtiyac\u0131 anla\u015f\u0131lmak ve anlamak. Bu y\u00fczdendir ki 21. y\u00fczy\u0131lda Anne ve Baba olmak daha etkin ve yetkin bir \u00e7aba gerektiriyor. \u00c7a\u011f\u0131m\u0131z\u0131n \u00e7ocu\u011funun dikkatini cezbedecek ve da\u011f\u0131tacak bir s\u00fcr\u00fc uyar\u0131c\u0131 var. B\u00fcy\u00fck bir sanal otobandalar bu sanal otobanda birilerine neredeyse \u00e7arpmamalar\u0131 imk\u00e2ns\u0131z gibi. Toza topra\u011fa bulanmayan, dedesiz, ninesiz, ninnisiz b\u00fcy\u00fcyen y\u00fczy\u0131l\u0131m\u0131z\u0131n \u00e7ocuklar\u0131n\u0131 nas\u0131l anlayaca\u011f\u0131z, onlara nas\u0131l anne babal\u0131k yapaca\u011f\u0131z? Ebeveyn olarak kadim k\u00fclt\u00fcr\u00fcm\u00fczden getirdi\u011fimiz bir s\u00fcr\u00fc deneyimimiz var. Bu tecr\u00fcbeleri hem modern hem de geleneksel bir yakla\u015f\u0131m i\u00e7inde y\u00fcreklere dokunmaya \u00e7al\u0131\u015farak etkili ve bilimsel bir bak\u0131\u015f a\u00e7\u0131s\u0131yla harmanlay\u0131p nas\u0131l bir Anne ve Baba olmal\u0131y\u0131z\u0131 irdeleyip ele almaya gayret ettik. Bir insan\u0131n duygular\u0131n\u0131 de\u011fi\u015ftirmeden davran\u0131\u015flar\u0131n\u0131 de\u011fi\u015ftiremezsiniz. Belki de uygulamaya ge\u00e7irmede en \u00e7ok zorland\u0131\u011f\u0131m\u0131z konu budur. \u00c7ocuklar\u0131m\u0131z\u0131n \u00f6nce kalplerini fethetmeliyiz. Bir kalbimiz var bu kalp v\u00fccuda sadece kan pompalamak gibi bir g\u00f6revi yok. Kalbi tekrardan ke\u015ffederek anne ve babal\u0131\u011f\u0131 ama her \u015feyden \u00e7ok insan olma sanat\u0131n\u0131 \u00f6\u011frenip \u00f6\u011fretmek zorunday\u0131z.<\/p>\n","protected":false},"excerpt":{"rendered":"<p>Y\u00fczy\u0131llard\u0131r insanlar\u0131n kalbine girmenin bir yolu var: S\u0131cak bir s\u00f6z, i\u00e7tenlik ve bir g\u00fcl\u00fcmseme&#8230; G\u00fcn\u00fcm\u00fcz insan\u0131n bu heng\u00e2mede en b\u00fcy\u00fck ihtiyac\u0131 anla\u015f\u0131lmak ve anlamak. Bu y\u00fczdendir<span class=\"excerpt-hellip\"> [\u2026]<\/span><\/p>\n","protected":false},"featured_media":0,"template":"","meta":{"_monsterinsights_skip_tracking":false,"_monsterinsights_sitenote_active":false,"_monsterinsights_sitenote_note":"","_monsterinsights_sitenote_category":0},"product_brand":[],"product_cat":[12831,12324],"product_tag":[],"class_list":{"0":"post-769361","1":"product","2":"type-product","3":"status-publish","5":"product_cat-aile-ve-cocuk","6":"product_cat-sosyoloji","7":"pa_cilt-ciltsiz","8":"pa_tur-kitap","9":"pa_yayinevi-foliant-yayinlari","10":"pa_yazar-nevzat-ozer","12":"first","13":"instock","14":"sale","15":"shipping-taxable","16":"purchasable","17":"product-type-simple"},"_links":{"self":[{"href":"https:\/\/roveyayinevi.com.tr\/index.php\/wp-json\/wp\/v2\/product\/769361","targetHints":{"allow":["GET"]}}],"collection":[{"href":"https:\/\/roveyayinevi.com.tr\/index.php\/wp-json\/wp\/v2\/product"}],"about":[{"href":"https:\/\/roveyayinevi.com.tr\/index.php\/wp-json\/wp\/v2\/types\/product"}],"wp:attachment":[{"href":"https:\/\/roveyayinevi.com.tr\/index.php\/wp-json\/wp\/v2\/media?parent=769361"}],"wp:term":[{"taxonomy":"product_brand","embeddable":true,"href":"https:\/\/roveyayinevi.com.tr\/index.php\/wp-json\/wp\/v2\/product_brand?post=769361"},{"taxonomy":"product_cat","embeddable":true,"href":"https:\/\/roveyayinevi.com.tr\/index.php\/wp-json\/wp\/v2\/product_cat?post=769361"},{"taxonomy":"product_tag","embeddable":true,"href":"https:\/\/roveyayinevi.com.tr\/index.php\/wp-json\/wp\/v2\/product_tag?post=769361"}],"curies":[{"name":"wp","href":"https:\/\/api.w.org\/{rel}","templated":true}]}}