{"id":769358,"date":"2025-08-28T13:51:11","date_gmt":"2025-08-28T10:51:11","guid":{"rendered":"https:\/\/roveyayinevi.com.tr\/index.php\/urun\/kanli-yuruyus\/"},"modified":"2026-04-15T03:35:40","modified_gmt":"2026-04-15T00:35:40","slug":"kanli-yuruyus","status":"publish","type":"product","link":"https:\/\/roveyayinevi.com.tr\/index.php\/urun\/kanli-yuruyus\/","title":{"rendered":"Kanl\u0131 Y\u00fcr\u00fcy\u00fc\u015f"},"content":{"rendered":"<p>Tropik Meksika ormanlar\u0131n\u0131n unutulmaz sembol\u00fc g\u00f6rkemli caoba ya da maun a\u011fa\u00e7lar\u0131, B. Traven&#8217;in sat\u0131rlar\u0131nda ac\u0131mas\u0131z bir s\u00f6m\u00fcr\u00fcn\u00fcn ve dolay\u0131s\u0131yla servetin nesnesi haline geliyor.Maun a\u011fa\u00e7lar\u0131n\u0131n adeta k\u00f6k\u00fc kurutulurcas\u0131na kesilip topland\u0131\u011f\u0131 monteria&#8217;lara, derinliklerdeki orman kamplar\u0131na yap\u0131lan amans\u0131z yolculu\u011fu konu eden Kanl\u0131 Y\u00fcr\u00fcy\u00fc\u015f, ayn\u0131 zamanda kapitalist d\u00f6ng\u00fcn\u00fcn de yol haritas\u0131n\u0131 \u00e7\u0131kar\u0131yor: \u0130\u015f\u00e7iler, onlar\u0131 k\u0131rba\u00e7layan g\u00f6zc\u00fcler, g\u00f6zc\u00fcleri g\u00f6zda\u011f\u0131yla \u00e7al\u0131\u015ft\u0131ran simsarlar, simsarlar\u0131 tepelerine diken \u015firket sahipleri, hepsinin \u00fcst\u00fcne de Ba\u015fkan Don Porfirio derken insanl\u0131\u011f\u0131n aya\u011f\u0131na dolanm\u0131\u015f zincir, New York ya da Londra borsalar\u0131na kadar uzan\u0131yor. Birbiri ard\u0131na devrilen maun a\u011fa\u00e7lar\u0131 ba\u015fkentlerdeki dairelerin l\u00fcks mobilyalar\u0131na d\u00f6n\u00fc\u015f\u00fcrken, zincirin ilk halkas\u0131ndakiler bunun bedelini kan\u0131yla, can\u0131yla, ruhuyla \u00f6d\u00fcyor.Traven bu orman kamplar\u0131na yap\u0131lan yolculukta i\u00e7inden ge\u00e7ilmesi gereken t\u00fcketici cang\u0131l\u0131, bir \u015fekilde i\u00e7inde ya\u015fad\u0131\u011f\u0131m\u0131z sistemin bir aynas\u0131 olarak kurgulamay\u0131 ba\u015far\u0131rken Joseph Conrad&#8217;\u0131n Karanl\u0131\u011f\u0131n Y\u00fcre\u011fi eserindeki kadar sertle\u015fiyor. Ama yine de orman\u0131n tam da o en karanl\u0131k kuytular\u0131nda umut \u0131\u015f\u0131\u011f\u0131n\u0131n izlerini aramaktan vazge\u00e7meyi akl\u0131ndan bile ge\u00e7irmiyor.<\/p>\n","protected":false},"excerpt":{"rendered":"<p>Tropik Meksika ormanlar\u0131n\u0131n unutulmaz sembol\u00fc g\u00f6rkemli caoba ya da maun a\u011fa\u00e7lar\u0131, B. Traven&#8217;in sat\u0131rlar\u0131nda ac\u0131mas\u0131z bir s\u00f6m\u00fcr\u00fcn\u00fcn ve dolay\u0131s\u0131yla servetin nesnesi haline geliyor.Maun a\u011fa\u00e7lar\u0131n\u0131n adeta k\u00f6k\u00fc<span class=\"excerpt-hellip\"> [\u2026]<\/span><\/p>\n","protected":false},"featured_media":0,"template":"","meta":{"_monsterinsights_skip_tracking":false,"_monsterinsights_sitenote_active":false,"_monsterinsights_sitenote_note":"","_monsterinsights_sitenote_category":0},"product_brand":[],"product_cat":[12291,12711],"product_tag":[],"class_list":{"0":"post-769358","1":"product","2":"type-product","3":"status-publish","5":"product_cat-edebiyat","6":"product_cat-roman-oyku","7":"pa_cilt-ciltsiz","8":"pa_tur-kitap","9":"pa_yayinevi-sel-yayincilik","10":"pa_yazar-b-traven","12":"first","13":"instock","14":"sale","15":"shipping-taxable","16":"purchasable","17":"product-type-simple"},"_links":{"self":[{"href":"https:\/\/roveyayinevi.com.tr\/index.php\/wp-json\/wp\/v2\/product\/769358","targetHints":{"allow":["GET"]}}],"collection":[{"href":"https:\/\/roveyayinevi.com.tr\/index.php\/wp-json\/wp\/v2\/product"}],"about":[{"href":"https:\/\/roveyayinevi.com.tr\/index.php\/wp-json\/wp\/v2\/types\/product"}],"wp:attachment":[{"href":"https:\/\/roveyayinevi.com.tr\/index.php\/wp-json\/wp\/v2\/media?parent=769358"}],"wp:term":[{"taxonomy":"product_brand","embeddable":true,"href":"https:\/\/roveyayinevi.com.tr\/index.php\/wp-json\/wp\/v2\/product_brand?post=769358"},{"taxonomy":"product_cat","embeddable":true,"href":"https:\/\/roveyayinevi.com.tr\/index.php\/wp-json\/wp\/v2\/product_cat?post=769358"},{"taxonomy":"product_tag","embeddable":true,"href":"https:\/\/roveyayinevi.com.tr\/index.php\/wp-json\/wp\/v2\/product_tag?post=769358"}],"curies":[{"name":"wp","href":"https:\/\/api.w.org\/{rel}","templated":true}]}}