{"id":769357,"date":"2025-08-28T13:51:09","date_gmt":"2025-08-28T10:51:09","guid":{"rendered":"https:\/\/roveyayinevi.com.tr\/index.php\/urun\/bak-su-havalara\/"},"modified":"2026-04-15T03:35:40","modified_gmt":"2026-04-15T00:35:40","slug":"bak-su-havalara","status":"publish","type":"product","link":"https:\/\/roveyayinevi.com.tr\/index.php\/urun\/bak-su-havalara\/","title":{"rendered":"Bak \u015eu Havalara"},"content":{"rendered":"<p>Haydi gelin, muhte\u015fem bir yolculu\u011fa \u00e7\u0131kal\u0131m, SICAK HAVA BALONUNA binip g\u00f6ky\u00fcz\u00fcne ula\u015fal\u0131m, D\u00fcnya\u2019m\u0131z\u0131 \u00e7evreleyen HAVA OLAYLARINA \u00e7oook yak\u0131ndan bak\u0131p, co\u015fkulu R\u00dcZG\u00c2R, par\u0131ldayan G\u00d6KKU\u015eA\u011eI, gizemli S\u0130S ve di\u011ferleriyle arkada\u015f olal\u0131m.   1, 2, 3\u2026 HAVALANIYORUUUZ! VUUUUUUUU!   \u00c7ok satan \u00e7ocuk kitaplar\u0131n\u0131n \u00f6d\u00fcll\u00fc yazar\u0131 Caryl Hart\u2019tan, kafiyeli anlat\u0131m\u0131 ve g\u00f6z al\u0131c\u0131 \u00e7izimleriyle, gelece\u011fin METEOROLOGLARI ve HAVA OLAYLARINA MERAKLI t\u00fcm \u00e7ocuklar i\u00e7in MUHTE\u015eEM bir resimli kitap! <\/p>\n","protected":false},"excerpt":{"rendered":"<p>Haydi gelin, muhte\u015fem bir yolculu\u011fa \u00e7\u0131kal\u0131m, SICAK HAVA BALONUNA binip g\u00f6ky\u00fcz\u00fcne ula\u015fal\u0131m, D\u00fcnya\u2019m\u0131z\u0131 \u00e7evreleyen HAVA OLAYLARINA \u00e7oook yak\u0131ndan bak\u0131p, co\u015fkulu R\u00dcZG\u00c2R, par\u0131ldayan G\u00d6KKU\u015eA\u011eI, gizemli S\u0130S ve<span class=\"excerpt-hellip\"> [\u2026]<\/span><\/p>\n","protected":false},"featured_media":0,"template":"","meta":{"_monsterinsights_skip_tracking":false,"_monsterinsights_sitenote_active":false,"_monsterinsights_sitenote_note":"","_monsterinsights_sitenote_category":0},"product_brand":[],"product_cat":[12274,12518],"product_tag":[],"class_list":{"0":"post-769357","1":"product","2":"type-product","3":"status-publish","5":"product_cat-cocuk-ve-genclik-kitaplari","6":"product_cat-okul-oncesi-kitaplar","7":"pa_cilt-ciltsiz","8":"pa_tur-kitap","9":"pa_yayinevi-domingo-yayinevi","10":"pa_yazar-caryl-hart-bethan-woollvin","12":"first","13":"instock","14":"sale","15":"shipping-taxable","16":"purchasable","17":"product-type-simple"},"_links":{"self":[{"href":"https:\/\/roveyayinevi.com.tr\/index.php\/wp-json\/wp\/v2\/product\/769357","targetHints":{"allow":["GET"]}}],"collection":[{"href":"https:\/\/roveyayinevi.com.tr\/index.php\/wp-json\/wp\/v2\/product"}],"about":[{"href":"https:\/\/roveyayinevi.com.tr\/index.php\/wp-json\/wp\/v2\/types\/product"}],"wp:attachment":[{"href":"https:\/\/roveyayinevi.com.tr\/index.php\/wp-json\/wp\/v2\/media?parent=769357"}],"wp:term":[{"taxonomy":"product_brand","embeddable":true,"href":"https:\/\/roveyayinevi.com.tr\/index.php\/wp-json\/wp\/v2\/product_brand?post=769357"},{"taxonomy":"product_cat","embeddable":true,"href":"https:\/\/roveyayinevi.com.tr\/index.php\/wp-json\/wp\/v2\/product_cat?post=769357"},{"taxonomy":"product_tag","embeddable":true,"href":"https:\/\/roveyayinevi.com.tr\/index.php\/wp-json\/wp\/v2\/product_tag?post=769357"}],"curies":[{"name":"wp","href":"https:\/\/api.w.org\/{rel}","templated":true}]}}