{"id":769355,"date":"2025-08-28T13:51:04","date_gmt":"2025-08-28T10:51:04","guid":{"rendered":"https:\/\/roveyayinevi.com.tr\/index.php\/urun\/adanin-dogum-gunu\/"},"modified":"2026-04-15T03:35:40","modified_gmt":"2026-04-15T00:35:40","slug":"adanin-dogum-gunu","status":"publish","type":"product","link":"https:\/\/roveyayinevi.com.tr\/index.php\/urun\/adanin-dogum-gunu\/","title":{"rendered":"Ada\u2019n\u0131n Do\u011fum G\u00fcn\u00fc"},"content":{"rendered":"<p>Bug\u00fcn \u00e7ok \u00f6zel bir g\u00fcn. Bug\u00fcn Ada\u2019n\u0131n do\u011fum g\u00fcn\u00fc. Ada, do\u011fum g\u00fcn\u00fcn\u00fc okulda kutlayacak. S\u0131n\u0131f arkada\u015flar\u0131na ikram etmek i\u00e7in annesiyle birlikte bir do\u011fum g\u00fcn\u00fc pastas\u0131 yapt\u0131. Ada, s\u0131n\u0131fta do\u011fum g\u00fcn\u00fc tac\u0131n\u0131 tak\u0131yor ve s\u0131n\u0131f arkada\u015flar\u0131 onun i\u00e7in do\u011fum g\u00fcn\u00fc \u015fark\u0131s\u0131 s\u00f6yl\u00fcyor. Sonra Ada mumlar\u0131 \u00fcfl\u00fcyor ve lezzetli pastay\u0131 herkese da\u011f\u0131t\u0131yor!   Erken \u00e7ocukluk d\u00f6nemindeki \u00e7ocuklar i\u00e7in g\u00fcnl\u00fck ya\u015fama odaklanan, do\u011fum g\u00fcnleri hakk\u0131nda ne\u015feli bir \u00f6yk\u00fc. <\/p>\n","protected":false},"excerpt":{"rendered":"<p>Bug\u00fcn \u00e7ok \u00f6zel bir g\u00fcn. Bug\u00fcn Ada\u2019n\u0131n do\u011fum g\u00fcn\u00fc. Ada, do\u011fum g\u00fcn\u00fcn\u00fc okulda kutlayacak. S\u0131n\u0131f arkada\u015flar\u0131na ikram etmek i\u00e7in annesiyle birlikte bir do\u011fum g\u00fcn\u00fc pastas\u0131 yapt\u0131.<span class=\"excerpt-hellip\"> [\u2026]<\/span><\/p>\n","protected":false},"featured_media":0,"template":"","meta":{"_monsterinsights_skip_tracking":false,"_monsterinsights_sitenote_active":false,"_monsterinsights_sitenote_note":"","_monsterinsights_sitenote_category":0},"product_brand":[],"product_cat":[12274,12284],"product_tag":[],"class_list":{"0":"post-769355","1":"product","2":"type-product","3":"status-publish","5":"product_cat-cocuk-ve-genclik-kitaplari","6":"product_cat-hikayeler","7":"pa_cilt-ciltsiz","8":"pa_tur-kitap","9":"pa_yayinevi-dogan-cocuk","10":"pa_yazar-kathleen-amant","12":"first","13":"instock","14":"sale","15":"shipping-taxable","16":"purchasable","17":"product-type-simple"},"_links":{"self":[{"href":"https:\/\/roveyayinevi.com.tr\/index.php\/wp-json\/wp\/v2\/product\/769355","targetHints":{"allow":["GET"]}}],"collection":[{"href":"https:\/\/roveyayinevi.com.tr\/index.php\/wp-json\/wp\/v2\/product"}],"about":[{"href":"https:\/\/roveyayinevi.com.tr\/index.php\/wp-json\/wp\/v2\/types\/product"}],"wp:attachment":[{"href":"https:\/\/roveyayinevi.com.tr\/index.php\/wp-json\/wp\/v2\/media?parent=769355"}],"wp:term":[{"taxonomy":"product_brand","embeddable":true,"href":"https:\/\/roveyayinevi.com.tr\/index.php\/wp-json\/wp\/v2\/product_brand?post=769355"},{"taxonomy":"product_cat","embeddable":true,"href":"https:\/\/roveyayinevi.com.tr\/index.php\/wp-json\/wp\/v2\/product_cat?post=769355"},{"taxonomy":"product_tag","embeddable":true,"href":"https:\/\/roveyayinevi.com.tr\/index.php\/wp-json\/wp\/v2\/product_tag?post=769355"}],"curies":[{"name":"wp","href":"https:\/\/api.w.org\/{rel}","templated":true}]}}