{"id":769354,"date":"2025-08-28T13:51:02","date_gmt":"2025-08-28T10:51:02","guid":{"rendered":"https:\/\/roveyayinevi.com.tr\/index.php\/urun\/ada-evcil-hayvan-sahiplenmek-istiyor\/"},"modified":"2026-04-15T03:35:40","modified_gmt":"2026-04-15T00:35:40","slug":"ada-evcil-hayvan-sahiplenmek-istiyor","status":"publish","type":"product","link":"https:\/\/roveyayinevi.com.tr\/index.php\/urun\/ada-evcil-hayvan-sahiplenmek-istiyor\/","title":{"rendered":"Ada Evcil Hayvan Sahiplenmek \u0130stiyor"},"content":{"rendered":"<p>Ada, bir evcil hayvan\u0131 olsun istiyor. Oynayabilece\u011fi ve tek ba\u015f\u0131na bakabilece\u011fi sevimli bir hayvan. Ama o kadar \u00e7ok sevimli hayvan var ki! Ada hangisini se\u00e7ece\u011fini bilemiyor. Kedi mi yoksa k\u00f6pek mi? Ku\u015f mu yoksa tav\u015fan m\u0131? Belki de bal\u0131k&#8230; Ada hangi evcil hayvan\u0131 se\u00e7ecek?   Erken \u00e7ocukluk d\u00f6nemindeki \u00e7ocuklar i\u00e7in g\u00fcnl\u00fck ya\u015fama odaklanan, evcil hayvan sahiplenmekle ilgili s\u0131cac\u0131k bir \u00f6yk\u00fc. <\/p>\n","protected":false},"excerpt":{"rendered":"<p>Ada, bir evcil hayvan\u0131 olsun istiyor. Oynayabilece\u011fi ve tek ba\u015f\u0131na bakabilece\u011fi sevimli bir hayvan. Ama o kadar \u00e7ok sevimli hayvan var ki! Ada hangisini se\u00e7ece\u011fini bilemiyor.<span class=\"excerpt-hellip\"> [\u2026]<\/span><\/p>\n","protected":false},"featured_media":0,"template":"","meta":{"_monsterinsights_skip_tracking":false,"_monsterinsights_sitenote_active":false,"_monsterinsights_sitenote_note":"","_monsterinsights_sitenote_category":0},"product_brand":[],"product_cat":[12274,12284],"product_tag":[],"class_list":{"0":"post-769354","1":"product","2":"type-product","3":"status-publish","5":"product_cat-cocuk-ve-genclik-kitaplari","6":"product_cat-hikayeler","7":"pa_cilt-ciltsiz","8":"pa_tur-kitap","9":"pa_yayinevi-dogan-cocuk","10":"pa_yazar-kathleen-amant","12":"first","13":"instock","14":"sale","15":"shipping-taxable","16":"purchasable","17":"product-type-simple"},"_links":{"self":[{"href":"https:\/\/roveyayinevi.com.tr\/index.php\/wp-json\/wp\/v2\/product\/769354","targetHints":{"allow":["GET"]}}],"collection":[{"href":"https:\/\/roveyayinevi.com.tr\/index.php\/wp-json\/wp\/v2\/product"}],"about":[{"href":"https:\/\/roveyayinevi.com.tr\/index.php\/wp-json\/wp\/v2\/types\/product"}],"wp:attachment":[{"href":"https:\/\/roveyayinevi.com.tr\/index.php\/wp-json\/wp\/v2\/media?parent=769354"}],"wp:term":[{"taxonomy":"product_brand","embeddable":true,"href":"https:\/\/roveyayinevi.com.tr\/index.php\/wp-json\/wp\/v2\/product_brand?post=769354"},{"taxonomy":"product_cat","embeddable":true,"href":"https:\/\/roveyayinevi.com.tr\/index.php\/wp-json\/wp\/v2\/product_cat?post=769354"},{"taxonomy":"product_tag","embeddable":true,"href":"https:\/\/roveyayinevi.com.tr\/index.php\/wp-json\/wp\/v2\/product_tag?post=769354"}],"curies":[{"name":"wp","href":"https:\/\/api.w.org\/{rel}","templated":true}]}}