{"id":769352,"date":"2025-08-28T13:50:57","date_gmt":"2025-08-28T10:50:57","guid":{"rendered":"https:\/\/roveyayinevi.com.tr\/index.php\/urun\/ada-hasta-oldu\/"},"modified":"2026-04-15T03:35:40","modified_gmt":"2026-04-15T00:35:40","slug":"ada-hasta-oldu","status":"publish","type":"product","link":"https:\/\/roveyayinevi.com.tr\/index.php\/urun\/ada-hasta-oldu\/","title":{"rendered":"Ada Hasta Oldu"},"content":{"rendered":"<p>Ada kendini iyi hissetmiyor. Ba\u015f\u0131 ve karn\u0131 a\u011fr\u0131yor. Ate\u015fi de var. Ada, annesiyle birlikte doktora gidiyor. Doktor onu muayene ediyor. Karn\u0131nda ve kollar\u0131nda k\u0131rm\u0131z\u0131 lekeler var. Ada su\u00e7i\u00e7e\u011fi olmu\u015f! Neyse ki doktor, Ada\u2019ya k\u0131sa s\u00fcrede iyile\u015fece\u011fini s\u00f6yl\u00fcyor.   Erken \u00e7ocukluk d\u00f6nemindeki \u00e7ocuklar i\u00e7in hasta olmak ve doktora gitmekle ilgili i\u00e7 rahatlat\u0131c\u0131 bir \u00f6yk\u00fc. <\/p>\n","protected":false},"excerpt":{"rendered":"<p>Ada kendini iyi hissetmiyor. Ba\u015f\u0131 ve karn\u0131 a\u011fr\u0131yor. Ate\u015fi de var. Ada, annesiyle birlikte doktora gidiyor. Doktor onu muayene ediyor. Karn\u0131nda ve kollar\u0131nda k\u0131rm\u0131z\u0131 lekeler var.<span class=\"excerpt-hellip\"> [\u2026]<\/span><\/p>\n","protected":false},"featured_media":0,"template":"","meta":{"_monsterinsights_skip_tracking":false,"_monsterinsights_sitenote_active":false,"_monsterinsights_sitenote_note":"","_monsterinsights_sitenote_category":0},"product_brand":[],"product_cat":[12274,12284],"product_tag":[],"class_list":{"0":"post-769352","1":"product","2":"type-product","3":"status-publish","5":"product_cat-cocuk-ve-genclik-kitaplari","6":"product_cat-hikayeler","7":"pa_cilt-ciltsiz","8":"pa_tur-kitap","9":"pa_yayinevi-dogan-cocuk","10":"pa_yazar-kathleen-amant","12":"first","13":"instock","14":"sale","15":"shipping-taxable","16":"purchasable","17":"product-type-simple"},"_links":{"self":[{"href":"https:\/\/roveyayinevi.com.tr\/index.php\/wp-json\/wp\/v2\/product\/769352","targetHints":{"allow":["GET"]}}],"collection":[{"href":"https:\/\/roveyayinevi.com.tr\/index.php\/wp-json\/wp\/v2\/product"}],"about":[{"href":"https:\/\/roveyayinevi.com.tr\/index.php\/wp-json\/wp\/v2\/types\/product"}],"wp:attachment":[{"href":"https:\/\/roveyayinevi.com.tr\/index.php\/wp-json\/wp\/v2\/media?parent=769352"}],"wp:term":[{"taxonomy":"product_brand","embeddable":true,"href":"https:\/\/roveyayinevi.com.tr\/index.php\/wp-json\/wp\/v2\/product_brand?post=769352"},{"taxonomy":"product_cat","embeddable":true,"href":"https:\/\/roveyayinevi.com.tr\/index.php\/wp-json\/wp\/v2\/product_cat?post=769352"},{"taxonomy":"product_tag","embeddable":true,"href":"https:\/\/roveyayinevi.com.tr\/index.php\/wp-json\/wp\/v2\/product_tag?post=769352"}],"curies":[{"name":"wp","href":"https:\/\/api.w.org\/{rel}","templated":true}]}}