{"id":769351,"date":"2025-08-28T13:50:55","date_gmt":"2025-08-28T10:50:55","guid":{"rendered":"https:\/\/roveyayinevi.com.tr\/index.php\/urun\/adanin-uyku-saati\/"},"modified":"2026-04-15T03:35:40","modified_gmt":"2026-04-15T00:35:40","slug":"adanin-uyku-saati","status":"publish","type":"product","link":"https:\/\/roveyayinevi.com.tr\/index.php\/urun\/adanin-uyku-saati\/","title":{"rendered":"Ada\u2019n\u0131n Uyku Saati"},"content":{"rendered":"<p>Ada esniyor. Amma da yorulmu\u015f! Art\u0131k uyku zaman\u0131. Ama \u00f6ncesinde Ada\u2019n\u0131n yapmas\u0131 gereken \u00e7oook i\u015f var. Pijamalar\u0131n\u0131 giyecek, di\u015flerini f\u0131r\u00e7alayacak ve h\u0131zl\u0131ca tuvalete girecek. Ama bir dakika! Ada hemen nereye kayboldu \u00f6yle? Yata\u011f\u0131nda da yok\u2026   Erken \u00e7ocukluk d\u00f6nemindeki \u00e7ocuklar i\u00e7in uykuya dalmak ve hemen \u00f6ncesinde ya\u015fanan ufak aksakl\u0131klar hakk\u0131nda tan\u0131d\u0131k bir \u00f6yk\u00fc. <\/p>\n","protected":false},"excerpt":{"rendered":"<p>Ada esniyor. Amma da yorulmu\u015f! Art\u0131k uyku zaman\u0131. Ama \u00f6ncesinde Ada\u2019n\u0131n yapmas\u0131 gereken \u00e7oook i\u015f var. Pijamalar\u0131n\u0131 giyecek, di\u015flerini f\u0131r\u00e7alayacak ve h\u0131zl\u0131ca tuvalete girecek. Ama bir<span class=\"excerpt-hellip\"> [\u2026]<\/span><\/p>\n","protected":false},"featured_media":0,"template":"","meta":{"_monsterinsights_skip_tracking":false,"_monsterinsights_sitenote_active":false,"_monsterinsights_sitenote_note":"","_monsterinsights_sitenote_category":0},"product_brand":[],"product_cat":[12274,12284],"product_tag":[],"class_list":{"0":"post-769351","1":"product","2":"type-product","3":"status-publish","5":"product_cat-cocuk-ve-genclik-kitaplari","6":"product_cat-hikayeler","7":"pa_cilt-ciltsiz","8":"pa_tur-kitap","9":"pa_yayinevi-dogan-cocuk","10":"pa_yazar-kathleen-amant","12":"first","13":"instock","14":"sale","15":"shipping-taxable","16":"purchasable","17":"product-type-simple"},"_links":{"self":[{"href":"https:\/\/roveyayinevi.com.tr\/index.php\/wp-json\/wp\/v2\/product\/769351","targetHints":{"allow":["GET"]}}],"collection":[{"href":"https:\/\/roveyayinevi.com.tr\/index.php\/wp-json\/wp\/v2\/product"}],"about":[{"href":"https:\/\/roveyayinevi.com.tr\/index.php\/wp-json\/wp\/v2\/types\/product"}],"wp:attachment":[{"href":"https:\/\/roveyayinevi.com.tr\/index.php\/wp-json\/wp\/v2\/media?parent=769351"}],"wp:term":[{"taxonomy":"product_brand","embeddable":true,"href":"https:\/\/roveyayinevi.com.tr\/index.php\/wp-json\/wp\/v2\/product_brand?post=769351"},{"taxonomy":"product_cat","embeddable":true,"href":"https:\/\/roveyayinevi.com.tr\/index.php\/wp-json\/wp\/v2\/product_cat?post=769351"},{"taxonomy":"product_tag","embeddable":true,"href":"https:\/\/roveyayinevi.com.tr\/index.php\/wp-json\/wp\/v2\/product_tag?post=769351"}],"curies":[{"name":"wp","href":"https:\/\/api.w.org\/{rel}","templated":true}]}}