{"id":769350,"date":"2025-08-28T13:50:53","date_gmt":"2025-08-28T10:50:53","guid":{"rendered":"https:\/\/roveyayinevi.com.tr\/index.php\/urun\/allahtan-istemek\/"},"modified":"2026-04-15T03:35:40","modified_gmt":"2026-04-15T00:35:40","slug":"allahtan-istemek","status":"publish","type":"product","link":"https:\/\/roveyayinevi.com.tr\/index.php\/urun\/allahtan-istemek\/","title":{"rendered":"Allah&#8217;tan \u0130stemek"},"content":{"rendered":"<p>Esma-\u00fcl H\u00fcsna g\u00fcc\u00fc ile dileklere yolculuk. EM\u0130N OLANLAR, SADECE ALLAH\u2019TAN \u0130STEM\u0130\u015e OLANLARDIR. \u201cAllah\u2019\u0131m senin ad\u0131nla, senin huzuruna geldim. Dile\u011fim i\u00e7in, yolumu a\u00e7acak Sensin. Sonsuz kudretine inand\u0131m. AM\u0130N\u2019\u2019 \u015eimdi her \u015feye s\u0131rt\u0131n\u0131 d\u00f6n, sadece Allah\u2019a \u201cO\u2019nun kendi en gu\u0308zel adlar\u0131\u201d ile yalvar ki dile\u011fine ac\u0131lacak o kap\u0131lardan ge\u00e7ebilesin&#8230;   Bu kitapta, senin icin ESMA\u2019lar\u0131n gizemlerini, s\u0131rlar\u0131n\u0131, etkilerini, s\u0131ra d\u0131\u015f\u0131 uygulama, ritu\u0308el ve t\u0131ls\u0131mlar\u0131n\u0131 toplad\u0131k. Senin bu hayat yolculu\u011funda, en bu\u0308yu\u0308k destek\u00e7in olsun kitab\u0131m\u0131z \u0130n\u015fa\u2019ALLAH. <\/p>\n","protected":false},"excerpt":{"rendered":"<p>Esma-\u00fcl H\u00fcsna g\u00fcc\u00fc ile dileklere yolculuk. EM\u0130N OLANLAR, SADECE ALLAH\u2019TAN \u0130STEM\u0130\u015e OLANLARDIR. \u201cAllah\u2019\u0131m senin ad\u0131nla, senin huzuruna geldim. Dile\u011fim i\u00e7in, yolumu a\u00e7acak Sensin. Sonsuz kudretine inand\u0131m.<span class=\"excerpt-hellip\"> [\u2026]<\/span><\/p>\n","protected":false},"featured_media":0,"template":"","meta":{"_monsterinsights_skip_tracking":false,"_monsterinsights_sitenote_active":false,"_monsterinsights_sitenote_note":"","_monsterinsights_sitenote_category":0},"product_brand":[],"product_cat":[12364,12376],"product_tag":[],"class_list":{"0":"post-769350","1":"product","2":"type-product","3":"status-publish","5":"product_cat-genel-konular","6":"product_cat-kisisel-gelisim","7":"pa_cilt-ciltsiz","8":"pa_tur-kitap","9":"pa_yayinevi-feniks-yayinlari","10":"pa_yazar-tugce-isinsu","12":"first","13":"instock","14":"sale","15":"shipping-taxable","16":"purchasable","17":"product-type-simple"},"_links":{"self":[{"href":"https:\/\/roveyayinevi.com.tr\/index.php\/wp-json\/wp\/v2\/product\/769350","targetHints":{"allow":["GET"]}}],"collection":[{"href":"https:\/\/roveyayinevi.com.tr\/index.php\/wp-json\/wp\/v2\/product"}],"about":[{"href":"https:\/\/roveyayinevi.com.tr\/index.php\/wp-json\/wp\/v2\/types\/product"}],"wp:attachment":[{"href":"https:\/\/roveyayinevi.com.tr\/index.php\/wp-json\/wp\/v2\/media?parent=769350"}],"wp:term":[{"taxonomy":"product_brand","embeddable":true,"href":"https:\/\/roveyayinevi.com.tr\/index.php\/wp-json\/wp\/v2\/product_brand?post=769350"},{"taxonomy":"product_cat","embeddable":true,"href":"https:\/\/roveyayinevi.com.tr\/index.php\/wp-json\/wp\/v2\/product_cat?post=769350"},{"taxonomy":"product_tag","embeddable":true,"href":"https:\/\/roveyayinevi.com.tr\/index.php\/wp-json\/wp\/v2\/product_tag?post=769350"}],"curies":[{"name":"wp","href":"https:\/\/api.w.org\/{rel}","templated":true}]}}