{"id":769349,"date":"2025-08-28T13:50:51","date_gmt":"2025-08-28T10:50:51","guid":{"rendered":"https:\/\/roveyayinevi.com.tr\/index.php\/urun\/ada-kuaforde\/"},"modified":"2026-04-15T03:35:40","modified_gmt":"2026-04-15T00:35:40","slug":"ada-kuaforde","status":"publish","type":"product","link":"https:\/\/roveyayinevi.com.tr\/index.php\/urun\/ada-kuaforde\/","title":{"rendered":"Ada Kuaf\u00f6rde"},"content":{"rendered":"<p>Bug\u00fcn Ada babas\u0131yla kuaf\u00f6re gidiyor. Ada\u2019n\u0131n sa\u00e7\u0131n\u0131n kesilmesi laz\u0131m. Kuaf\u00f6rde biraz bekledikten sonra s\u0131ra Ada\u2019ya geliyor. Ada \u00f6nl\u00fck giyiyor. Sa\u00e7\u0131 y\u0131kan\u0131p durulan\u0131yor. Sonra da bir sa\u00e7 modeli se\u00e7iyor.   Erken \u00e7ocukluk d\u00f6nemindeki \u00e7ocuklar i\u00e7in kuaf\u00f6re gitme deneyimine haz\u0131rlayan i\u00e7 rahatlat\u0131c\u0131 bir \u00f6yk\u00fc. <\/p>\n","protected":false},"excerpt":{"rendered":"<p>Bug\u00fcn Ada babas\u0131yla kuaf\u00f6re gidiyor. Ada\u2019n\u0131n sa\u00e7\u0131n\u0131n kesilmesi laz\u0131m. Kuaf\u00f6rde biraz bekledikten sonra s\u0131ra Ada\u2019ya geliyor. Ada \u00f6nl\u00fck giyiyor. Sa\u00e7\u0131 y\u0131kan\u0131p durulan\u0131yor. Sonra da bir sa\u00e7<span class=\"excerpt-hellip\"> [\u2026]<\/span><\/p>\n","protected":false},"featured_media":0,"template":"","meta":{"_monsterinsights_skip_tracking":false,"_monsterinsights_sitenote_active":false,"_monsterinsights_sitenote_note":"","_monsterinsights_sitenote_category":0},"product_brand":[],"product_cat":[12274,12284],"product_tag":[],"class_list":{"0":"post-769349","1":"product","2":"type-product","3":"status-publish","5":"product_cat-cocuk-ve-genclik-kitaplari","6":"product_cat-hikayeler","7":"pa_cilt-ciltsiz","8":"pa_tur-kitap","9":"pa_yayinevi-dogan-cocuk","10":"pa_yazar-kathleen-amant","12":"first","13":"instock","14":"sale","15":"shipping-taxable","16":"purchasable","17":"product-type-simple"},"_links":{"self":[{"href":"https:\/\/roveyayinevi.com.tr\/index.php\/wp-json\/wp\/v2\/product\/769349","targetHints":{"allow":["GET"]}}],"collection":[{"href":"https:\/\/roveyayinevi.com.tr\/index.php\/wp-json\/wp\/v2\/product"}],"about":[{"href":"https:\/\/roveyayinevi.com.tr\/index.php\/wp-json\/wp\/v2\/types\/product"}],"wp:attachment":[{"href":"https:\/\/roveyayinevi.com.tr\/index.php\/wp-json\/wp\/v2\/media?parent=769349"}],"wp:term":[{"taxonomy":"product_brand","embeddable":true,"href":"https:\/\/roveyayinevi.com.tr\/index.php\/wp-json\/wp\/v2\/product_brand?post=769349"},{"taxonomy":"product_cat","embeddable":true,"href":"https:\/\/roveyayinevi.com.tr\/index.php\/wp-json\/wp\/v2\/product_cat?post=769349"},{"taxonomy":"product_tag","embeddable":true,"href":"https:\/\/roveyayinevi.com.tr\/index.php\/wp-json\/wp\/v2\/product_tag?post=769349"}],"curies":[{"name":"wp","href":"https:\/\/api.w.org\/{rel}","templated":true}]}}