{"id":769346,"date":"2025-08-28T13:50:45","date_gmt":"2025-08-28T10:50:45","guid":{"rendered":"https:\/\/roveyayinevi.com.tr\/index.php\/urun\/dadanik-halay-ekibi\/"},"modified":"2026-04-15T03:35:40","modified_gmt":"2026-04-15T00:35:40","slug":"dadanik-halay-ekibi","status":"publish","type":"product","link":"https:\/\/roveyayinevi.com.tr\/index.php\/urun\/dadanik-halay-ekibi\/","title":{"rendered":"Dadan\u0131k Halay Ekibi"},"content":{"rendered":"<p>Dadan\u0131k\u2019\u0131 tan\u0131yoruz. S\u0131n\u0131ftan, mahalleden, akrabalardan&#8230; Kendi kendini b\u00fcy\u00fcten, fark edilmek i\u00e7in \u00e7abalayan, sab\u0131rs\u0131z, arkada\u015flar\u0131 onu sevsin diye k\u0131rk takla atan \u00e7ocuklardan sadece biri. An\u0131l Bas\u0131l\u0131, Dadan\u0131k\u2019\u0131n yeni maceras\u0131yla, \u201cEn g\u00fczel manzaralar hep \u00e7ocuk kenar\u0131nda,\u201d diye f\u0131s\u0131ldamaya devam ediyor. \u00c7\u00fcnk\u00fc as\u0131l hik\u00e2ye, onlar\u0131n seviyesine \u00e7\u0131kabildi\u011finizde ba\u015fl\u0131yor. E\u011flence mi? \u0130\u015fte o da, Berna D\u00f6rtp\u0131nar\u2019\u0131n boyalar\u0131ndan d\u00f6k\u00fcl\u00fcyor: S\u0131ms\u0131cak, i\u00e7ten ve bol kahkahal\u0131&#8230;<\/p>\n","protected":false},"excerpt":{"rendered":"<p>Dadan\u0131k\u2019\u0131 tan\u0131yoruz. S\u0131n\u0131ftan, mahalleden, akrabalardan&#8230; Kendi kendini b\u00fcy\u00fcten, fark edilmek i\u00e7in \u00e7abalayan, sab\u0131rs\u0131z, arkada\u015flar\u0131 onu sevsin diye k\u0131rk takla atan \u00e7ocuklardan sadece biri. An\u0131l Bas\u0131l\u0131, Dadan\u0131k\u2019\u0131n<span class=\"excerpt-hellip\"> [\u2026]<\/span><\/p>\n","protected":false},"featured_media":0,"template":"","meta":{"_monsterinsights_skip_tracking":false,"_monsterinsights_sitenote_active":false,"_monsterinsights_sitenote_note":"","_monsterinsights_sitenote_category":0},"product_brand":[],"product_cat":[12274,12284],"product_tag":[],"class_list":{"0":"post-769346","1":"product","2":"type-product","3":"status-publish","5":"product_cat-cocuk-ve-genclik-kitaplari","6":"product_cat-hikayeler","7":"pa_cilt-ciltsiz","8":"pa_tur-kitap","9":"pa_yayinevi-dogan-cocuk","10":"pa_yazar-anil-basili","12":"first","13":"instock","14":"sale","15":"shipping-taxable","16":"purchasable","17":"product-type-simple"},"_links":{"self":[{"href":"https:\/\/roveyayinevi.com.tr\/index.php\/wp-json\/wp\/v2\/product\/769346","targetHints":{"allow":["GET"]}}],"collection":[{"href":"https:\/\/roveyayinevi.com.tr\/index.php\/wp-json\/wp\/v2\/product"}],"about":[{"href":"https:\/\/roveyayinevi.com.tr\/index.php\/wp-json\/wp\/v2\/types\/product"}],"wp:attachment":[{"href":"https:\/\/roveyayinevi.com.tr\/index.php\/wp-json\/wp\/v2\/media?parent=769346"}],"wp:term":[{"taxonomy":"product_brand","embeddable":true,"href":"https:\/\/roveyayinevi.com.tr\/index.php\/wp-json\/wp\/v2\/product_brand?post=769346"},{"taxonomy":"product_cat","embeddable":true,"href":"https:\/\/roveyayinevi.com.tr\/index.php\/wp-json\/wp\/v2\/product_cat?post=769346"},{"taxonomy":"product_tag","embeddable":true,"href":"https:\/\/roveyayinevi.com.tr\/index.php\/wp-json\/wp\/v2\/product_tag?post=769346"}],"curies":[{"name":"wp","href":"https:\/\/api.w.org\/{rel}","templated":true}]}}