{"id":769344,"date":"2025-08-28T13:50:39","date_gmt":"2025-08-28T10:50:39","guid":{"rendered":"https:\/\/roveyayinevi.com.tr\/index.php\/urun\/joker-tek-kisilik-operasyon-2\/"},"modified":"2026-04-15T03:35:40","modified_gmt":"2026-04-15T00:35:40","slug":"joker-tek-kisilik-operasyon-2","status":"publish","type":"product","link":"https:\/\/roveyayinevi.com.tr\/index.php\/urun\/joker-tek-kisilik-operasyon-2\/","title":{"rendered":"Joker \u2013 Tek Ki\u015filik Operasyon 2"},"content":{"rendered":"<p>Adaletin simgesi Batman ve onun  efsanevi d\u00fc\u015fman\u0131 Joker\u2026 Gotham  City\u2019nin sahnesinde her zaman kap\u0131\u015fan bu ikili,  bir g\u00fcn b\u00fcy\u00fck bir s\u00fcrprizle kar\u015f\u0131 kar\u015f\u0131ya kal\u0131r:  Batman bir bebek olur! Batman\u2019i b\u00fcy\u00fctmeye karar veren Joker, tek ki\u015filik operasyonu s\u0131ras\u0131nda hi\u00e7 beklemedi\u011fi durumlarla y\u00fczle\u015fecektir. Bebek Bruce ile ilgilenen gizemli bir hizmetk\u00e2r ise Joker\u2019in k\u00fc\u00e7\u00fck ailesi i\u00e7in yeni sorunlar do\u011furacakt\u0131r. \u00c7ocuk b\u00fcy\u00fctmenin zorluklar\u0131yla cebelle\u015fen s\u00fcper k\u00f6t\u00fc Joker ve Bebek Bruce, bu kahkaha dolu serinin ikinci cildinde kar\u015f\u0131n\u0131zda!  <\/p>\n","protected":false},"excerpt":{"rendered":"<p>Adaletin simgesi Batman ve onun efsanevi d\u00fc\u015fman\u0131 Joker\u2026 Gotham City\u2019nin sahnesinde her zaman kap\u0131\u015fan bu ikili, bir g\u00fcn b\u00fcy\u00fck bir s\u00fcrprizle kar\u015f\u0131 kar\u015f\u0131ya kal\u0131r: Batman bir<span class=\"excerpt-hellip\"> [\u2026]<\/span><\/p>\n","protected":false},"featured_media":0,"template":"","meta":{"_monsterinsights_skip_tracking":false,"_monsterinsights_sitenote_active":false,"_monsterinsights_sitenote_note":"","_monsterinsights_sitenote_category":0},"product_brand":[],"product_cat":[12416,12291],"product_tag":[],"class_list":{"0":"post-769344","1":"product","2":"type-product","3":"status-publish","5":"product_cat-cizgi-roman","6":"product_cat-edebiyat","7":"pa_cilt-ciltsiz","8":"pa_tur-kitap","9":"pa_yayinevi-athica-yayinlari","10":"pa_yazar-satoshi-miyagawa","12":"first","13":"instock","14":"sale","15":"shipping-taxable","16":"purchasable","17":"product-type-simple"},"_links":{"self":[{"href":"https:\/\/roveyayinevi.com.tr\/index.php\/wp-json\/wp\/v2\/product\/769344","targetHints":{"allow":["GET"]}}],"collection":[{"href":"https:\/\/roveyayinevi.com.tr\/index.php\/wp-json\/wp\/v2\/product"}],"about":[{"href":"https:\/\/roveyayinevi.com.tr\/index.php\/wp-json\/wp\/v2\/types\/product"}],"wp:attachment":[{"href":"https:\/\/roveyayinevi.com.tr\/index.php\/wp-json\/wp\/v2\/media?parent=769344"}],"wp:term":[{"taxonomy":"product_brand","embeddable":true,"href":"https:\/\/roveyayinevi.com.tr\/index.php\/wp-json\/wp\/v2\/product_brand?post=769344"},{"taxonomy":"product_cat","embeddable":true,"href":"https:\/\/roveyayinevi.com.tr\/index.php\/wp-json\/wp\/v2\/product_cat?post=769344"},{"taxonomy":"product_tag","embeddable":true,"href":"https:\/\/roveyayinevi.com.tr\/index.php\/wp-json\/wp\/v2\/product_tag?post=769344"}],"curies":[{"name":"wp","href":"https:\/\/api.w.org\/{rel}","templated":true}]}}