{"id":769343,"date":"2025-08-28T13:50:36","date_gmt":"2025-08-28T10:50:36","guid":{"rendered":"https:\/\/roveyayinevi.com.tr\/index.php\/urun\/mr-barclay-2\/"},"modified":"2025-10-29T11:11:25","modified_gmt":"2025-10-29T08:11:25","slug":"mr-barclay-2","status":"publish","type":"product","link":"https:\/\/roveyayinevi.com.tr\/index.php\/urun\/mr-barclay-2\/","title":{"rendered":"Mr. Barclay-2"},"content":{"rendered":"<p>Daiki, Bilge Kurba\u011fa Mr. Barclay\u2019nin zorbalar\u0131 a\u011faca \u00e7evirme teklifini kabul eder. Bu i\u015fbirli\u011finin y\u00fck\u00fcn\u00fcn bilincinde olan Mr. Barclay, Daiki\u2019ye yol arkada\u015flar\u0131 bulur. Bir insan ve bir b\u00fcy\u00fcc\u00fc kurba\u011fa aras\u0131ndaki bu yasakl\u0131 anla\u015fman\u0131n sonu\u00e7lar\u0131, yer ve zaman gibi kavramlar\u0131 alt\u00fcst etmek \u00fczeredir. Ayn\u0131 anda hem firari hem de avc\u0131 olan Mr. Barclay ve arkada\u015flar\u0131 her an av olabilirler!   Kalayc\u0131 Rumbaduk\u2019un evine s\u0131\u011f\u0131nan Mr. Barclay ve ekibi, bu konaklaman\u0131n bir bedeli olaca\u011f\u0131n\u0131 \u00e7oktan hissetmi\u015flerdir&#8230; <\/p>\n","protected":false},"excerpt":{"rendered":"<p>Daiki, Bilge Kurba\u011fa Mr. Barclay\u2019nin zorbalar\u0131 a\u011faca \u00e7evirme teklifini kabul eder. Bu i\u015fbirli\u011finin y\u00fck\u00fcn\u00fcn bilincinde olan Mr. Barclay, Daiki\u2019ye yol arkada\u015flar\u0131 bulur. Bir insan ve bir<span class=\"excerpt-hellip\"> [\u2026]<\/span><\/p>\n","protected":false},"featured_media":0,"template":"","meta":{"_monsterinsights_skip_tracking":false,"_monsterinsights_sitenote_active":false,"_monsterinsights_sitenote_note":"","_monsterinsights_sitenote_category":0},"product_brand":[],"product_cat":[12416,12291],"product_tag":[],"class_list":{"0":"post-769343","1":"product","2":"type-product","3":"status-publish","5":"product_cat-cizgi-roman","6":"product_cat-edebiyat","7":"pa_cilt-ciltsiz","8":"pa_tur-kitap","9":"pa_yayinevi-dex-yayinevi","10":"pa_yazar-bekir-sert","12":"first","13":"instock","14":"sale","15":"shipping-taxable","16":"purchasable","17":"product-type-simple"},"_links":{"self":[{"href":"https:\/\/roveyayinevi.com.tr\/index.php\/wp-json\/wp\/v2\/product\/769343","targetHints":{"allow":["GET"]}}],"collection":[{"href":"https:\/\/roveyayinevi.com.tr\/index.php\/wp-json\/wp\/v2\/product"}],"about":[{"href":"https:\/\/roveyayinevi.com.tr\/index.php\/wp-json\/wp\/v2\/types\/product"}],"wp:attachment":[{"href":"https:\/\/roveyayinevi.com.tr\/index.php\/wp-json\/wp\/v2\/media?parent=769343"}],"wp:term":[{"taxonomy":"product_brand","embeddable":true,"href":"https:\/\/roveyayinevi.com.tr\/index.php\/wp-json\/wp\/v2\/product_brand?post=769343"},{"taxonomy":"product_cat","embeddable":true,"href":"https:\/\/roveyayinevi.com.tr\/index.php\/wp-json\/wp\/v2\/product_cat?post=769343"},{"taxonomy":"product_tag","embeddable":true,"href":"https:\/\/roveyayinevi.com.tr\/index.php\/wp-json\/wp\/v2\/product_tag?post=769343"}],"curies":[{"name":"wp","href":"https:\/\/api.w.org\/{rel}","templated":true}]}}