{"id":769342,"date":"2025-08-28T13:50:33","date_gmt":"2025-08-28T10:50:33","guid":{"rendered":"https:\/\/roveyayinevi.com.tr\/index.php\/urun\/mr-barclay-1\/"},"modified":"2025-10-29T11:11:24","modified_gmt":"2025-10-29T08:11:24","slug":"mr-barclay-1","status":"publish","type":"product","link":"https:\/\/roveyayinevi.com.tr\/index.php\/urun\/mr-barclay-1\/","title":{"rendered":"Mr. Barclay-1"},"content":{"rendered":"<p>Daiki s\u00fcrekli zorbal\u0131\u011fa u\u011frayan, parlak bir ortaokul \u00f6\u011frencisidir. Bilim bursu s\u0131nav\u0131n\u0131n yap\u0131laca\u011f\u0131 g\u00fcn, arkada\u015flar\u0131n\u0131n yapt\u0131\u011f\u0131 bir e\u015fek \u015fakas\u0131, \u00f6nemli bir e\u011fitim f\u0131rsat\u0131n\u0131 ka\u00e7\u0131rmas\u0131na neden olur. \u00dczg\u00fcn bir \u015fekilde eve d\u00f6nerken papyonlu, esrarengiz bir kurba\u011fa ile kar\u015f\u0131la\u015f\u0131r. Bu bilge kurba\u011fa, Daiki\u2019ye zorba sorununu \u00e7\u00f6zmek i\u00e7in olduk\u00e7a s\u0131ra d\u0131\u015f\u0131 bir i\u015fbirli\u011fi teklif eder. <\/p>\n","protected":false},"excerpt":{"rendered":"<p>Daiki s\u00fcrekli zorbal\u0131\u011fa u\u011frayan, parlak bir ortaokul \u00f6\u011frencisidir. Bilim bursu s\u0131nav\u0131n\u0131n yap\u0131laca\u011f\u0131 g\u00fcn, arkada\u015flar\u0131n\u0131n yapt\u0131\u011f\u0131 bir e\u015fek \u015fakas\u0131, \u00f6nemli bir e\u011fitim f\u0131rsat\u0131n\u0131 ka\u00e7\u0131rmas\u0131na neden olur. \u00dczg\u00fcn<span class=\"excerpt-hellip\"> [\u2026]<\/span><\/p>\n","protected":false},"featured_media":0,"template":"","meta":{"_monsterinsights_skip_tracking":false,"_monsterinsights_sitenote_active":false,"_monsterinsights_sitenote_note":"","_monsterinsights_sitenote_category":0},"product_brand":[],"product_cat":[12416,12291],"product_tag":[],"class_list":{"0":"post-769342","1":"product","2":"type-product","3":"status-publish","5":"product_cat-cizgi-roman","6":"product_cat-edebiyat","7":"pa_cilt-ciltsiz","8":"pa_tur-kitap","9":"pa_yayinevi-dex-yayinevi","10":"pa_yazar-bekir-sert","12":"first","13":"instock","14":"sale","15":"shipping-taxable","16":"purchasable","17":"product-type-simple"},"_links":{"self":[{"href":"https:\/\/roveyayinevi.com.tr\/index.php\/wp-json\/wp\/v2\/product\/769342","targetHints":{"allow":["GET"]}}],"collection":[{"href":"https:\/\/roveyayinevi.com.tr\/index.php\/wp-json\/wp\/v2\/product"}],"about":[{"href":"https:\/\/roveyayinevi.com.tr\/index.php\/wp-json\/wp\/v2\/types\/product"}],"wp:attachment":[{"href":"https:\/\/roveyayinevi.com.tr\/index.php\/wp-json\/wp\/v2\/media?parent=769342"}],"wp:term":[{"taxonomy":"product_brand","embeddable":true,"href":"https:\/\/roveyayinevi.com.tr\/index.php\/wp-json\/wp\/v2\/product_brand?post=769342"},{"taxonomy":"product_cat","embeddable":true,"href":"https:\/\/roveyayinevi.com.tr\/index.php\/wp-json\/wp\/v2\/product_cat?post=769342"},{"taxonomy":"product_tag","embeddable":true,"href":"https:\/\/roveyayinevi.com.tr\/index.php\/wp-json\/wp\/v2\/product_tag?post=769342"}],"curies":[{"name":"wp","href":"https:\/\/api.w.org\/{rel}","templated":true}]}}