{"id":769336,"date":"2025-08-28T13:50:19","date_gmt":"2025-08-28T10:50:19","guid":{"rendered":"https:\/\/roveyayinevi.com.tr\/index.php\/urun\/batman-adalet-avcisi-2\/"},"modified":"2026-04-15T03:35:39","modified_gmt":"2026-04-15T00:35:39","slug":"batman-adalet-avcisi-2","status":"publish","type":"product","link":"https:\/\/roveyayinevi.com.tr\/index.php\/urun\/batman-adalet-avcisi-2\/","title":{"rendered":"Batman \u2013 Adalet Avc\u0131s\u0131 2"},"content":{"rendered":"<p>GOTHAM\u2019DAK\u0130 SU\u00c7 A\u011eLARI HIZ KESMEDEN \u00d6R\u00dcLMEY\u0130 S\u00dcRD\u00dcRMEKTED\u0130R. SUPERMAN \u0130LE G\u00d6R\u00dc\u015eT\u00dcKTEN SONRA \u015eEHR\u0130N GELECE\u011e\u0130YLE \u0130LG\u0130L\u0130 DAHA DA \u015e\u00dcPHEYE D\u00dc\u015eEN BATMAN, B\u0130RB\u0130R\u0130 ARDINA GELEN OLAYLARIN BA\u011eLANTILI OLDU\u011eUNU D\u00dc\u015e\u00dcNMEYE BA\u015eLAR. BU SIRADA WAYNE A\u0130LES\u0130N\u0130N C\u0130NAYET\u0130YLE \u0130LG\u0130L\u0130 ORTAYA \u00c7IKANLAR, DEDEKT\u0130F JASON TODD VE DICK GRAYSON  \u0130\u00c7\u0130N YEN\u0130 SORULAR DO\u011eURUR&#8230; GOTHAM\u2019IN SEMALARINDAK\u0130 K\u00d6T\u00dcL\u00dcK DALGASININ ARDINDAN BEKLENMED\u0130K Y\u00dcZLER KEND\u0130LER\u0130N\u0130 G\u00d6STER\u0130R. \u015eEH\u0130RDEK\u0130 YEN\u0130 SU\u00c7LULARIN HEM WAYNE A\u0130LES\u0130, HEM DE GRAYSON\u2019LAR \u0130LE BA\u011eLANTILARININ ORTAYA \u00c7IKMASIYLA SIR PERDES\u0130 ARALANMAYA BA\u015eLAR&#8230;<\/p>\n","protected":false},"excerpt":{"rendered":"<p>GOTHAM\u2019DAK\u0130 SU\u00c7 A\u011eLARI HIZ KESMEDEN \u00d6R\u00dcLMEY\u0130 S\u00dcRD\u00dcRMEKTED\u0130R. SUPERMAN \u0130LE G\u00d6R\u00dc\u015eT\u00dcKTEN SONRA \u015eEHR\u0130N GELECE\u011e\u0130YLE \u0130LG\u0130L\u0130 DAHA DA \u015e\u00dcPHEYE D\u00dc\u015eEN BATMAN, B\u0130RB\u0130R\u0130 ARDINA GELEN OLAYLARIN BA\u011eLANTILI OLDU\u011eUNU D\u00dc\u015e\u00dcNMEYE<span class=\"excerpt-hellip\"> [\u2026]<\/span><\/p>\n","protected":false},"featured_media":0,"template":"","meta":{"_monsterinsights_skip_tracking":false,"_monsterinsights_sitenote_active":false,"_monsterinsights_sitenote_note":"","_monsterinsights_sitenote_category":0},"product_brand":[],"product_cat":[12416,12291],"product_tag":[],"class_list":{"0":"post-769336","1":"product","2":"type-product","3":"status-publish","5":"product_cat-cizgi-roman","6":"product_cat-edebiyat","7":"pa_cilt-ciltsiz","8":"pa_tur-kitap","9":"pa_yayinevi-athica-yayinlari","10":"pa_yazar-eiichi-shimizu","12":"first","13":"instock","14":"sale","15":"shipping-taxable","16":"purchasable","17":"product-type-simple"},"_links":{"self":[{"href":"https:\/\/roveyayinevi.com.tr\/index.php\/wp-json\/wp\/v2\/product\/769336","targetHints":{"allow":["GET"]}}],"collection":[{"href":"https:\/\/roveyayinevi.com.tr\/index.php\/wp-json\/wp\/v2\/product"}],"about":[{"href":"https:\/\/roveyayinevi.com.tr\/index.php\/wp-json\/wp\/v2\/types\/product"}],"wp:attachment":[{"href":"https:\/\/roveyayinevi.com.tr\/index.php\/wp-json\/wp\/v2\/media?parent=769336"}],"wp:term":[{"taxonomy":"product_brand","embeddable":true,"href":"https:\/\/roveyayinevi.com.tr\/index.php\/wp-json\/wp\/v2\/product_brand?post=769336"},{"taxonomy":"product_cat","embeddable":true,"href":"https:\/\/roveyayinevi.com.tr\/index.php\/wp-json\/wp\/v2\/product_cat?post=769336"},{"taxonomy":"product_tag","embeddable":true,"href":"https:\/\/roveyayinevi.com.tr\/index.php\/wp-json\/wp\/v2\/product_tag?post=769336"}],"curies":[{"name":"wp","href":"https:\/\/api.w.org\/{rel}","templated":true}]}}