{"id":769332,"date":"2025-08-28T13:50:09","date_gmt":"2025-08-28T10:50:09","guid":{"rendered":"https:\/\/roveyayinevi.com.tr\/index.php\/urun\/joker-tek-kisilik-operasyon-1\/"},"modified":"2026-04-15T03:35:39","modified_gmt":"2026-04-15T00:35:39","slug":"joker-tek-kisilik-operasyon-1","status":"publish","type":"product","link":"https:\/\/roveyayinevi.com.tr\/index.php\/urun\/joker-tek-kisilik-operasyon-1\/","title":{"rendered":"Joker \u2013 Tek Ki\u015filik Operasyon 1"},"content":{"rendered":"<p>Adaletin simgesi Batman ve onun efsanevi d\u00fc\u015fman\u0131 Joker\u2026  Gotham City\u2019nin sahnesinde her zaman kap\u0131\u015fan bu ikili, bir g\u00fcn b\u00fcy\u00fck  bir s\u00fcrprizle kar\u015f\u0131 kar\u015f\u0131ya kal\u0131r: Batman bir bebek olur!  Joker, k\u00f6t\u00fcl\u00fc\u011f\u00fc kan\u0131tlamak i\u00e7in adaletin temellerini \u00f6\u011frenmenin \u015fart  oldu\u011funa karar verir ve bebek Batman\u2019i bir s\u00fcper kahraman  olarak yeti\u015ftirme g\u00f6revini \u00fcstlenir\u2026 Bir k\u00f6t\u00fc adam\u0131n kahkahalara  bo\u011facak bebek bak\u0131c\u0131l\u0131\u011f\u0131 maceras\u0131 ba\u015fl\u0131yor! <\/p>\n","protected":false},"excerpt":{"rendered":"<p>Adaletin simgesi Batman ve onun efsanevi d\u00fc\u015fman\u0131 Joker\u2026 Gotham City\u2019nin sahnesinde her zaman kap\u0131\u015fan bu ikili, bir g\u00fcn b\u00fcy\u00fck bir s\u00fcrprizle kar\u015f\u0131 kar\u015f\u0131ya kal\u0131r: Batman bir<span class=\"excerpt-hellip\"> [\u2026]<\/span><\/p>\n","protected":false},"featured_media":0,"template":"","meta":{"_monsterinsights_skip_tracking":false,"_monsterinsights_sitenote_active":false,"_monsterinsights_sitenote_note":"","_monsterinsights_sitenote_category":0},"product_brand":[],"product_cat":[12416,12291],"product_tag":[],"class_list":{"0":"post-769332","1":"product","2":"type-product","3":"status-publish","5":"product_cat-cizgi-roman","6":"product_cat-edebiyat","7":"pa_cilt-ciltsiz","8":"pa_tur-kitap","9":"pa_yayinevi-athica-yayinlari","10":"pa_yazar-satoshi-miyagawa","12":"first","13":"instock","14":"sale","15":"shipping-taxable","16":"purchasable","17":"product-type-simple"},"_links":{"self":[{"href":"https:\/\/roveyayinevi.com.tr\/index.php\/wp-json\/wp\/v2\/product\/769332","targetHints":{"allow":["GET"]}}],"collection":[{"href":"https:\/\/roveyayinevi.com.tr\/index.php\/wp-json\/wp\/v2\/product"}],"about":[{"href":"https:\/\/roveyayinevi.com.tr\/index.php\/wp-json\/wp\/v2\/types\/product"}],"wp:attachment":[{"href":"https:\/\/roveyayinevi.com.tr\/index.php\/wp-json\/wp\/v2\/media?parent=769332"}],"wp:term":[{"taxonomy":"product_brand","embeddable":true,"href":"https:\/\/roveyayinevi.com.tr\/index.php\/wp-json\/wp\/v2\/product_brand?post=769332"},{"taxonomy":"product_cat","embeddable":true,"href":"https:\/\/roveyayinevi.com.tr\/index.php\/wp-json\/wp\/v2\/product_cat?post=769332"},{"taxonomy":"product_tag","embeddable":true,"href":"https:\/\/roveyayinevi.com.tr\/index.php\/wp-json\/wp\/v2\/product_tag?post=769332"}],"curies":[{"name":"wp","href":"https:\/\/api.w.org\/{rel}","templated":true}]}}