{"id":769331,"date":"2025-08-28T13:50:07","date_gmt":"2025-08-28T10:50:07","guid":{"rendered":"https:\/\/roveyayinevi.com.tr\/index.php\/urun\/parthenon-uzerine\/"},"modified":"2026-03-12T03:32:34","modified_gmt":"2026-03-12T00:32:34","slug":"parthenon-uzerine","status":"publish","type":"product","link":"https:\/\/roveyayinevi.com.tr\/index.php\/urun\/parthenon-uzerine\/","title":{"rendered":"Parthenon \u00dczerine"},"content":{"rendered":"<p>Atina\u2019daki Parthenon\u2019u s\u00fcsleyen d\u00fcnyaca \u00fcnl\u00fc heykel frizleri, Klasik Yunan sanat\u0131n\u0131n geli\u015fimindeki en y\u00fcksek noktay\u0131 temsil eder. Bunlar\u0131n, o d\u00f6nemin insanlar\u0131 taraf\u0131ndan nas\u0131l anla\u015f\u0131ld\u0131\u011f\u0131 ise daha az bilinmektedir. \u0130ngiltere\u2019nin en se\u00e7kin Antik Yunan sanat\u0131 tarih\u00e7isi John Boardman, Parthenon\u2019un ve heykellerinin milattan \u00f6nce be\u015finci y\u00fczy\u0131l\u0131n Atinal\u0131 yurtta\u015flar\u0131 i\u00e7in ne anlama geldi\u011fini canl\u0131 bir anlat\u0131mla okuyucuya sunuyor. <\/p>\n","protected":false},"excerpt":{"rendered":"<p>Atina\u2019daki Parthenon\u2019u s\u00fcsleyen d\u00fcnyaca \u00fcnl\u00fc heykel frizleri, Klasik Yunan sanat\u0131n\u0131n geli\u015fimindeki en y\u00fcksek noktay\u0131 temsil eder. Bunlar\u0131n, o d\u00f6nemin insanlar\u0131 taraf\u0131ndan nas\u0131l anla\u015f\u0131ld\u0131\u011f\u0131 ise daha az<span class=\"excerpt-hellip\"> [\u2026]<\/span><\/p>\n","protected":false},"featured_media":0,"template":"","meta":{"_monsterinsights_skip_tracking":false,"_monsterinsights_sitenote_active":false,"_monsterinsights_sitenote_note":"","_monsterinsights_sitenote_category":0},"product_brand":[],"product_cat":[13548,12408],"product_tag":[],"class_list":{"0":"post-769331","1":"product","2":"type-product","3":"status-publish","5":"product_cat-kuram","6":"product_cat-sanat","7":"pa_cilt-ciltsiz","8":"pa_tur-kitap","9":"pa_yayinevi-hayalperest-yayinlari","10":"pa_yazar-john-boardman","12":"first","13":"instock","14":"sale","15":"shipping-taxable","16":"purchasable","17":"product-type-simple"},"_links":{"self":[{"href":"https:\/\/roveyayinevi.com.tr\/index.php\/wp-json\/wp\/v2\/product\/769331","targetHints":{"allow":["GET"]}}],"collection":[{"href":"https:\/\/roveyayinevi.com.tr\/index.php\/wp-json\/wp\/v2\/product"}],"about":[{"href":"https:\/\/roveyayinevi.com.tr\/index.php\/wp-json\/wp\/v2\/types\/product"}],"wp:attachment":[{"href":"https:\/\/roveyayinevi.com.tr\/index.php\/wp-json\/wp\/v2\/media?parent=769331"}],"wp:term":[{"taxonomy":"product_brand","embeddable":true,"href":"https:\/\/roveyayinevi.com.tr\/index.php\/wp-json\/wp\/v2\/product_brand?post=769331"},{"taxonomy":"product_cat","embeddable":true,"href":"https:\/\/roveyayinevi.com.tr\/index.php\/wp-json\/wp\/v2\/product_cat?post=769331"},{"taxonomy":"product_tag","embeddable":true,"href":"https:\/\/roveyayinevi.com.tr\/index.php\/wp-json\/wp\/v2\/product_tag?post=769331"}],"curies":[{"name":"wp","href":"https:\/\/api.w.org\/{rel}","templated":true}]}}